{"id":4357,"date":"2023-06-16T11:08:00","date_gmt":"2023-06-16T11:08:00","guid":{"rendered":"http:\/\/fda.no\/?page_id=4357"},"modified":"2025-02-10T13:49:24","modified_gmt":"2025-02-10T13:49:24","slug":"fda-as-sine-baerekraftsmal","status":"publish","type":"page","link":"https:\/\/fda.no\/is\/fda-as-sine-baerekraftsmal\/","title":{"rendered":"Sj\u00e1lfb\u00e6rnimarkmi\u00f0 FDA AS"},"content":{"rendered":"\n<p class=\"has-medium-font-size\">Vi skal bidra til et mer b\u00e6rekraftig samfunn og tar derfor ansvar for v\u00e5r milj\u00f8p\u00e5virkning. Vi har etablert et <em>milj\u00f8ledelsessystem <\/em>som styrer klima- og milj\u00f8arbeidet og hjelper oss med kontinuerlig forbedring. Dette inneholder ogs\u00e5 konkrete krav som m\u00e5 oppfylles innen <em>arbeidsmilj\u00f8, avfall\/ombruk, energi, innkj\u00f8p og transport<\/em>. Hvert \u00e5r skal vi innrapportere tall for v\u00e5re aktiviteter som resulterer i et klimaregnskap, samt resultater og statistikk. Denne informasjonen gir god oversikt over framgang og forbedringspotensial, og gj\u00f8res offentlig tilgjengelig.<\/p>\n\n\n\n<p class=\"has-medium-font-size\"><strong>Bedriften har vedtatt f\u00f8lgende policy; <\/strong><\/p>\n\n\n\n<ul class=\"wp-block-list\">\n<li><em>Sikkerheten for milj\u00f8et og bevaring av klimaet er viktig for v\u00e5r bedrift, ansatte, kunder og interessenter. FDA AS har derfor satt i gang en rekke tiltak for \u00e5 redusere v\u00e5r milj\u00f8p\u00e5virkning og bidra til \u00e5 bevare klima, milj\u00f8 og arbeidsmilj\u00f8.<\/em><\/li>\n\n\n\n<li><em>Vi skal ha fokus p\u00e5 HMS i v\u00e5r daglige drift samtidig som vi skal ha et trivelig arbeidsmilj\u00f8. V\u00e5r drift skal v\u00e6re i tr\u00e5d med v\u00e5re etiske retningslinjer (<a href=\"http:\/\/fda.no\/code-of-conduct\/\" target=\"_blank\" rel=\"noopener\" title=\"\">Code of Conduct<\/a>)<\/em><\/li>\n\n\n\n<li><em><\/em><em>Vi vil redusere v\u00e5r energibruk ved \u00e5 investere i energieffektive fart\u00f8y og ved \u00e5 optimalisere v\u00e5r drift\/logistikk for fart\u00f8y<\/em><\/li>\n\n\n\n<li><em>Vi vil redusere v\u00e5r avfallsproduksjon ved \u00e5 implementere gjenvinning\/avfallsortering, og for \u00f8vrig f\u00f8lge v\u00e5r Avfallsplan om bord i tr\u00e5d med <\/em><a href=\"https:\/\/lovdata.no\/static\/LTI\/sf-20161123-1362-06-01.pdf?timestamp=1479995502000\"><em>Marpol vedlegg V<\/em><\/a><em>.<\/em><\/li>\n\n\n\n<li><em>Vi vil redusere v\u00e5rt CO<sup>2<\/sup>\/NO<sub>X<\/sub>-utslipp og andre utslipp ved \u00e5 investere i energieffektive fart\u00f8y med renseteknologi ombord<\/em><\/li>\n\n\n\n<li><em>Vi vil \u00f8ke v\u00e5r b\u00e6rekraft ved \u00e5 kj\u00f8pe og bruke milj\u00f8vennlige produkter\/tjenester n\u00e5r vi kan, og ved \u00e5 velge leverand\u00f8rer som har b\u00e6rekraftsm\u00e5l som er i tr\u00e5d med FDA AS sin policy<\/em><\/li>\n\n\n\n<li><em>Vi informerer v\u00e5re ansatte, kunder og andre interessenter om v\u00e5re milj\u00f8tiltak og v\u00e5r b\u00e6rekraftssrategi<\/em><\/li>\n\n\n\n<li><em><\/em><em>Vi vil fortsette ha en kontinuerlig evaluering som grunnlag for \u00e5 forbedre v\u00e5re milj\u00f8tiltak for i bidra til \u00e5 sikre klima og milj\u00f8<\/em><\/li>\n\n\n\n<li><em>Bedriften forplikter seg til \u00e5 f\u00f8lge v\u00e5r policy, og vi skal ta aktive skritt for \u00e5 redusere v\u00e5r milj\u00f8p\u00e5virkning og bidra til \u00e5 bevare klimaet. Vi oppfordrer ogs\u00e5 v\u00e5re ansatte, kunder, leverand\u00f8rer og samarbeidspartnere til \u00e5 delta i denne innsatsen.<\/em><\/li>\n<\/ul>\n\n\n\n<p class=\"has-medium-font-size\"><strong>Vi har disse m\u00e5lene for milj\u00f8styring iht <a href=\"https:\/\/www.regjeringen.no\/no\/tema\/utenrikssaker\/utviklingssamarbeid\/sdg_oversikt\/id2505654\/\">FNs b\u00e6rekraftsm\u00e5l<\/a>:<\/strong><\/p>\n\n\n\n<div class=\"wp-block-columns is-layout-flex wp-container-core-columns-is-layout-9d6595d7 wp-block-columns-is-layout-flex\">\n<div class=\"wp-block-column is-layout-flow wp-block-column-is-layout-flow\" style=\"flex-basis:100%\">\n<figure class=\"wp-block-table\"><table><tbody><tr><td><strong>FDA AS skal:<\/strong><\/td><td><\/td><\/tr><tr><td>Bidra til at v\u00e5re kunder innenfor oppdrettsn\u00e6ringen produserer sunn og n\u00e6ringsrik sj\u00f8mat (2, 3, 17).<\/td><td><img decoding=\"async\" width=\"50\" height=\"49\" class=\"wp-image-4358\" style=\"width: 50px;\" src=\"http:\/\/fda.no\/wp-content\/uploads\/2023\/06\/2B.png\" alt=\"\" srcset=\"https:\/\/fda.no\/wp-content\/uploads\/2023\/06\/2B.png 171w, https:\/\/fda.no\/wp-content\/uploads\/2023\/06\/2B-150x150.png 150w, https:\/\/fda.no\/wp-content\/uploads\/2023\/06\/2B-12x12.png 12w\" sizes=\"(max-width: 50px) 100vw, 50px\" \/> <img decoding=\"async\" width=\"50\" height=\"51\" class=\"wp-image-4359\" style=\"width: 50px;\" src=\"http:\/\/fda.no\/wp-content\/uploads\/2023\/06\/3B.png\" alt=\"\" srcset=\"https:\/\/fda.no\/wp-content\/uploads\/2023\/06\/3B.png 169w, https:\/\/fda.no\/wp-content\/uploads\/2023\/06\/3B-150x150.png 150w, https:\/\/fda.no\/wp-content\/uploads\/2023\/06\/3B-12x12.png 12w\" sizes=\"(max-width: 50px) 100vw, 50px\" \/> <img decoding=\"async\" width=\"50\" height=\"50\" class=\"wp-image-4360\" style=\"width: 50px;\" src=\"http:\/\/fda.no\/wp-content\/uploads\/2023\/06\/17B.png\" alt=\"\" srcset=\"https:\/\/fda.no\/wp-content\/uploads\/2023\/06\/17B.png 168w, https:\/\/fda.no\/wp-content\/uploads\/2023\/06\/17B-150x150.png 150w, https:\/\/fda.no\/wp-content\/uploads\/2023\/06\/17B-12x12.png 12w\" sizes=\"(max-width: 50px) 100vw, 50px\" \/><\/td><\/tr><tr><td>Ha kontinuerlig fokus p\u00e5 kompetanseutvikling slik at vi m\u00f8ter krav fra kunder og krav fra <br>forvaltning (4)<\/td><td><img loading=\"lazy\" decoding=\"async\" width=\"50\" height=\"51\" class=\"wp-image-4361\" style=\"width: 50px;\" src=\"http:\/\/fda.no\/wp-content\/uploads\/2023\/06\/4B.png\" alt=\"\" srcset=\"https:\/\/fda.no\/wp-content\/uploads\/2023\/06\/4B.png 168w, https:\/\/fda.no\/wp-content\/uploads\/2023\/06\/4B-150x150.png 150w, https:\/\/fda.no\/wp-content\/uploads\/2023\/06\/4B-12x12.png 12w\" sizes=\"(max-width: 50px) 100vw, 50px\" \/><\/td><\/tr><tr><td>Tilby attraktive arbeidsplasser, gode arbeidsforhold, l\u00f8nnsomhet og medvirke til \u00f8konomisk vekst og <br>sysselsetting (ringvirkninger) hos v\u00e5re kunder og i andre n\u00e6ringer lokalt, regionalt og nasjonalt (8)<\/td><td><img loading=\"lazy\" decoding=\"async\" width=\"50\" height=\"51\" class=\"wp-image-4362\" style=\"width: 50px;\" src=\"http:\/\/fda.no\/wp-content\/uploads\/2023\/06\/8B.png\" alt=\"\" srcset=\"https:\/\/fda.no\/wp-content\/uploads\/2023\/06\/8B.png 168w, https:\/\/fda.no\/wp-content\/uploads\/2023\/06\/8B-150x150.png 150w, https:\/\/fda.no\/wp-content\/uploads\/2023\/06\/8B-12x12.png 12w\" sizes=\"(max-width: 50px) 100vw, 50px\" \/><\/td><\/tr><tr><td>Bidra til \u00e5 utvikle ny teknologi og smartere produksjon i havbruk i samarbeid med leverand\u00f8rer <br>og kunder (12)<\/td><td><img loading=\"lazy\" decoding=\"async\" width=\"50\" height=\"51\" class=\"wp-image-4363\" style=\"width: 50px;\" src=\"http:\/\/fda.no\/wp-content\/uploads\/2023\/06\/12B.png\" alt=\"\" srcset=\"https:\/\/fda.no\/wp-content\/uploads\/2023\/06\/12B.png 169w, https:\/\/fda.no\/wp-content\/uploads\/2023\/06\/12B-150x150.png 150w, https:\/\/fda.no\/wp-content\/uploads\/2023\/06\/12B-12x12.png 12w\" sizes=\"(max-width: 50px) 100vw, 50px\" \/><\/td><\/tr><tr><td>Forflytte oss med optimal energibruk, og benytte landstr\u00f8m n\u00e5r vi ligger til kai der det ligger til rette <br>for dette (12, 13)<\/td><td><img loading=\"lazy\" decoding=\"async\" width=\"50\" height=\"51\" class=\"wp-image-4363\" style=\"width: 50px;\" src=\"http:\/\/fda.no\/wp-content\/uploads\/2023\/06\/12B.png\" alt=\"\" srcset=\"https:\/\/fda.no\/wp-content\/uploads\/2023\/06\/12B.png 169w, https:\/\/fda.no\/wp-content\/uploads\/2023\/06\/12B-150x150.png 150w, https:\/\/fda.no\/wp-content\/uploads\/2023\/06\/12B-12x12.png 12w\" sizes=\"(max-width: 50px) 100vw, 50px\" \/> <img loading=\"lazy\" decoding=\"async\" width=\"50\" height=\"50\" class=\"wp-image-4364\" style=\"width: 50px;\" src=\"http:\/\/fda.no\/wp-content\/uploads\/2023\/06\/13B.png\" alt=\"\" srcset=\"https:\/\/fda.no\/wp-content\/uploads\/2023\/06\/13B.png 166w, https:\/\/fda.no\/wp-content\/uploads\/2023\/06\/13B-150x150.png 150w, https:\/\/fda.no\/wp-content\/uploads\/2023\/06\/13B-12x12.png 12w\" sizes=\"(max-width: 50px) 100vw, 50px\" \/><\/td><\/tr><tr><td>Utf\u00f8re n\u00f8dvendig h\u00e5ndtering av fisk mest mulig etisk og sk\u00e5nsomt for \u00e5 ivareta dyrevelferd (12)<\/td><td><img loading=\"lazy\" decoding=\"async\" width=\"50\" height=\"51\" class=\"wp-image-4363\" style=\"width: 50px;\" src=\"http:\/\/fda.no\/wp-content\/uploads\/2023\/06\/12B.png\" alt=\"\" srcset=\"https:\/\/fda.no\/wp-content\/uploads\/2023\/06\/12B.png 169w, https:\/\/fda.no\/wp-content\/uploads\/2023\/06\/12B-150x150.png 150w, https:\/\/fda.no\/wp-content\/uploads\/2023\/06\/12B-12x12.png 12w\" sizes=\"(max-width: 50px) 100vw, 50px\" \/><\/td><\/tr><tr><td>Kontinuerlig utvikle v\u00e5re prosedyrer for \u00e5 m\u00f8te krav fra v\u00e5re kunder og forvaltning (14, 17)<\/td><td><img loading=\"lazy\" decoding=\"async\" width=\"50\" height=\"51\" class=\"wp-image-4365\" style=\"width: 50px;\" src=\"http:\/\/fda.no\/wp-content\/uploads\/2023\/06\/14B.png\" alt=\"\" srcset=\"https:\/\/fda.no\/wp-content\/uploads\/2023\/06\/14B.png 169w, https:\/\/fda.no\/wp-content\/uploads\/2023\/06\/14B-150x150.png 150w, https:\/\/fda.no\/wp-content\/uploads\/2023\/06\/14B-12x12.png 12w\" sizes=\"(max-width: 50px) 100vw, 50px\" \/> <img decoding=\"async\" width=\"50\" height=\"50\" class=\"wp-image-4360\" style=\"width: 50px;\" src=\"http:\/\/fda.no\/wp-content\/uploads\/2023\/06\/17B.png\" alt=\"\" srcset=\"https:\/\/fda.no\/wp-content\/uploads\/2023\/06\/17B.png 168w, https:\/\/fda.no\/wp-content\/uploads\/2023\/06\/17B-150x150.png 150w, https:\/\/fda.no\/wp-content\/uploads\/2023\/06\/17B-12x12.png 12w\" sizes=\"(max-width: 50px) 100vw, 50px\" \/><\/td><\/tr><tr><td>Hjelpe v\u00e5re kunder med \u00e5 \u00abgj\u00f8re mer med mindre\u00bb, ved \u00e5 \u00f8ke effektiviteten og <br>maksimere produksjonen mens p\u00e5virkningen p\u00e5 havet og omgivelser reduseres (12, 14, 17)<\/td><td><img loading=\"lazy\" decoding=\"async\" width=\"50\" height=\"51\" class=\"wp-image-4363\" style=\"width: 50px;\" src=\"http:\/\/fda.no\/wp-content\/uploads\/2023\/06\/12B.png\" alt=\"\" srcset=\"https:\/\/fda.no\/wp-content\/uploads\/2023\/06\/12B.png 169w, https:\/\/fda.no\/wp-content\/uploads\/2023\/06\/12B-150x150.png 150w, https:\/\/fda.no\/wp-content\/uploads\/2023\/06\/12B-12x12.png 12w\" sizes=\"(max-width: 50px) 100vw, 50px\" \/> <img loading=\"lazy\" decoding=\"async\" width=\"50\" height=\"51\" class=\"wp-image-4365\" style=\"width: 50px;\" src=\"http:\/\/fda.no\/wp-content\/uploads\/2023\/06\/14B.png\" alt=\"\" srcset=\"https:\/\/fda.no\/wp-content\/uploads\/2023\/06\/14B.png 169w, https:\/\/fda.no\/wp-content\/uploads\/2023\/06\/14B-150x150.png 150w, https:\/\/fda.no\/wp-content\/uploads\/2023\/06\/14B-12x12.png 12w\" sizes=\"(max-width: 50px) 100vw, 50px\" \/> <img decoding=\"async\" width=\"50\" height=\"50\" class=\"wp-image-4360\" style=\"width: 50px;\" src=\"http:\/\/fda.no\/wp-content\/uploads\/2023\/06\/17B.png\" alt=\"\" srcset=\"https:\/\/fda.no\/wp-content\/uploads\/2023\/06\/17B.png 168w, https:\/\/fda.no\/wp-content\/uploads\/2023\/06\/17B-150x150.png 150w, https:\/\/fda.no\/wp-content\/uploads\/2023\/06\/17B-12x12.png 12w\" sizes=\"(max-width: 50px) 100vw, 50px\" \/><\/td><\/tr><tr><td>Behandle alt avfall iht. avfallsplaner ombord, og gjenbruke materiell n\u00e5r det er forsvarlig <br>ut ifra en sikkerhetsvurdering (12)<\/td><td><img loading=\"lazy\" decoding=\"async\" width=\"50\" height=\"51\" class=\"wp-image-4363\" style=\"width: 50px;\" src=\"http:\/\/fda.no\/wp-content\/uploads\/2023\/06\/12B.png\" alt=\"\" srcset=\"https:\/\/fda.no\/wp-content\/uploads\/2023\/06\/12B.png 169w, https:\/\/fda.no\/wp-content\/uploads\/2023\/06\/12B-150x150.png 150w, https:\/\/fda.no\/wp-content\/uploads\/2023\/06\/12B-12x12.png 12w\" sizes=\"(max-width: 50px) 100vw, 50px\" \/><\/td><\/tr><\/tbody><\/table><\/figure>\n<\/div>\n<\/div>\n\n\n<div class=\"gb-container gb-container-432d692e\">\n\n<p><strong>For \u00e5 oppn\u00e5 m\u00e5lene innenfor klima og milj\u00f8 har Finnsnes Dykk &amp; Anleggservice AS etablert tiltak som vi jobber etter<\/strong>:<\/p>\n\n<\/div>\n\n<div class=\"gb-container gb-container-0a053d25\">\n\n<ul class=\"wp-block-list\">\n<li>Tiltak 1: Vi skal v\u00e6re oppdatert p\u00e5 alle krav iht. lover, forskrifter og krav fra kunder, og iverksette en sertifiseringsprosess for Milj\u00f8fyrt\u00e5rn i 2024 og for Global Gap innen 2026.<\/li>\n\n\n\n<li>Tiltak 2: Gjennomf\u00f8re l\u00f8pende risikovurdering av arbeid, og etablere\/utvikle prosedyrer for arbeidsoppgaver som medf\u00f8rer risiko for utslipp av farlige stoffer i det marine milj\u00f8et. Heve kompetansen innenfor lovp\u00e5lagte og egenp\u00e5lagte omr\u00e5der. Gjennomf\u00f8re internrevisjon med ekstern bistand i 2024<\/li>\n\n\n\n<li>Tiltak 3: Investere i fart\u00f8y med milj\u00f8vennlige fremdriftssystemer som reduserer bruken av fossilt drivstoff og utslipp av CO<sup>2<\/sup>og NO<sub>x<\/sub> med 30% fra basis\u00e5ret 2023.<\/li>\n\n\n\n<li>Tiltak 4: Innf\u00f8re sortering av avfall i alle enheter og etablere avtaler for gjenvinning av materiell i 2025.<\/li>\n\n\n\n<li>Tiltak 5: Vi skal fase inn sporbart milj\u00f8tau (forbrukstau) i 2025.<\/li>\n\n\n\n<li>Tiltak 6: Gjennomf\u00f8re l\u00f8pende kursing i fiskehelsevelferdskurs for mannskap ombord.<\/li>\n<\/ul>\n\n<\/div>\n\n<div class=\"gb-container gb-container-630011bd\">\n\n<p>FDA AS \u00f8nsker ogs\u00e5 samspill mellom v\u00e5r virksomhet og samfunnet.&nbsp; Derfor inviteres kunder, samarbeidspartnere og andre interessenter til \u00e5 gi innspill om hvordan klima- og milj\u00f8p\u00e5virkningen av v\u00e5re varer\/tjenester kan forbedres. Innspillene gir oss nyttig innsikt i hvilke behov og forventinger dere har til FDA AS i \u00e5rene fremover<strong>.<\/strong> Vi tar gjerne imot forslag til forbedringer. Bruk skjemaet under for \u00e5 sende inn forslag:<\/p>\n\n<\/div>\n\n\n<div class=\"wp-block-group\"><div class=\"wp-block-group__inner-container is-layout-constrained wp-block-group-is-layout-constrained\"><div class=\"frm_forms  with_frm_style frm_style_formidable-style\" id=\"frm_form_13_container\" data-token=\"471a1e36396b16c6e0ef4886f4ac4e55\">\n<form enctype=\"multipart\/form-data\" method=\"post\" class=\"frm-show-form  frm_pro_form \" id=\"form_forslag-til-forbedring\" data-token=\"471a1e36396b16c6e0ef4886f4ac4e55\">\n<div class=\"frm_form_fields \">\n<fieldset>\n<legend class=\"frm_screen_reader\">Forslag til forbedring<\/legend>\r\n\r\n<div class=\"frm_fields_container\">\n<input type=\"hidden\" name=\"frm_action\" value=\"create\" \/>\n<input type=\"hidden\" name=\"form_id\" value=\"13\" \/>\n<input type=\"hidden\" name=\"frm_hide_fields_13\" id=\"frm_hide_fields_13\" value=\"\" \/>\n<input type=\"hidden\" name=\"form_key\" value=\"forslag-til-forbedring\" \/>\n<input type=\"hidden\" name=\"item_meta[0]\" value=\"\" \/>\n<input type=\"hidden\" id=\"frm_submit_entry_13\" name=\"frm_submit_entry_13\" value=\"5a633c5906\" \/><input type=\"hidden\" name=\"_wp_http_referer\" value=\"\/is\/wp-json\/wp\/v2\/pages\/4357\" \/><div id=\"frm_field_225_container\" class=\"frm_form_field form-field  frm_required_field frm_top_container frm_first frm_half\">\r\n    <label for=\"field_9ugxt2\" id=\"field_9ugxt2_label\" class=\"frm_primary_label\">Fornavn\r\n        <span class=\"frm_required\">*<\/span>\r\n    <\/label>\r\n    <input  type=\"text\" id=\"field_9ugxt2\" name=\"item_meta[225]\" value=\"\"  data-reqmsg=\"Dette feltet kan ikke v\u00e6re blankt.\" aria-required=\"true\" data-invmsg=\"Text is invalid\" aria-invalid=\"false\"   \/>\r\n    \r\n    \r\n<\/div>\n<div id=\"frm_field_226_container\" class=\"frm_form_field form-field  frm_required_field frm_top_container frm_half\">\r\n    <label for=\"field_vojt12\" id=\"field_vojt12_label\" class=\"frm_primary_label\">Etternavn\r\n        <span class=\"frm_required\">*<\/span>\r\n    <\/label>\r\n    <input  type=\"text\" id=\"field_vojt12\" name=\"item_meta[226]\" value=\"\"  data-reqmsg=\"Dette feltet kan ikke v\u00e6re blankt.\" aria-required=\"true\" data-invmsg=\"Text is invalid\" aria-invalid=\"false\"   \/>\r\n    \r\n    \r\n<\/div>\n<div id=\"frm_field_227_container\" class=\"frm_form_field form-field  frm_required_field frm_top_container frm_half frm_first\">\r\n    <label for=\"field_jypxm2\" id=\"field_jypxm2_label\" class=\"frm_primary_label\">Epost\r\n        <span class=\"frm_required\">*<\/span>\r\n    <\/label>\r\n    <input type=\"email\" id=\"field_jypxm2\" name=\"item_meta[227]\" value=\"\"  data-reqmsg=\"Dette feltet kan ikke v\u00e6re blankt.\" aria-required=\"true\" data-invmsg=\"Email is invalid\" aria-invalid=\"false\"  \/>\r\n    \r\n    \r\n<\/div>\n<div id=\"frm_field_228_container\" class=\"frm_form_field form-field  frm_required_field frm_top_container frm_half\">\r\n    <label for=\"field_eo4ds2\" id=\"field_eo4ds2_label\" class=\"frm_primary_label\">Telefon\r\n        <span class=\"frm_required\">*<\/span>\r\n    <\/label>\r\n    <input type=\"tel\" id=\"field_eo4ds2\" name=\"item_meta[228]\" value=\"\"  data-reqmsg=\"Dette feltet kan ikke v\u00e6re blankt.\" aria-required=\"true\" data-invmsg=\"Phone is invalid\" aria-invalid=\"false\" pattern=\"((\\+\\d{1,3}(-|.| )?\\(?\\d\\)?(-| |.)?\\d{1,5})|(\\(?\\d{2,6}\\)?))(-|.| )?(\\d{3,4})(-|.| )?(\\d{4})(( x| ext)\\d{1,5}){0,1}$\"  \/>\r\n    \r\n    \r\n<\/div>\n<div id=\"frm_field_230_container\" class=\"frm_form_field form-field  frm_top_container\">\r\n    <label for=\"field_gxbdl2\" id=\"field_gxbdl2_label\" class=\"frm_primary_label\">\r\n        <span class=\"frm_required\"><\/span>\r\n    <\/label>\r\n    <input  type=\"text\" id=\"field_gxbdl2\" name=\"item_meta[230]\" value=\"Forslag til forbedringer i arbeidet for klima og milj\u00f8\"  data-frmval=\"Forslag til forbedringer i arbeidet for klima og milj\u00f8\" data-invmsg=\"Text is invalid\" aria-invalid=\"false\"   \/>\r\n    \r\n    \r\n<\/div>\n<div id=\"frm_field_231_container\" class=\"frm_form_field form-field  frm_top_container\">\r\n    <label for=\"field_o3bqf2\" id=\"field_o3bqf2_label\" class=\"frm_primary_label\">Melding\r\n        <span class=\"frm_required\"><\/span>\r\n    <\/label>\r\n    <textarea name=\"item_meta[231]\" id=\"field_o3bqf2\" rows=\"5\"  data-invmsg=\"Message is invalid\" aria-invalid=\"false\"  ><\/textarea>\r\n    \r\n    \r\n<\/div>\n<div id=\"frm_field_232_container\" class=\"frm_form_field form-field  frm_none_container\">\r\n    <label for=\"g-recaptcha-response\" id=\"field_18kpr_label\" class=\"frm_primary_label\">Captcha\r\n        <span class=\"frm_required\" aria-hidden=\"true\"><\/span>\r\n    <\/label>\r\n    <div  id=\"field_18kpr\" class=\"frm-g-recaptcha\" data-sitekey=\"6Le7f6YfAAAAAH4SdMOi5hW0M7QMLyaU9VReau8x\" data-size=\"normal\" data-theme=\"light\"><\/div>\r\n    \r\n    \r\n<\/div>\n\t<input type=\"hidden\" name=\"item_key\" value=\"\" \/>\n\t\t\t<div id=\"frm_field_263_container\">\n\t\t\t<label for=\"field_uxvh9\" >\n\t\t\t\tIf you are human, leave this field blank.\t\t\t<\/label>\n\t\t\t<input  id=\"field_uxvh9\" type=\"text\" class=\"frm_form_field form-field frm_verify\" name=\"item_meta[263]\" value=\"\"  \/>\n\t\t<\/div>\n\t\t<input name=\"frm_state\" type=\"hidden\" value=\"2yOUwgEHWUsmJvp3t5PPrzoSXCxjWTGizV8sHtxPuKO4+v10beURb2IlkTzdMb6Y\" \/><div class=\"frm_submit\">\r\n\r\n<button class=\"frm_button_submit frm_final_submit\" type=\"submit\"   formnovalidate=\"formnovalidate\">Send<\/button>\r\n\r\n<\/div><\/div>\n<\/fieldset>\n<\/div>\n\n<\/form>\n<\/div>\n<\/div><\/div>\n","protected":false},"excerpt":{"rendered":"<p>Vi skal bidra til et mer b\u00e6rekraftig samfunn og tar derfor ansvar for v\u00e5r milj\u00f8p\u00e5virkning. Vi har etablert et milj\u00f8ledelsessystem som styrer klima- og milj\u00f8arbeidet og hjelper oss med kontinuerlig forbedring. Dette inneholder ogs\u00e5 konkrete krav som m\u00e5 oppfylles innen arbeidsmilj\u00f8, avfall\/ombruk, energi, innkj\u00f8p og transport. Hvert \u00e5r skal vi innrapportere tall for v\u00e5re aktiviteter &#8230; <a title=\"Sj\u00e1lfb\u00e6rnimarkmi\u00f0 FDA AS\" class=\"read-more\" href=\"https:\/\/fda.no\/is\/fda-as-sine-baerekraftsmal\/\" aria-label=\"Read more about FDA AS sine b\u00e6rekraftsm\u00e5l\">Read more<\/a><\/p>","protected":false},"author":3,"featured_media":0,"parent":0,"menu_order":0,"comment_status":"closed","ping_status":"closed","template":"","meta":{"inline_featured_image":false,"_monsterinsights_skip_tracking":false,"_monsterinsights_sitenote_active":false,"_monsterinsights_sitenote_note":"","_monsterinsights_sitenote_category":0,"footnotes":""},"class_list":["post-4357","page","type-page","status-publish"],"aioseo_notices":[],"_links":{"self":[{"href":"https:\/\/fda.no\/is\/wp-json\/wp\/v2\/pages\/4357","targetHints":{"allow":["GET"]}}],"collection":[{"href":"https:\/\/fda.no\/is\/wp-json\/wp\/v2\/pages"}],"about":[{"href":"https:\/\/fda.no\/is\/wp-json\/wp\/v2\/types\/page"}],"author":[{"embeddable":true,"href":"https:\/\/fda.no\/is\/wp-json\/wp\/v2\/users\/3"}],"replies":[{"embeddable":true,"href":"https:\/\/fda.no\/is\/wp-json\/wp\/v2\/comments?post=4357"}],"version-history":[{"count":19,"href":"https:\/\/fda.no\/is\/wp-json\/wp\/v2\/pages\/4357\/revisions"}],"predecessor-version":[{"id":4959,"href":"https:\/\/fda.no\/is\/wp-json\/wp\/v2\/pages\/4357\/revisions\/4959"}],"wp:attachment":[{"href":"https:\/\/fda.no\/is\/wp-json\/wp\/v2\/media?parent=4357"}],"curies":[{"name":"wp","href":"https:\/\/api.w.org\/{rel}","templated":true}]}}