{"id":3233,"date":"2022-03-14T08:49:04","date_gmt":"2022-03-14T08:49:04","guid":{"rendered":"http:\/\/fda.no\/?page_id=3233"},"modified":"2026-04-08T07:44:24","modified_gmt":"2026-04-08T07:44:24","slug":"jobb-i-fda-as","status":"publish","type":"page","link":"https:\/\/fda.no\/is\/jobb-i-fda-as\/","title":{"rendered":"Vinna fyrir FDA AS"},"content":{"rendered":"<h4 class=\"wp-block-heading\"><strong>Sj\u00f3menn og skipstj\u00f3rar<\/strong><\/h4>\n\n\n\n<p>Okkur vantar st\u00f6\u00f0ugt n\u00fdja starfsmenn og ef \u00fe\u00e9r finnst \u00e1hugavert a\u00f0 vinna me\u00f0 okkur - sendu \u00fe\u00e1 t\u00f6lvup\u00f3st \u00e1&nbsp;<a href=\"mailto:adm@fda.no\">adm@ fda.no<\/a>.<\/p>\n\n\n\n<h4 class=\"wp-block-heading\"><strong>Verkn\u00e1m<\/strong><\/h4>\n\n\n\n<p class=\"translation-block\">Finnsnes Dykk &amp; Anleggservice AS er sam\u00feykkt sem <a rel=\"noreferrer noopener\" href=\"https:\/\/maropp.no\/nord\/\" target=\"_blank\"> i\u00f0nn\u00e1m \u00ed sj\u00f3mannast\u00e9tt <\/a>. Ef \u00fe\u00fa vilt i\u00f0nn\u00e1m hj\u00e1 okkur - sendu t\u00f6lvup\u00f3st \u00e1 <a href=\"mailto:adm@fda.no\" target=\"_self\"> adm @ fda.no <\/a>.<\/p>\n\n\n\n<blockquote class=\"wp-block-quote is-layout-flow wp-block-quote-is-layout-flow\">\n<p><em>Vi\u00f0 ver\u00f0um a\u00f0 vera lei\u00f0andi \u00ed g\u00e6\u00f0um og bj\u00f3\u00f0a upp \u00e1 n\u00fat\u00edmalegar og framt\u00ed\u00f0armi\u00f0a\u00f0ar v\u00f6rur og \u00fej\u00f3nustu. \u00dea\u00f0 krefst mikillar h\u00e6fni \u00e1 \u00f6llum stigum.<\/em><strong>.<\/strong><\/p>\n<cite>Keneth Larsen, stj\u00f3rnarforma\u00f0ur<\/cite><\/blockquote>\n\n\n\n<p>Vi\u00f0 \u00f6ll sem st\u00f6rfum \u00ed Finnsnes Dykk &amp; Anleggservice AS ver\u00f0um a\u00f0 einbeita okkur a\u00f0 \u00fe\u00f6rfum vi\u00f0skiptavinarins. Vi\u00f0skiptavinurinn ver\u00f0ur a\u00f0 geta treyst okkur og upplifa\u00f0 a\u00f0 vi\u00f0 erum einst\u00f6k a\u00f0 g\u00e6\u00f0um og \u00e1rei\u00f0anleika, b\u00e6\u00f0i fyrir, \u00ed og \u200b\u200beftir afhendingu.<\/p>\n\n\n\n<p>A\u00f0 vera lei\u00f0andi \u00ed g\u00e6\u00f0um krefst h\u00e6fni \u00e1 \u00f6llum stigum. Allir starfsmenn skulu leitast vi\u00f0 a\u00f0 efla eigin f\u00e6rni og skal fyrirt\u00e6ki\u00f0 stu\u00f0la a\u00f0 \u00fer\u00f3un l\u00e6rd\u00f3msmenningar og \u00f6rva h\u00e6fni\u00fer\u00f3un.<\/p>\n\n\n\n<h4 class=\"wp-block-heading\"><strong>Hvers v\u00e6ntum vi\u00f0 af \u00fe\u00e9r?<\/strong><\/h4>\n\n\n\n<p>\u00de\u00fa \u00e6ttir a\u00f0 vera me\u00f0 grunnn\u00e1mskei\u00f0 \u00ed \u00f6ryggism\u00e1lum og vi\u00f0urkennt l\u00e6knisvottor\u00f0 fyrir sj\u00f3menn \u00e1\u00f0ur en \u00fe\u00fa s\u00e6kir um starf hj\u00e1 okkur sem sj\u00f3ma\u00f0ur e\u00f0a sj\u00f3mannsnemi. Sem skipstj\u00f3ri ver\u00f0ur \u00fe\u00fa l\u00edka a\u00f0 hafa D6 \/ D5. Ef \u00fe\u00fa ert r\u00e1\u00f0inn gerum vi\u00f0 r\u00e1\u00f0 fyrir a\u00f0 \u00fe\u00fa s\u00e9rt fulltr\u00fai fyrirt\u00e6kisins \u00fat \u00e1 vi\u00f0 \u00e1 fr\u00e1b\u00e6ran h\u00e1tt og haldi gildum okkar h\u00e1um. \u00deetta eru \u00e1 lykilor\u00f0aformi:<\/p>\n\n\n\n<ul class=\"wp-block-list\">\n<li>\u00c1rei\u00f0anlegur<\/li>\n\n\n\n<li>N\u00fat\u00edmalegt og framt\u00ed\u00f0armi\u00f0a\u00f0<\/li>\n\n\n\n<li>G\u00e6\u00f0ame\u00f0vita\u00f0ur<\/li>\n<\/ul>\n\n\n\n<p>Vi\u00f0 gerum strangar g\u00e6\u00f0akr\u00f6fur og ekki er h\u00e6gt a\u00f0 v\u00edkja fr\u00e1 \u00feeim. Vi\u00f0 b\u00faum l\u00edka vi\u00f0 menningu endurn\u00fdjunar og v\u00e6ntum \u00feess a\u00f0 allir leggi fram till\u00f6gur til breytinga og umb\u00f3ta. \u00de\u00fa ver\u00f0ur einnig a\u00f0 vera tilb\u00fainn til a\u00f0 lj\u00faka nau\u00f0synlegum n\u00e1mskei\u00f0um til h\u00e6fni\u00fer\u00f3unar.<\/p>\n\n\n\n<h4 class=\"wp-block-heading\"><strong>Hvers getur\u00f0u b\u00faist vi\u00f0 af okkur?<\/strong><\/h4>\n\n\n\n<p>Vi\u00f0 erum lei\u00f0andi, traust og s\u00f3kndjarft fyrirt\u00e6ki \u00e1 okkar sv\u00e6\u00f0i. Vi\u00f0 h\u00f6fum langa reynslu og mikla h\u00e6fni og erum me\u00f0 vel \u00fatb\u00fana b\u00e1ta og g\u00f3\u00f0an b\u00fana\u00f0. Vi\u00f0 getum bo\u00f0i\u00f0 starfsm\u00f6nnum okkar:<\/p>\n\n\n\n<ul class=\"wp-block-list\">\n<li>\u00c1hugaver\u00f0 og krefjandi vinnuverkefni<\/li>\n\n\n\n<li>Gott vinnuumhverfi<\/li>\n\n\n\n<li>Snyrtileg og st\u00f6\u00f0ug starfskj\u00f6r<\/li>\n\n\n\n<li>Samkeppnish\u00e6f launakj\u00f6r<\/li>\n\n\n\n<li>H\u00e6fni\u00fer\u00f3un<\/li>\n\n\n\n<li>Vaktavinna \u00e1 b\u00e1tunum<\/li>\n\n\n\n<li>Umfj\u00f6llun um fer\u00f0ir til og fr\u00e1 vinnusta\u00f0<\/li>\n<\/ul>","protected":false},"excerpt":{"rendered":"<p>Matroser og skipsf\u00f8rere Vi har stadig behov for nye ansatte, og hvis du synes det virker interessant \u00e5 jobbe hos oss \u2013 send en epost til&nbsp;adm @ fda.no. L\u00e6rlingeplass Finnsnes Dykk &amp; Anleggservice AS er godkjent som&nbsp;l\u00e6rlingebedrift i matrosfaget. \u00d8nsker du l\u00e6rlingeplass oss hos \u2013 send en epost til&nbsp;adm @ fda.no. Vi skal v\u00e6re ledende &#8230; <a title=\"Vinna fyrir FDA AS\" class=\"read-more\" href=\"https:\/\/fda.no\/is\/jobb-i-fda-as\/\" aria-label=\"Read more about Jobb i FDA AS\">Read more<\/a><\/p>","protected":false},"author":1,"featured_media":0,"parent":0,"menu_order":0,"comment_status":"closed","ping_status":"closed","template":"","meta":{"inline_featured_image":false,"_monsterinsights_skip_tracking":false,"_monsterinsights_sitenote_active":false,"_monsterinsights_sitenote_note":"","_monsterinsights_sitenote_category":0,"footnotes":""},"class_list":["post-3233","page","type-page","status-publish"],"aioseo_notices":[],"_links":{"self":[{"href":"https:\/\/fda.no\/is\/wp-json\/wp\/v2\/pages\/3233","targetHints":{"allow":["GET"]}}],"collection":[{"href":"https:\/\/fda.no\/is\/wp-json\/wp\/v2\/pages"}],"about":[{"href":"https:\/\/fda.no\/is\/wp-json\/wp\/v2\/types\/page"}],"author":[{"embeddable":true,"href":"https:\/\/fda.no\/is\/wp-json\/wp\/v2\/users\/1"}],"replies":[{"embeddable":true,"href":"https:\/\/fda.no\/is\/wp-json\/wp\/v2\/comments?post=3233"}],"version-history":[{"count":11,"href":"https:\/\/fda.no\/is\/wp-json\/wp\/v2\/pages\/3233\/revisions"}],"predecessor-version":[{"id":5189,"href":"https:\/\/fda.no\/is\/wp-json\/wp\/v2\/pages\/3233\/revisions\/5189"}],"wp:attachment":[{"href":"https:\/\/fda.no\/is\/wp-json\/wp\/v2\/media?parent=3233"}],"curies":[{"name":"wp","href":"https:\/\/api.w.org\/{rel}","templated":true}]}}