{"id":3226,"date":"2022-03-14T08:26:47","date_gmt":"2022-03-14T08:26:47","guid":{"rendered":"http:\/\/fda.no\/?page_id=3226"},"modified":"2026-02-04T12:33:40","modified_gmt":"2026-02-04T12:33:40","slug":"fartoy","status":"publish","type":"page","link":"https:\/\/fda.no\/is\/fartoy\/","title":{"rendered":"Skip - Finnsnes Dykk &amp; Anleggservice AS"},"content":{"rendered":"<div class=\"gb-container gb-container-507d50d7\"><div class=\"gb-inside-container\">\n<div class=\"gb-grid-wrapper gb-grid-wrapper-9886f20c\">\n<div class=\"gb-grid-column gb-grid-column-55429ae8\"><div class=\"gb-container gb-container-55429ae8\"><div class=\"gb-inside-container\">\n\n<h3 class=\"wp-block-heading has-text-align-center\">YNGVE telefon +47 &nbsp;907 11 907<\/h3>\n\n\n\n<p class=\"has-text-align-center\">\u00dej\u00f3nustub\u00e1tur<\/p>\n\n\n\n<p>YNGVE er katamaran NabCat 1512 14,99 x12 sm\u00ed\u00f0a\u00f0ur \u00far st\u00e1li me\u00f0 blendingsa\u00f0ger\u00f0. Framdrifi\u00f0 er kn\u00fai\u00f0 af tveimur Danfoss Editron 600kW m\u00f3torum. \u00cd skipinu eru tveir Palfinger kranar af ger\u00f0inni PK 150002 M H og PK 41002 (M) G. Skipi\u00f0 er tilt\u00e6kt fyrir sta\u00f0setningarverkefni. YNGVE er innr\u00e9tta\u00f0 fyrir 6 manns.<\/p>\n\n\n<div class=\"gb-button-wrapper gb-button-wrapper-9a1fe5ea\">\n\n<a class=\"gb-button gb-button-47c8c7d8 gb-button-text\" href=\"http:\/\/fda.no\/is\/yngve\/\">Lestu meira<\/a>\n\n<\/div>\n<\/div><\/div><\/div>\n\n<div class=\"gb-grid-column gb-grid-column-801725da\"><div class=\"gb-container gb-container-801725da\"><div class=\"gb-inside-container\">\n\n<figure class=\"gb-block-image gb-block-image-df4c075f\"><img fetchpriority=\"high\" decoding=\"async\" width=\"2044\" height=\"1440\" class=\"gb-image gb-image-df4c075f\" src=\"http:\/\/fda.no\/wp-content\/uploads\/2025\/02\/YNGVE.png\" alt=\"\" title=\"YNGVE\" srcset=\"https:\/\/fda.no\/wp-content\/uploads\/2025\/02\/YNGVE.png 2044w, https:\/\/fda.no\/wp-content\/uploads\/2025\/02\/YNGVE-300x211.png 300w, https:\/\/fda.no\/wp-content\/uploads\/2025\/02\/YNGVE-1024x721.png 1024w, https:\/\/fda.no\/wp-content\/uploads\/2025\/02\/YNGVE-768x541.png 768w, https:\/\/fda.no\/wp-content\/uploads\/2025\/02\/YNGVE-1536x1082.png 1536w, https:\/\/fda.no\/wp-content\/uploads\/2025\/02\/YNGVE-18x12.png 18w\" sizes=\"(max-width: 2044px) 100vw, 2044px\" \/>\n<figcaption class=\"gb-headline gb-headline-6bc5de9e gb-headline-text\">Telefon: &nbsp;907 11 907 epost:<a href=\"mailto:yngve@fda.no\" title=\"\"> yngve at fda.no<\/a><\/figcaption>\n<\/figure>\n\n<\/div><\/div><\/div>\n<\/div>\n<\/div><\/div>\n\n<div class=\"gb-container gb-container-100abde2\"><div class=\"gb-inside-container\">\n<div class=\"gb-grid-wrapper gb-grid-wrapper-21d2768c\">\n<div class=\"gb-grid-column gb-grid-column-a1b75850\"><div class=\"gb-container gb-container-a1b75850\"><div class=\"gb-inside-container\">\n\n<h3 class=\"wp-block-heading has-text-align-center\">FDA NIKLAS, telefon +47 907 77 907<\/h3>\n\n\n\n<p class=\"has-text-align-center\">\u00dej\u00f3nustub\u00e1tur<\/p>\n\n\n\n<p>Skipi\u00f0 er b\u00fai\u00f0 innr\u00e9ttingum fyrir 6 manns, 80 tonna \u00feilfarsvindu, 5 tonna hj\u00f3lh\u00fdsi, ka\u00f0la, st\u00f3ra krana og 160 m\u00b2 vinnudekk. FDA NIKLAS er me\u00f0 Olex, Furuno ratsj\u00e1, auk \u00f3\u00fearfa TECDIS kerfis me\u00f0 sj\u00e1lfvirkri kortauppf\u00e6rslu, stillt fyrir papp\u00edrslausa siglingu. <\/p>\n\n\n\n<p><\/p>\n\n\n<div class=\"gb-button-wrapper gb-button-wrapper-f7869ec4\">\n\n<a class=\"gb-button gb-button-3b24eb2b gb-button-text\" href=\"https:\/\/fda.no\/is\/fda-niklas\/\">Lestu meira<\/a>\n\n<\/div>\n<\/div><\/div><\/div>\n\n<div class=\"gb-grid-column gb-grid-column-88463ab9\"><div class=\"gb-container gb-container-88463ab9\"><div class=\"gb-inside-container\">\n\n<figure class=\"gb-block-image gb-block-image-0d6abaaa\"><img decoding=\"async\" width=\"2333\" height=\"1353\" class=\"gb-image gb-image-0d6abaaa\" src=\"https:\/\/fda.no\/wp-content\/uploads\/2025\/06\/FDA-NIKLAS.png\" alt=\"\" title=\"FDA NIKLAS\" srcset=\"https:\/\/fda.no\/wp-content\/uploads\/2025\/06\/FDA-NIKLAS.png 2333w, https:\/\/fda.no\/wp-content\/uploads\/2025\/06\/FDA-NIKLAS-300x174.png 300w, https:\/\/fda.no\/wp-content\/uploads\/2025\/06\/FDA-NIKLAS-1024x594.png 1024w, https:\/\/fda.no\/wp-content\/uploads\/2025\/06\/FDA-NIKLAS-768x445.png 768w, https:\/\/fda.no\/wp-content\/uploads\/2025\/06\/FDA-NIKLAS-1536x891.png 1536w, https:\/\/fda.no\/wp-content\/uploads\/2025\/06\/FDA-NIKLAS-2048x1188.png 2048w, https:\/\/fda.no\/wp-content\/uploads\/2025\/06\/FDA-NIKLAS-18x10.png 18w\" sizes=\"(max-width: 2333px) 100vw, 2333px\" \/>\n<figcaption class=\"gb-headline gb-headline-c8613fb6 gb-headline-text\">Telefon: 907 77 907 epost: <a href=\"mailto:fdaniklas@fda.no\" title=\"\">fdaniklas at fda.no<\/a><\/figcaption>\n<\/figure>\n\n<\/div><\/div><\/div>\n\n<div class=\"gb-grid-column gb-grid-column-fab2e300\"><div class=\"gb-container gb-container-fab2e300\"><div class=\"gb-inside-container\">\n\n<h3 class=\"wp-block-heading has-text-align-center\">FDA EMILIE, telefon +47 907 10 907<\/h3>\n\n\n\n<p class=\"has-text-align-center\">\u00dej\u00f3nustub\u00e1tur<\/p>\n\n\n\n<p>Skipi\u00f0 er b\u00fai\u00f0 innr\u00e9ttingum fyrir 6 manns, 80 tonna \u00feilfarsvindu, 5 tonna hj\u00f3lh\u00fdsi, ka\u00f0la, st\u00f3ra krana og 160 m\u00b2 vinnudekk. FDA EMILIE hefur Olex, Furuno ratsj\u00e1, auk \u00f3\u00fearfa TECDIS kerfis me\u00f0 sj\u00e1lfvirkri kortauppf\u00e6rslu, stillt fyrir papp\u00edrslausa siglingu. Skipi\u00f0 er b\u00fai\u00f0 Optimar flotkerfi.<\/p>\n\n\n\n<p>FDA EMILIE kemur inn \u00e1 langt\u00edmarit.<\/p>\n\n\n<div class=\"gb-button-wrapper gb-button-wrapper-10cafdd6\">\n\n<a class=\"gb-button gb-button-cb193b20 gb-button-text\" href=\"https:\/\/fda.no\/is\/fda-emilie\/\" target=\"_blank\" rel=\"noopener noreferrer\">Lestu meira<\/a>\n\n<\/div>\n<\/div><\/div><\/div>\n\n<div class=\"gb-grid-column gb-grid-column-8acfe9f6\"><div class=\"gb-container gb-container-8acfe9f6\"><div class=\"gb-inside-container\">\n\n<figure class=\"gb-block-image gb-block-image-aff0f0a1\"><img decoding=\"async\" width=\"1164\" height=\"643\" class=\"gb-image gb-image-aff0f0a1\" src=\"https:\/\/fda.no\/wp-content\/uploads\/2025\/09\/FDA-Emilie-2.png\" alt=\"\" title=\"FDA Emilie\" srcset=\"https:\/\/fda.no\/wp-content\/uploads\/2025\/09\/FDA-Emilie-2.png 1164w, https:\/\/fda.no\/wp-content\/uploads\/2025\/09\/FDA-Emilie-2-300x166.png 300w, https:\/\/fda.no\/wp-content\/uploads\/2025\/09\/FDA-Emilie-2-1024x566.png 1024w, https:\/\/fda.no\/wp-content\/uploads\/2025\/09\/FDA-Emilie-2-768x424.png 768w, https:\/\/fda.no\/wp-content\/uploads\/2025\/09\/FDA-Emilie-2-18x10.png 18w\" sizes=\"(max-width: 1164px) 100vw, 1164px\" \/>\n<figcaption class=\"gb-headline gb-headline-83b5a99e gb-headline-text\">Telefon: XXX XX XXX epost: <a href=\"mailto:emilie@fda.no\" title=\"\">emilie at fda.no<\/a><\/figcaption>\n<\/figure>\n\n<\/div><\/div><\/div>\n<\/div>\n<\/div><\/div>\n\n<div class=\"gb-container gb-container-1399a8fd\"><div class=\"gb-inside-container\">\n<div class=\"gb-grid-wrapper gb-grid-wrapper-20af8d0c\">\n<div class=\"gb-grid-column gb-grid-column-006f50be\"><div class=\"gb-container gb-container-006f50be\"><div class=\"gb-inside-container\">\n\n<h3 class=\"wp-block-heading has-text-align-center\">FDA FINN, s\u00edmi +47 907 60 907<\/h3>\n\n\n\n<p class=\"has-text-align-center\">\u00dej\u00f3nustub\u00e1tur<\/p>\n\n\n\n<p>Skipi\u00f0 er b\u00fai\u00f0 innr\u00e9ttingum fyrir 5 manns, 80 t \u00feilfarsvindu, 5 tonna hj\u00f3lh\u00fdsi, reipipinna, st\u00f3ra krana og 175 m\u00b2 vinnudekk. FDA ASTRI er me\u00f0 Olex, Furuno ratsj\u00e1, auk \u00f3\u00fearfa TECDIS kerfis me\u00f0 sj\u00e1lfvirkri kortauppf\u00e6rslu, stillt fyrir papp\u00edrslausa siglingu. A\u00f0 auki er skipi\u00f0 me\u00f0 TimeZero Professional, me\u00f0 WASSP sam\u00fe\u00e6ttum, fyrir botnkortlagningu og landm\u00e6lingar. TimeZero Professional sam\u00fe\u00e6ttir eiginleikar\u00edkan plotter me\u00f0 skynjurum eins og ratsj\u00e1, s\u00f3nar, \u00e1ttavita, GPS, AIS og \u00fdmsar ger\u00f0ir myndav\u00e9la.<\/p>\n\n\n\n<p>FDA FINN er sem stendur \u00e1 langt\u00edmakorti.<\/p>\n\n\n<div class=\"gb-button-wrapper gb-button-wrapper-0631699c\">\n\n<a class=\"gb-button gb-button-e774bdef gb-button-text\" href=\"..\/fda-finn\/\">Lestu meira<\/a>\n\n<\/div>\n<\/div><\/div><\/div>\n\n<div class=\"gb-grid-column gb-grid-column-9add1a75\"><div class=\"gb-container gb-container-9add1a75\"><div class=\"gb-inside-container\">\n\n<figure class=\"gb-block-image gb-block-image-9158058d\"><img loading=\"lazy\" decoding=\"async\" width=\"4032\" height=\"3024\" class=\"gb-image gb-image-9158058d\" src=\"http:\/\/fda.no\/wp-content\/uploads\/2023\/01\/FDA-Finn-2.png\" alt=\"\" title=\"FDA FINN_\" srcset=\"https:\/\/fda.no\/wp-content\/uploads\/2023\/01\/FDA-Finn-2.png 4032w, https:\/\/fda.no\/wp-content\/uploads\/2023\/01\/FDA-Finn-2-300x225.png 300w, https:\/\/fda.no\/wp-content\/uploads\/2023\/01\/FDA-Finn-2-1024x768.png 1024w, https:\/\/fda.no\/wp-content\/uploads\/2023\/01\/FDA-Finn-2-768x576.png 768w, https:\/\/fda.no\/wp-content\/uploads\/2023\/01\/FDA-Finn-2-1536x1152.png 1536w, https:\/\/fda.no\/wp-content\/uploads\/2023\/01\/FDA-Finn-2-2048x1536.png 2048w, https:\/\/fda.no\/wp-content\/uploads\/2023\/01\/FDA-Finn-2-16x12.png 16w\" sizes=\"(max-width: 4032px) 100vw, 4032px\" \/>\n<figcaption class=\"gb-headline gb-headline-ed498c28 gb-headline-text\">Telefon: 907 60 907 epost: <a href=\"mailto:finn@fda.no\">finn at fda.no<\/a><\/figcaption>\n<\/figure>\n\n<\/div><\/div><\/div>\n<\/div>\n<\/div><\/div>\n\n<div class=\"gb-container gb-container-96f05f11\"><div class=\"gb-inside-container\">\n<div class=\"gb-grid-wrapper gb-grid-wrapper-1d23e7e0\">\n<div class=\"gb-grid-column gb-grid-column-9699fcb6\"><div class=\"gb-container gb-container-9699fcb6\"><div class=\"gb-inside-container\">\n\n<h3 class=\"wp-block-heading has-text-align-center\">FDA HANS, telefon +47 907 93 907<\/h3>\n\n\n\n<p class=\"has-text-align-center\">\u00dej\u00f3nustub\u00e1tur<\/p>\n\n\n\n<p>Skipi\u00f0 er b\u00fai\u00f0 innr\u00e9ttingum fyrir 5 manns, 60 t \u00feilfarsvindu, 5 tonna hj\u00f3lh\u00fdsi, reipistangir, 185Tm og 100Tm krana og 110 m\u00b2 vinnudekk. FDA HANS er me\u00f0 Olex, Furuno ratsj\u00e1, auk \u00f3\u00fearfa TECDIS kerfis me\u00f0 sj\u00e1lfvirkri kortauppf\u00e6rslu, stillt fyrir papp\u00edrslausa siglingu. <\/p>\n\n\n\n<p>FDA HANS er sem stendur \u00e1 langt\u00edmakorti.<\/p>\n\n\n<div class=\"gb-button-wrapper gb-button-wrapper-e7171029\">\n\n<a class=\"gb-button gb-button-f529ef01 gb-button-text\" href=\"..\/fda-hans\/\">Lestu meira<\/a>\n\n<\/div>\n<\/div><\/div><\/div>\n\n<div class=\"gb-grid-column gb-grid-column-3861409f\"><div class=\"gb-container gb-container-3861409f\"><div class=\"gb-inside-container\">\n\n<figure class=\"gb-block-image gb-block-image-0d74068d\"><img loading=\"lazy\" decoding=\"async\" width=\"1536\" height=\"1536\" class=\"gb-image gb-image-0d74068d\" src=\"http:\/\/fda.no\/wp-content\/uploads\/2022\/12\/FDA-Hans.jpg\" alt=\"\" title=\"FDA-Hans\" srcset=\"https:\/\/fda.no\/wp-content\/uploads\/2022\/12\/FDA-Hans.jpg 1536w, https:\/\/fda.no\/wp-content\/uploads\/2022\/12\/FDA-Hans-300x300.jpg 300w, https:\/\/fda.no\/wp-content\/uploads\/2022\/12\/FDA-Hans-1024x1024.jpg 1024w, https:\/\/fda.no\/wp-content\/uploads\/2022\/12\/FDA-Hans-150x150.jpg 150w, https:\/\/fda.no\/wp-content\/uploads\/2022\/12\/FDA-Hans-768x768.jpg 768w, https:\/\/fda.no\/wp-content\/uploads\/2022\/12\/FDA-Hans-12x12.jpg 12w\" sizes=\"(max-width: 1536px) 100vw, 1536px\" \/>\n<figcaption class=\"gb-headline gb-headline-621d1491 gb-headline-text\">Telefon: 907 93 907 epost: <a href=\"mailto:hans@fda.no\">hans at fda.no<\/a><\/figcaption>\n<\/figure>\n\n<\/div><\/div><\/div>\n<\/div>\n<\/div><\/div>\n\n<div class=\"gb-container gb-container-ef365cc4\"><div class=\"gb-inside-container\">\n<div class=\"gb-grid-wrapper gb-grid-wrapper-c5d45e55\">\n<div class=\"gb-grid-column gb-grid-column-1a5ce5a2\"><div class=\"gb-container gb-container-1a5ce5a2\"><div class=\"gb-inside-container\">\n\n<h3 class=\"wp-block-heading has-text-align-center\">NIKLAS, telefon +47 907 30 907<\/h3>\n\n\n\n<p class=\"has-text-align-center\">\u00dej\u00f3nustub\u00e1tur<\/p>\n\n\n\n<p>NIKLAS er me\u00f0 fullkomna a\u00f0st\u00f6\u00f0u og er b\u00fain dekkjav\u00e9lum sem eru sni\u00f0nar a\u00f0 st\u00e6r\u00f0 til a\u00f0 n\u00e1 t\u00f6kum \u00e1 \u00feungum og krefjandi verkefnum. Skipi\u00f0 er b\u00fai\u00f0 d\u00edsilrafdrifnu kn\u00fani til a\u00f0 geta n\u00fdtt afl sem best um bor\u00f0, b\u00e6\u00f0i til kn\u00fanings og \u00feilfarsb\u00fana\u00f0ar. Vinnub\u00e1turinn hefur m.a. sta\u00f0setningarkerfi, nokkur kortakerfi til a\u00f0 geta \u00fej\u00f3na\u00f0 \u00f6llum vi\u00f0skiptavinah\u00f3pum, auk fj\u00f6lgeislaloka og aflskr\u00e1r til a\u00f0 kortleggja botnskilyr\u00f0i. Skipi\u00f0 er \u00fatb\u00fai\u00f0 fyrir 6 manns. Niklas er me\u00f0 vottun fyrir tog og akkeri<\/p>\n\n\n<div class=\"gb-button-wrapper gb-button-wrapper-94eb3ecc\">\n\n<a class=\"gb-button gb-button-9269765d gb-button-text\" href=\"..\/niklas\/\">Lestu meira<\/a>\n\n<\/div>\n<\/div><\/div><\/div>\n\n<div class=\"gb-grid-column gb-grid-column-280aa171\"><div class=\"gb-container gb-container-280aa171\"><div class=\"gb-inside-container\">\n\n<figure class=\"gb-block-image gb-block-image-4c94c2b2\"><img loading=\"lazy\" decoding=\"async\" width=\"1920\" height=\"990\" class=\"gb-image gb-image-4c94c2b2\" src=\"http:\/\/fda.no\/wp-content\/uploads\/2023\/01\/Niklas.png\" alt=\"\" title=\"Niklas\" srcset=\"https:\/\/fda.no\/wp-content\/uploads\/2023\/01\/Niklas.png 1920w, https:\/\/fda.no\/wp-content\/uploads\/2023\/01\/Niklas-300x155.png 300w, https:\/\/fda.no\/wp-content\/uploads\/2023\/01\/Niklas-1024x528.png 1024w, https:\/\/fda.no\/wp-content\/uploads\/2023\/01\/Niklas-768x396.png 768w, https:\/\/fda.no\/wp-content\/uploads\/2023\/01\/Niklas-1536x792.png 1536w, https:\/\/fda.no\/wp-content\/uploads\/2023\/01\/Niklas-18x9.png 18w\" sizes=\"(max-width: 1920px) 100vw, 1920px\" \/>\n<figcaption class=\"gb-headline gb-headline-bf363381 gb-headline-text\">Telefon: 907 10 907 epost: <a href=\"mailto:niklas@fda.no\">niklas at fda.no<\/a><\/figcaption>\n<\/figure>\n\n<\/div><\/div><\/div>\n<\/div>\n<\/div><\/div>\n\n<div class=\"gb-container gb-container-708f0ec2\"><div class=\"gb-inside-container\">\n<div class=\"gb-grid-wrapper gb-grid-wrapper-858bdaa7\">\n<div class=\"gb-grid-column gb-grid-column-93f15e7e\"><div class=\"gb-container gb-container-93f15e7e\"><div class=\"gb-inside-container\">\n\n<h3 class=\"wp-block-heading has-text-align-center\">FDA MIMMI, telefon +47 907 80 907<\/h3>\n\n\n\n<p class=\"has-text-align-center\">Arbeidsb\u00e5t<\/p>\n\n\n\n<p class=\"translation-block\">FDA MIMMI FMV W34M - Senja flokkurinn er 34 metrar \u00e1 lengd og 12,6 metrar \u00e1 breidd me\u00f0 \u00feilfarsflatarm\u00e1l 210 m2. Skipi\u00f0 er me\u00f0 6 klefa og er b\u00fai\u00f0 3 \u00f6flugum krana. BP er 40-45 tonn. FDA MIMMI er einnig \u00fatb\u00fainn me\u00f0 fj\u00f6lgeisla s\u00f3nar til a\u00f0 geta framkv\u00e6mt h\u00e1\u00fer\u00f3a\u00f0a, t\u00edma- og hagkv\u00e6ma m\u00e6lingu\/kortlagningu \u00e1 hafsbotni ni\u00f0ur \u00ed 600m me\u00f0 Kongsberg EM2040-07 fj\u00f6lgeisla s\u00f3nar. Fj\u00f6lgeislahlj\u00f3\u00f0m\u00e6lirinn framlei\u00f0ir g\u00f6gn \u00ed h\u00e1um upplausn af h\u00e6stu g\u00e6\u00f0um og n\u00e1kv\u00e6mni, samkv\u00e6mt IHO-S44 og LINZ forskriftum, og gerir skipi\u00f0 vel til \u00feess falli\u00f0 a\u00f0 framkv\u00e6ma fj\u00f6lda k\u00f6nnunarranns\u00f3kna og a\u00f0ger\u00f0a. FDA MIMMI n\u00e6r 10-12 hn\u00fata hra\u00f0a. Skipi\u00f0 er votta\u00f0 fyrir dr\u00e1tt og akkeri me\u00f0h\u00f6ndlun.<\/p>\n\n\n<div class=\"gb-button-wrapper gb-button-wrapper-141dd20c\">\n\n<a class=\"gb-button gb-button-7451e1cc gb-button-text\" href=\"..\/fdamimmi\/\">Lestu meira<\/a>\n\n<\/div>\n<\/div><\/div><\/div>\n\n<div class=\"gb-grid-column gb-grid-column-b823c260\"><div class=\"gb-container gb-container-b823c260\"><div class=\"gb-inside-container\">\n\n<figure class=\"gb-block-image gb-block-image-8f5b1451\"><img loading=\"lazy\" decoding=\"async\" width=\"1047\" height=\"723\" class=\"gb-image gb-image-8f5b1451\" src=\"http:\/\/fda.no\/wp-content\/uploads\/2023\/08\/FDA-MIMMI.png\" alt=\"\" title=\"FDA MIMMI\" srcset=\"https:\/\/fda.no\/wp-content\/uploads\/2023\/08\/FDA-MIMMI.png 1047w, https:\/\/fda.no\/wp-content\/uploads\/2023\/08\/FDA-MIMMI-300x207.png 300w, https:\/\/fda.no\/wp-content\/uploads\/2023\/08\/FDA-MIMMI-1024x707.png 1024w, https:\/\/fda.no\/wp-content\/uploads\/2023\/08\/FDA-MIMMI-768x530.png 768w, https:\/\/fda.no\/wp-content\/uploads\/2023\/08\/FDA-MIMMI-18x12.png 18w\" sizes=\"(max-width: 1047px) 100vw, 1047px\" \/>\n<figcaption class=\"gb-headline gb-headline-3dfd00ee gb-headline-text\">Telefon: 907 80 907 epost: <a href=\"mailto:fdamimmi@fda.no\">fdamimmi at fda.no<\/a><\/figcaption>\n<\/figure>\n\n<\/div><\/div><\/div>\n<\/div>\n\n<div class=\"gb-grid-wrapper gb-grid-wrapper-09b6d62c\">\n<div class=\"gb-grid-column gb-grid-column-657fc16b\"><div class=\"gb-container gb-container-657fc16b\"><div class=\"gb-inside-container\">\n\n<h3 class=\"wp-block-heading has-text-align-center\">PRAMMI<\/h3>\n\n\n\n<p class=\"has-text-align-center\">PRAMMA<\/p>\n\n\n\n<p>10 \u00d7 20 metrar me\u00f0 vindu \u00e1 \u00f6llum hornum og hle\u00f0slugeta 180 tonn. Auk \u00feess a\u00f0 hla\u00f0a \u00e1 \u00feilfari hefur pramminn einnig farmr\u00fdmi. Pramminn er einnig b\u00fainn v\u00f6kvadrifsbr\u00fa og v\u00f6kvadrifnum farml\u00fagum. <\/p>\n\n\n\n<p>\u00deessi pramma er sm\u00ed\u00f0a\u00f0ur fyrir hra\u00f0a og fer vel \u00ed sj\u00f3 jafnvel me\u00f0 farmi. H\u00e6gt er a\u00f0 leigja prammann daglega \u00e1 ums\u00f6mdu ver\u00f0i. FDA AS getur einnig afhent prammann \u00e1 \u00feeim sta\u00f0 sem \u00f3ska\u00f0 er eftir. Haf\u00f0u samband vi\u00f0 okkur til a\u00f0 f\u00e1 frekari uppl\u00fdsingar.<\/p>\n\n\n<div class=\"gb-button-wrapper gb-button-wrapper-510d5b18\">\n\n<a class=\"gb-button gb-button-2df71b63 gb-button-text\" href=\"http:\/\/fda.no\/is\/lekter-2\/\" rel=\"nofollow\">Lestu meira<\/a>\n\n<\/div>\n<\/div><\/div><\/div>\n\n<div class=\"gb-grid-column gb-grid-column-ee9018cf\"><div class=\"gb-container gb-container-ee9018cf\"><div class=\"gb-inside-container\">\n\n<figure class=\"gb-block-image gb-block-image-f6d73c1d\"><img loading=\"lazy\" decoding=\"async\" width=\"1920\" height=\"1426\" class=\"gb-image gb-image-f6d73c1d\" src=\"http:\/\/fda.no\/wp-content\/uploads\/2025\/04\/Lekter2-scaled-1.jpg\" alt=\"\" title=\"Lekter2-scaled\" srcset=\"https:\/\/fda.no\/wp-content\/uploads\/2025\/04\/Lekter2-scaled-1.jpg 1920w, https:\/\/fda.no\/wp-content\/uploads\/2025\/04\/Lekter2-scaled-1-300x223.jpg 300w, https:\/\/fda.no\/wp-content\/uploads\/2025\/04\/Lekter2-scaled-1-1024x761.jpg 1024w, https:\/\/fda.no\/wp-content\/uploads\/2025\/04\/Lekter2-scaled-1-768x570.jpg 768w, https:\/\/fda.no\/wp-content\/uploads\/2025\/04\/Lekter2-scaled-1-1536x1141.jpg 1536w, https:\/\/fda.no\/wp-content\/uploads\/2025\/04\/Lekter2-scaled-1-16x12.jpg 16w\" sizes=\"(max-width: 1920px) 100vw, 1920px\" \/>\n<figcaption class=\"gb-headline gb-headline-2dfa7e16 gb-headline-text\">Telefon: 907 64 322 epost: <a href=\"mailto:keneth@fda.no\" title=\"\">keneth at fda.no<\/a><\/figcaption>\n<\/figure>\n\n<\/div><\/div><\/div>\n<\/div>\n<\/div><\/div>\n\n\n<p><\/p>","protected":false},"excerpt":{"rendered":"","protected":false},"author":1,"featured_media":0,"parent":0,"menu_order":0,"comment_status":"closed","ping_status":"closed","template":"","meta":{"inline_featured_image":false,"_monsterinsights_skip_tracking":false,"_monsterinsights_sitenote_active":false,"_monsterinsights_sitenote_note":"","_monsterinsights_sitenote_category":0,"footnotes":""},"class_list":["post-3226","page","type-page","status-publish"],"aioseo_notices":[],"_links":{"self":[{"href":"https:\/\/fda.no\/is\/wp-json\/wp\/v2\/pages\/3226","targetHints":{"allow":["GET"]}}],"collection":[{"href":"https:\/\/fda.no\/is\/wp-json\/wp\/v2\/pages"}],"about":[{"href":"https:\/\/fda.no\/is\/wp-json\/wp\/v2\/types\/page"}],"author":[{"embeddable":true,"href":"https:\/\/fda.no\/is\/wp-json\/wp\/v2\/users\/1"}],"replies":[{"embeddable":true,"href":"https:\/\/fda.no\/is\/wp-json\/wp\/v2\/comments?post=3226"}],"version-history":[{"count":129,"href":"https:\/\/fda.no\/is\/wp-json\/wp\/v2\/pages\/3226\/revisions"}],"predecessor-version":[{"id":5177,"href":"https:\/\/fda.no\/is\/wp-json\/wp\/v2\/pages\/3226\/revisions\/5177"}],"wp:attachment":[{"href":"https:\/\/fda.no\/is\/wp-json\/wp\/v2\/media?parent=3226"}],"curies":[{"name":"wp","href":"https:\/\/api.w.org\/{rel}","templated":true}]}}