{"id":3202,"date":"2022-03-10T15:44:45","date_gmt":"2022-03-10T15:44:45","guid":{"rendered":"http:\/\/fda.no\/?page_id=3202"},"modified":"2023-10-27T13:33:36","modified_gmt":"2023-10-27T13:33:36","slug":"laerling","status":"publish","type":"page","link":"https:\/\/fda.no\/is\/laerling\/","title":{"rendered":"A\u00f0 l\u00e6ra"},"content":{"rendered":"<p class=\"translation-block\">Vi\u00f0 erum tengd \u00fej\u00e1lfunarskrifstofunni Maritime Training Nord og fr\u00e6\u00f0sluskrifstofunni fyrir sj\u00e1var\u00fatveg \u00ed Troms (OK-Fisk Troms). Maropp og OK-Fisk Troms eru sam\u00feykkt sem \u00fej\u00e1lfunarfyrirt\u00e6ki fyrir h\u00f6nd FDA AS. Vi\u00f0 h\u00f6fum yfirleitt lausan i\u00f0nn\u00e1mssta\u00f0 yfir \u00e1ri\u00f0. Ekki hika vi\u00f0 a\u00f0 <a href=\"http:\/\/fda.no\/is\/kontakt\/\" target=\"_self\">hafa samband<\/a>, <a rel=\"noreferrer noopener\" href=\"https:\/\/maropp.no \/nord\/\" target=\"_blank\">Maritim Training North<\/a>\u00a0e\u00f0a <a rel=\"noreferrer noopener\" href=\"https:\/\/www.okfiskstroms.no\/\" target=\"_blank\">OK-Fisk Troms <\/a> ef \u00fe\u00fa vilt i\u00f0nn\u00e1m.<\/p>\n\n\n\n<p>Fr\u00e6\u00f0sluskrifstofur annast fr\u00e6\u00f0slu \u00ed \u00fatger\u00f0arf\u00e9l\u00f6gunum \u00ed samr\u00e6mi vi\u00f0 \u00fej\u00e1lfunar\u00e1\u00e6tlanir sem \u00e1kve\u00f0nar eru fyrir greinina. \u00cd \u00fev\u00ed felst a\u00f0 emb\u00e6ttinu ber a\u00f0 samr\u00e6ma og hagr\u00e6\u00f0a fr\u00e6\u00f0slustarfsemi a\u00f0ildarfyrirt\u00e6kjanna, auk \u00feess a\u00f0 leggja sitt af m\u00f6rkum til faglegra g\u00e6\u00f0a umfram fr\u00e6\u00f0sluna og kortleggja \u00fearfir og t\u00e6kif\u00e6ri fyrir fr\u00e6\u00f0sluna. OMF - Nord og OK-Fisk Troms ber faglega \u00e1byrg\u00f0 \u00e1 l\u00e6rlingnum \u00e1 \u00fej\u00e1lfunart\u00edmabilinu.<\/p>\n\n\n\n<p><a href=\"https:\/\/maropp.no\/larling\/\" target=\"_blank\" rel=\"noreferrer noopener\">Lestu meira um hvernig \u00e1 a\u00f0 ver\u00f0a l\u00e6rlingur<\/a>.<\/p>\n\n\n\n<div class=\"wp-block-columns is-layout-flex wp-container-core-columns-is-layout-9d6595d7 wp-block-columns-is-layout-flex\">\n<div class=\"wp-block-column is-layout-flow wp-block-column-is-layout-flow\"><div class=\"wp-block-image\">\n<figure class=\"alignright size-large\"><a href=\"https:\/\/maropp.no\/nord\/\" target=\"_blank\" rel=\"noreferrer noopener\"><img decoding=\"async\" src=\"https:\/\/maropp.no\/wp-content\/themes\/maritim-opplaring\/assets\/images\/logo-blue.svg\" alt=\"\"\/><\/a><\/figure>\n<\/div><\/div>\n\n\n\n<div class=\"wp-block-column is-layout-flow wp-block-column-is-layout-flow\">\n<figure class=\"wp-block-image size-full\"><a href=\"https:\/\/www.okfisktroms.no\/\" target=\"_blank\" rel=\"noreferrer noopener\"><img decoding=\"async\" src=\"http:\/\/fda.no\/wp-content\/uploads\/2023\/10\/OK_Fisk_logo.png\" alt=\"\" class=\"wp-image-4477\"\/><\/a><\/figure>\n<\/div>\n<\/div>","protected":false},"excerpt":{"rendered":"<p>Vi er tilknyttet opppl\u00e6ringskontoret Maritim Oppl\u00e6ring Nord, og Oppl\u00e6ringskontoret for Fiskerifag i Troms (OK-Fisk Troms). Maropp og OK-Fisk Troms er godkjent som oppl\u00e6ringsbedrift p\u00e5 vegne av FDA AS. Vi har som regel ledig l\u00e6rlingeplass i l\u00f8pet av et \u00e5r. Ta gjerne&nbsp;kontakt med oss, &nbsp;Maritim Oppl\u00e6ring Nord&nbsp;eller OK-Fisk Troms om du \u00f8nsker l\u00e6rlingeplass. Oppl\u00e6ringskontorene tilrettelegger oppl\u00e6ring &#8230; <a title=\"A\u00f0 l\u00e6ra\" class=\"read-more\" href=\"https:\/\/fda.no\/is\/laerling\/\" aria-label=\"Read more about L\u00e6rling\">Read more<\/a><\/p>","protected":false},"author":1,"featured_media":0,"parent":0,"menu_order":0,"comment_status":"closed","ping_status":"closed","template":"","meta":{"inline_featured_image":false,"_monsterinsights_skip_tracking":false,"_monsterinsights_sitenote_active":false,"_monsterinsights_sitenote_note":"","_monsterinsights_sitenote_category":0,"footnotes":""},"class_list":["post-3202","page","type-page","status-publish"],"aioseo_notices":[],"_links":{"self":[{"href":"https:\/\/fda.no\/is\/wp-json\/wp\/v2\/pages\/3202","targetHints":{"allow":["GET"]}}],"collection":[{"href":"https:\/\/fda.no\/is\/wp-json\/wp\/v2\/pages"}],"about":[{"href":"https:\/\/fda.no\/is\/wp-json\/wp\/v2\/types\/page"}],"author":[{"embeddable":true,"href":"https:\/\/fda.no\/is\/wp-json\/wp\/v2\/users\/1"}],"replies":[{"embeddable":true,"href":"https:\/\/fda.no\/is\/wp-json\/wp\/v2\/comments?post=3202"}],"version-history":[{"count":14,"href":"https:\/\/fda.no\/is\/wp-json\/wp\/v2\/pages\/3202\/revisions"}],"predecessor-version":[{"id":4529,"href":"https:\/\/fda.no\/is\/wp-json\/wp\/v2\/pages\/3202\/revisions\/4529"}],"wp:attachment":[{"href":"https:\/\/fda.no\/is\/wp-json\/wp\/v2\/media?parent=3202"}],"curies":[{"name":"wp","href":"https:\/\/api.w.org\/{rel}","templated":true}]}}