{"id":27,"date":"2021-08-19T19:07:03","date_gmt":"2021-08-19T19:07:03","guid":{"rendered":"https:\/\/gpsites.co\/frame\/?page_id=27"},"modified":"2026-04-17T12:46:33","modified_gmt":"2026-04-17T12:46:33","slug":"prosjekter","status":"publish","type":"page","link":"https:\/\/fda.no\/is\/prosjekter\/","title":{"rendered":"PROSJEKTER UTF\u00d8RT AV FINNSNES DYKK &#038; ANLEGGSERVICE AS"},"content":{"rendered":"<div class=\"gb-container gb-container-4079aa22\"><div class=\"gb-inside-container\">\n\n<h1 class=\"gb-headline gb-headline-4ea93d1d gb-headline-text\">Verkefni \u00e1 vegum Finnsnes Dykk &amp; Anleggservice AS<\/h1>\n\n\n\n<p class=\"has-text-align-center has-medium-font-size\">Finnsnes Dykk &amp; Anleggservice AS hefur sinnt fj\u00f6lm\u00f6rgum verkefnum me\u00f0fram allri str\u00f6nd Nor\u00f0ur-Noregs, \u00fear \u00e1 me\u00f0al verkefnum me\u00f0 ne\u00f0ansj\u00e1varlei\u00f0slur, s\u00e6strengi.<\/p>\n\n\n<div class=\"gb-grid-wrapper gb-grid-wrapper-d8675c18\">\n<div class=\"gb-grid-column gb-grid-column-ca7cedbd\"><div class=\"gb-container gb-container-ca7cedbd shadow-container project\"><div class=\"gb-inside-container\">\n<div class=\"gb-container gb-container-b3bc1563 project-introduction\"><div class=\"gb-inside-container\">\n\n<h2 class=\"gb-headline gb-headline-838615de gb-headline-text\">Sj\u00f3l\u00ednur Troms\u00f8 flugv\u00f6llur<\/h2>\n\n\n\n<p class=\"gb-headline gb-headline-6c02c850 gb-headline-text\">Start Dato: 2021\/11<\/p>\n\n\n\n<p class=\"gb-headline gb-headline-c96bca2f gb-headline-text\">Ferdigstilt: 2021\/11<\/p>\n\n\n\n<p class=\"gb-headline gb-headline-8233fd35 gb-headline-text\">Sted:  Troms\u00f8, Troms<\/p>\n\n\n\n<p class=\"gb-headline gb-headline-0eaf193e gb-headline-text\">Sj\u00f3lei\u00f0slur undirverktaka \u00ed tengslum vi\u00f0 st\u00e6kkun Troms\u00f6 flugvallar. Lagning og l\u00e6kkun 318 m \u00d8500, og 313 m \u00d8710 \u00ed samvinnu vi\u00f0 Roald Madsen AS.<\/p>\n\n\n\n<p><\/p>\n\n\n\n<p class=\"gb-headline gb-headline-afd4fa35 gb-headline-text\"> <\/p>\n\n<\/div><\/div>\n<\/div><\/div><\/div>\n\n<div class=\"gb-grid-column gb-grid-column-1eff9391\"><div class=\"gb-container gb-container-1eff9391 shadow-container project\"><div class=\"gb-inside-container\">\n<div class=\"gb-container gb-container-cf1acaf8 project-introduction\"><div class=\"gb-inside-container\">\n\n<h2 class=\"gb-headline gb-headline-34d6270f gb-headline-text\">Uppsetning fiskeldisst\u00f6\u00f0var <\/h2>\n\n\n\n<p class=\"gb-headline gb-headline-9a79e003 gb-headline-text\">Start dato: 2021\/08<\/p>\n\n\n\n<p class=\"gb-headline gb-headline-7bc8e138 gb-headline-text\">Ferdigstilt dato: 2021\/09<\/p>\n\n\n\n<p class=\"gb-headline gb-headline-a3c385e1 gb-headline-text\">Sted:  S\u00f8r for Bod\u00f8, Nordland<\/p>\n\n\n\n<p class=\"gb-headline gb-headline-c16a24a5 gb-headline-text\">Uppsetning fiskeldisst\u00f6\u00f0var <\/p>\n\n<\/div><\/div>\n<\/div><\/div><\/div>\n\n<div class=\"gb-grid-column gb-grid-column-d695a080\"><div class=\"gb-container gb-container-d695a080 shadow-container project\"><div class=\"gb-inside-container\">\n<div class=\"gb-container gb-container-ef77e129 project-introduction\"><div class=\"gb-inside-container\">\n\n<h2 class=\"gb-headline gb-headline-a98a4b25 gb-headline-text\">And\u00f8ya Space<\/h2>\n\n\n\n<p class=\"gb-headline gb-headline-5b4cb558 gb-headline-text\">Start dato: 2021\/12<\/p>\n\n\n\n<p class=\"gb-headline gb-headline-c6b026b8 gb-headline-text\">Ferdigstilt: 2021\/12<\/p>\n\n\n\n<p class=\"gb-headline gb-headline-4a3ea1e5 gb-headline-text\">Sted: Dyr\u00f8y  <\/p>\n\n\n\n<p class=\"gb-headline gb-headline-541d8e18 gb-headline-text\">FDA ASTRI um bj\u00f6rgun \u00farkomu \u00far geimnum - loftbelgur og farmfarm sem enda\u00f0 haf\u00f0i \u00ed sj\u00f3num \u00ed Dyr\u00f8ysundet. Gervihn\u00f6tturinn fannst \u00e1 23 metra d\u00fdpi me\u00f0 s\u00f3nar \u00e1 ROV<\/p>\n\n\n\n<p><\/p>\n\n<\/div><\/div>\n<\/div><\/div><\/div>\n\n<div class=\"gb-grid-column gb-grid-column-b3a5b18e\"><div class=\"gb-container gb-container-b3a5b18e shadow-container project\"><div class=\"gb-inside-container\">\n<div class=\"gb-container gb-container-907cefd7 project-introduction\"><div class=\"gb-inside-container\">\n\n<h2 class=\"gb-headline gb-headline-26811358 gb-headline-text\">Bj\u00f6rgun \"Lykken\"<\/h2>\n\n\n\n<p class=\"gb-headline gb-headline-1dda591f gb-headline-text\">Start dato: 2022\/2<\/p>\n\n\n\n<p class=\"gb-headline gb-headline-de1deffc gb-headline-text\">Ferdigstilt: 2022\/2<\/p>\n\n\n\n<p class=\"gb-headline gb-headline-ead19a18 gb-headline-text\">Sted:  Nordv\u00e5gen, Nordkapp<\/p>\n\n\n\n<p class=\"gb-headline gb-headline-5ec49850 gb-headline-text\">NIKLAS bjargar sk\u00fatunni LYKKEN \u00ed Nordv\u00e5gen \u00e1 Nor\u00f0urh\u00f6f\u00f0a.<\/p>\n\n<\/div><\/div>\n<\/div><\/div><\/div>\n\n<div class=\"gb-grid-column gb-grid-column-d990b621\"><div class=\"gb-container gb-container-d990b621 shadow-container project\"><div class=\"gb-inside-container\">\n<div class=\"gb-container gb-container-e0598688 project-introduction\"><div class=\"gb-inside-container\">\n\n<h2 class=\"gb-headline gb-headline-73b3d0f7 gb-headline-text\">Vatnslei\u00f0slu \u00d8rnes-Reip\u00e5 h\u00f6fn fyrir Mel\u00f8y sveitarf\u00e9lagi\u00f0<\/h2>\n\n\n\n<p class=\"gb-headline gb-headline-2b99743e gb-headline-text\">Startdato: 2021\/09<\/p>\n\n\n\n<p class=\"gb-headline gb-headline-3ca89e4e gb-headline-text\">Ferdigstilt: 2021\/09<\/p>\n\n\n\n<p class=\"gb-headline gb-headline-0f989fdb gb-headline-text\">Sted:  Mel\u00f8y, Nordland<\/p>\n\n\n\n<p class=\"gb-headline gb-headline-11f3f354 gb-headline-text\">Finnsnes Dykk &amp; Anleggservice AS var me\u00f0 a\u00f0alsamninginn: 7 km af sj\u00f3lei\u00f0slum. Vatnslei\u00f0slu \u00d8rnes - Reip\u00e5 Havn. \u00d8225 PE 100 SDR 11.<\/p>\n\n<\/div><\/div>\n<\/div><\/div><\/div>\n\n<div class=\"gb-grid-column gb-grid-column-a60f345e\"><div class=\"gb-container gb-container-a60f345e shadow-container project\"><div class=\"gb-inside-container\">\n<div class=\"gb-container gb-container-94fee272 project-introduction\"><div class=\"gb-inside-container\">\n\n<h2 class=\"gb-headline gb-headline-cac06a62 gb-headline-text\">Sj\u00e1varlei\u00f0slur fyrir Harstad sveitarf\u00e9lagi\u00f0, Harstad su\u00f0ur samningur E4 <\/h2>\n\n\n\n<p class=\"gb-headline gb-headline-892dc4f9 gb-headline-text\">Start dato: 2019\/12<\/p>\n\n\n\n<p class=\"gb-headline gb-headline-1cf8d423 gb-headline-text\">Ferdigstilt dato: 2021\/12<\/p>\n\n\n\n<p class=\"gb-headline gb-headline-836a2ef1 gb-headline-text\">Sted:  Harstad, Troms<\/p>\n\n\n\n<p class=\"gb-headline gb-headline-c0469a90 gb-headline-text\">Finnsnes Dykk &amp; Anleggservice AS var a\u00f0alverktaki vi\u00f0 verkefni\u00f0 Harstad south enterprise E4 Sj\u00f8ledningen (u.\u00fe.b. 7 km). Verkefni\u00f0 felur \u00ed s\u00e9r d\u00e6lul\u00ednur \u00ed sj\u00f3 fr\u00e1 d\u00e6lust\u00f6\u00f0vum \u00ed Ruggevik, Holtet og Medkila upp a\u00f0 Stangnes Syd RA auk losunara\u00f0st\u00f6\u00f0u fr\u00e1 hreinsist\u00f6\u00f0inni. Heildarlengd d\u00e6lul\u00edna; Ruggevika PS \u2013 Holtet PS DN 200 PE100 SDR 13,6 lengd = ca. 1750 m, Holtet PS \u2013 Stangnes Syd RA, DN 250 PE100 SDR 13,6, lengd = ca. 2500 m, og Medkila PS \u2013 Stangnes Syd RA, DN 250 PE 100 SDR 13,6, lengd = ca. 2200 m. Losunarl\u00edna Stangnes Syd RA: 2 x DN280 PE100 SDR 17, heildarlengd ca. 1100 m (2\u00d7550 m). \u00de\u00e1 tekur fyrirt\u00e6ki\u00f0 til yfirfallsl\u00edna til sj\u00e1var fr\u00e1 d\u00e6lust\u00f6\u00f0vum og RA. Yfirfallsl\u00edna fr\u00e1 Stangnesi su\u00f0ur RA; DN280 PE100 SDR 17, lengd ca. 200 m, og stormvatnsl\u00edna\/\u00e1fallsd\u00e6lust\u00f6\u00f0 Stangnes Syd RA, DN250 PE100 SDR 17, heildarlengd ca. 150. Medkila og Ruggevika PS; DN355 PE 100 SDR 17 120 m og 110 m. <\/p>\n\n<\/div><\/div>\n<\/div><\/div><\/div>\n\n<div class=\"gb-grid-column gb-grid-column-dbeb3fcd\"><div class=\"gb-container gb-container-dbeb3fcd shadow-container project\"><div class=\"gb-inside-container\">\n<div class=\"gb-container gb-container-5304ccdf project-introduction\"><div class=\"gb-inside-container\">\n\n<h2 class=\"gb-headline gb-headline-a51c6ce3 gb-headline-text\">NLEAS i\u00f0na\u00f0arsv\u00e6\u00f0i B\u00f8r\u00f8ya, Sortland<\/h2>\n\n\n\n<p class=\"gb-headline gb-headline-37431f55 gb-headline-text\">Start Dato: 2019\/10<\/p>\n\n\n\n<p class=\"gb-headline gb-headline-ee15bf59 gb-headline-text\">Ferdigstilt: 2019\/10<\/p>\n\n\n\n<p class=\"gb-headline gb-headline-f828c0d8 gb-headline-text\">Sted:  Sortland, Nordland<\/p>\n\n\n\n<p class=\"gb-headline gb-headline-a7baa342 gb-headline-text\">Undirverktaki Sj\u00e1varlei\u00f0sluverkefni 11020 NLEAS I\u00f0na\u00f0arsv\u00e6\u00f0i B\u00f8r\u00f8ya. Fyrirt\u00e6ki 04. U.\u00fe.b. 2000 m \u00d8280 \/ 315 PE 100 SDR 11 <\/p>\n\n<\/div><\/div>\n<\/div><\/div><\/div>\n\n<div class=\"gb-grid-column gb-grid-column-46849319\"><div class=\"gb-container gb-container-46849319 shadow-container project\"><div class=\"gb-inside-container\">\n<div class=\"gb-container gb-container-b1c6ab44 project-introduction\"><div class=\"gb-inside-container\">\n\n<h2 class=\"gb-headline gb-headline-2d1d72d0 gb-headline-text\">Sj\u00e1varlei\u00f0slur Salmar, Klubben<\/h2>\n\n\n\n<p class=\"gb-headline gb-headline-ef02b221 gb-headline-text\">Startdato: 2020\/6<\/p>\n\n\n\n<p class=\"gb-headline gb-headline-4c721e27 gb-headline-text\">Ferdigstilt: 2020\/9<\/p>\n\n\n\n<p class=\"gb-headline gb-headline-3aabc8ea gb-headline-text\">Sted:  Gisundet, Senja, Troms<\/p>\n\n\n\n<p class=\"gb-headline gb-headline-e4ad510d gb-headline-text\">Sj\u00f3lagnir undirverktaka Salmar, Klubben. Lagning 6,5 km \u00d8355 mm fr\u00e1rennslisl\u00ednu, og lagning 4,5 km \u00d8710 inntaksl\u00ednu. Auk \u00feess var l\u00f6g\u00f0 6,5 km \u00d8160 losunarl\u00edna.<\/p>\n\n<\/div><\/div>\n<\/div><\/div><\/div>\n\n<div class=\"gb-grid-column gb-grid-column-7ecebfa1\"><div class=\"gb-container gb-container-7ecebfa1 shadow-container project\"><div class=\"gb-inside-container\">\n<div class=\"gb-container gb-container-68f3658b project-introduction\"><div class=\"gb-inside-container\">\n\n<h2 class=\"gb-headline gb-headline-a699a00c gb-headline-text\">Kynstofnast\u00f6\u00f0 \u00ed Troms, Salmar<\/h2>\n\n\n\n<p class=\"gb-headline gb-headline-909c0d93 gb-headline-text\">Fyrsta verkefni: 2016<\/p>\n\n\n\n<p class=\"gb-headline gb-headline-8f45f588 gb-headline-text\">Anna\u00f0 verkefni: 2018<\/p>\n\n\n\n<p class=\"gb-headline gb-headline-26a2a80c gb-headline-text\">Sted:  Stonglandseidet, Senja<\/p>\n\n\n\n<p class=\"gb-headline gb-headline-44eeeb0a gb-headline-text\">Lagning 500 m \u00d8710 PE 100 SDR17 sj\u00f3inntak, og 2 x 250 m \u00d8400 PE100 fr\u00e1rennslisl\u00ednur 2016. Troms Broodstock Station, SalMar: Afhending og uppsetning 75 metra \u00d8400 SDR 17 fr\u00e1rennslisl\u00ednu 2018. <\/p>\n\n<\/div><\/div>\n<\/div><\/div><\/div>\n\n<div class=\"gb-grid-column gb-grid-column-31b06280\"><div class=\"gb-container gb-container-31b06280 shadow-container project\"><div class=\"gb-inside-container\">\n<div class=\"gb-container gb-container-69905a3b project-introduction\"><div class=\"gb-inside-container\">\n\n<h2 class=\"gb-headline gb-headline-8363100b gb-headline-text\">Sj\u00f3lagnir fyrir Senja sveitarf\u00e9lag, vatnsveitur, Klubben<\/h2>\n\n\n\n<p class=\"gb-headline gb-headline-26af3b76 gb-headline-text\">Startdato: 2020\/12<\/p>\n\n\n\n<p class=\"gb-headline gb-headline-d98bc345 gb-headline-text\">Ferdigstilt: 2021\/12<\/p>\n\n\n\n<p class=\"gb-headline gb-headline-02d9c709 gb-headline-text\">Sted:  Gisundet, Senja, Troms<\/p>\n\n\n\n<p class=\"gb-headline gb-headline-19d26549 gb-headline-text\">A\u00f0alverktakasamningur E3 Sj\u00f8ledninger vannforsyning Klubben. Samningurinn n\u00e6r til u.\u00fe.b. 7 km af sj\u00f3l\u00f6gnum \u00d8355 PE 100 SDR 9 fyrir vatnsveitu \u00e1 \u00feremur hlutum yfir Gisundet, 160 m \u00d8255 PE 100 SDR 26 fr\u00e1rennslislei\u00f0slu og 240 m \u00d8 355 PE 100 SDR 26 skollagnir.<\/p>\n\n<\/div><\/div>\n<\/div><\/div><\/div>\n\n<div class=\"gb-grid-column gb-grid-column-0f985d33\"><div class=\"gb-container gb-container-0f985d33 shadow-container project\"><div class=\"gb-inside-container\">\n<div class=\"gb-container gb-container-42a3fe82 project-introduction\"><div class=\"gb-inside-container\">\n\n<h2 class=\"gb-headline gb-headline-96bcc9b5 gb-headline-text\">Sj\u00f3strengir fyrir Salmar, Indre Bringenes<\/h2>\n\n\n\n<p class=\"gb-headline gb-headline-432911bb gb-headline-text\">Start Dato: 2021\/11<\/p>\n\n\n\n<p class=\"gb-headline gb-headline-ee16c302 gb-headline-text\">Ferdigstilt: 2021\/11<\/p>\n\n\n\n<p class=\"gb-headline gb-headline-d46e8b2f gb-headline-text\">Sted:  Medfjorden, Senja, Troms<\/p>\n\n\n\n<p class=\"gb-headline gb-headline-286d5a77 gb-headline-text\"> 2 x 11-1200 metrar - \u00ed samvinnu vi\u00f0 J M Hansen. <\/p>\n\n<\/div><\/div>\n<\/div><\/div><\/div>\n\n<div class=\"gb-grid-column gb-grid-column-6e1ac8d4\"><div class=\"gb-container gb-container-6e1ac8d4 shadow-container project\"><div class=\"gb-inside-container\">\n<div class=\"gb-container gb-container-65aa767f project-introduction\"><div class=\"gb-inside-container\">\n\n<h2 class=\"gb-headline gb-headline-2dae4b02 gb-headline-text\">Sj\u00f3strengir fyrir Salmar, Larstangen <\/h2>\n\n\n\n<p class=\"gb-headline gb-headline-7d50054f gb-headline-text\">Start dato: 2019\/01<\/p>\n\n\n\n<p class=\"gb-headline gb-headline-efe9ddb1 gb-headline-text\">Ferdigstilt dato: 2019\/01<\/p>\n\n\n\n<p class=\"gb-headline gb-headline-2c7e6b40 gb-headline-text\">Sted:  Larstangen, Vann\u00f8ya, Troms<\/p>\n\n\n\n<p class=\"gb-headline gb-headline-3b4070af gb-headline-text\">1355 metrar af s\u00e6streng me\u00f0 trefjum - \u00ed samvinnu vi\u00f0 J M Hansen. <\/p>\n\n<\/div><\/div>\n<\/div><\/div><\/div>\n<\/div>\n<\/div><\/div>","protected":false},"excerpt":{"rendered":"<p>Prosjekter utf\u00f8rt av Finnsnes Dykk &amp; Anleggservice AS Finnsnes Dykk &amp; Anleggservice AS har utf\u00f8rt en rekke prosjekter langs hele kysten av Nord-Norge, herunder oppdrag med sj\u00f8ledninger, sj\u00f8kabler.<\/p>","protected":false},"author":1,"featured_media":0,"parent":0,"menu_order":0,"comment_status":"closed","ping_status":"closed","template":"","meta":{"inline_featured_image":false,"_monsterinsights_skip_tracking":false,"_monsterinsights_sitenote_active":false,"_monsterinsights_sitenote_note":"","_monsterinsights_sitenote_category":0,"footnotes":""},"class_list":["post-27","page","type-page","status-publish"],"aioseo_notices":[],"_links":{"self":[{"href":"https:\/\/fda.no\/is\/wp-json\/wp\/v2\/pages\/27","targetHints":{"allow":["GET"]}}],"collection":[{"href":"https:\/\/fda.no\/is\/wp-json\/wp\/v2\/pages"}],"about":[{"href":"https:\/\/fda.no\/is\/wp-json\/wp\/v2\/types\/page"}],"author":[{"embeddable":true,"href":"https:\/\/fda.no\/is\/wp-json\/wp\/v2\/users\/1"}],"replies":[{"embeddable":true,"href":"https:\/\/fda.no\/is\/wp-json\/wp\/v2\/comments?post=27"}],"version-history":[{"count":46,"href":"https:\/\/fda.no\/is\/wp-json\/wp\/v2\/pages\/27\/revisions"}],"predecessor-version":[{"id":5191,"href":"https:\/\/fda.no\/is\/wp-json\/wp\/v2\/pages\/27\/revisions\/5191"}],"wp:attachment":[{"href":"https:\/\/fda.no\/is\/wp-json\/wp\/v2\/media?parent=27"}],"curies":[{"name":"wp","href":"https:\/\/api.w.org\/{rel}","templated":true}]}}