{"id":25,"date":"2021-08-19T19:06:56","date_gmt":"2021-08-19T19:06:56","guid":{"rendered":"https:\/\/gpsites.co\/frame\/?page_id=25"},"modified":"2025-12-10T14:38:40","modified_gmt":"2025-12-10T14:38:40","slug":"omoss","status":"publish","type":"page","link":"https:\/\/fda.no\/is\/omoss\/","title":{"rendered":"OM FINNSNES DYKK &#038; ANLEGGSERVICE AS"},"content":{"rendered":"<div class=\"gb-container gb-container-cbaa5733\"><div class=\"gb-inside-container\">\n\n<h1 class=\"gb-headline gb-headline-e3acb814 gb-headline-text\">Finnsnes Dykk &amp; Anleggservice AS<\/h1>\n\n\n<div class=\"gb-grid-wrapper gb-grid-wrapper-962eafd9\">\n<div class=\"gb-grid-column gb-grid-column-855d5b21\"><div class=\"gb-container gb-container-855d5b21\"><div class=\"gb-inside-container\">\n\n<h3 class=\"gb-headline gb-headline-91f38850 gb-headline-text\">200<\/h3>\n\n\n\n<h5 class=\"gb-headline gb-headline-5f0fe82e\"><span class=\"gb-icon\"><svg aria-hidden=\"true\" role=\"img\" height=\"1em\" width=\"1em\" viewbox=\"0 0 448 512\" xmlns=\"http:\/\/www.w3.org\/2000\/svg\"><path fill=\"currentColor\" d=\"M400 32H48C21.49 32 0 53.49 0 80v352c0 26.51 21.49 48 48 48h352c26.51 0 48-21.49 48-48V80c0-26.51-21.49-48-48-48zm0 400H48V80h352v352zm-35.864-241.724L191.547 361.48c-4.705 4.667-12.303 4.637-16.97-.068l-90.781-91.516c-4.667-4.705-4.637-12.303.069-16.971l22.719-22.536c4.705-4.667 12.303-4.637 16.97.069l59.792 60.277 141.352-140.216c4.705-4.667 12.303-4.637 16.97.068l22.536 22.718c4.667 4.706 4.637 12.304-.068 16.971z\"><\/path><\/svg><\/span><span class=\"gb-headline-text\">K\u00edl\u00f3metrum af sj\u00f3l\u00ednum loka\u00f0 <\/span><\/h5>\n\n<\/div><\/div><\/div>\n\n<div class=\"gb-grid-column gb-grid-column-72d33bea\"><div class=\"gb-container gb-container-72d33bea\"><div class=\"gb-inside-container\">\n\n<h3 class=\"gb-headline gb-headline-45b91a94 gb-headline-text\">70<\/h3>\n\n\n\n<h5 class=\"gb-headline gb-headline-e57a2498\"><span class=\"gb-icon\"><svg aria-hidden=\"true\" role=\"img\" height=\"1em\" width=\"1em\" viewbox=\"0 0 448 512\" xmlns=\"http:\/\/www.w3.org\/2000\/svg\"><path fill=\"currentColor\" d=\"M400 32H48C21.49 32 0 53.49 0 80v352c0 26.51 21.49 48 48 48h352c26.51 0 48-21.49 48-48V80c0-26.51-21.49-48-48-48zm0 400H48V80h352v352zm-35.864-241.724L191.547 361.48c-4.705 4.667-12.303 4.637-16.97-.068l-90.781-91.516c-4.667-4.705-4.637-12.303.069-16.971l22.719-22.536c4.705-4.667 12.303-4.637 16.97.069l59.792 60.277 141.352-140.216c4.705-4.667 12.303-4.637 16.97.068l22.536 22.718c4.667 4.706 4.637 12.304-.068 16.971z\"><\/path><\/svg><\/span><span class=\"gb-headline-text\">Starfsmenn \u00fear \u00e1 me\u00f0al stj\u00f3rnunarstarfsmenn<\/span><\/h5>\n\n<\/div><\/div><\/div>\n\n<div class=\"gb-grid-column gb-grid-column-b8b1d207\"><div class=\"gb-container gb-container-b8b1d207\"><div class=\"gb-inside-container\">\n\n<h3 class=\"gb-headline gb-headline-e8d91b2e gb-headline-text\">24<\/h3>\n\n\n\n<h5 class=\"gb-headline gb-headline-b3e7480e\"><span class=\"gb-icon\"><svg aria-hidden=\"true\" role=\"img\" height=\"1em\" width=\"1em\" viewbox=\"0 0 448 512\" xmlns=\"http:\/\/www.w3.org\/2000\/svg\"><path fill=\"currentColor\" d=\"M400 32H48C21.49 32 0 53.49 0 80v352c0 26.51 21.49 48 48 48h352c26.51 0 48-21.49 48-48V80c0-26.51-21.49-48-48-48zm0 400H48V80h352v352zm-35.864-241.724L191.547 361.48c-4.705 4.667-12.303 4.637-16.97-.068l-90.781-91.516c-4.667-4.705-4.637-12.303.069-16.971l22.719-22.536c4.705-4.667 12.303-4.637 16.97.069l59.792 60.277 141.352-140.216c4.705-4.667 12.303-4.637 16.97.068l22.536 22.718c4.667 4.706 4.637 12.304-.068 16.971z\"><\/path><\/svg><\/span><span class=\"gb-headline-text\">Margra \u00e1ra reynsla sem sj\u00f3verktaki<\/span><\/h5>\n\n<\/div><\/div><\/div>\n\n<div class=\"gb-grid-column gb-grid-column-c7156127\"><div class=\"gb-container gb-container-c7156127\"><div class=\"gb-inside-container\">\n\n<h3 class=\"gb-headline gb-headline-fb39e679 gb-headline-text\">4<\/h3>\n\n\n\n<h5 class=\"gb-headline gb-headline-84126e87\"><span class=\"gb-icon\"><svg aria-hidden=\"true\" role=\"img\" height=\"1em\" width=\"1em\" viewbox=\"0 0 448 512\" xmlns=\"http:\/\/www.w3.org\/2000\/svg\"><path fill=\"currentColor\" d=\"M400 32H48C21.49 32 0 53.49 0 80v352c0 26.51 21.49 48 48 48h352c26.51 0 48-21.49 48-48V80c0-26.51-21.49-48-48-48zm0 400H48V80h352v352zm-35.864-241.724L191.547 361.48c-4.705 4.667-12.303 4.637-16.97-.068l-90.781-91.516c-4.667-4.705-4.637-12.303.069-16.971l22.719-22.536c4.705-4.667 12.303-4.637 16.97.069l59.792 60.277 141.352-140.216c4.705-4.667 12.303-4.637 16.97.068l22.536 22.718c4.667 4.706 4.637 12.304-.068 16.971z\"><\/path><\/svg><\/span><span class=\"gb-headline-text\">Langt\u00edmasamningur \u00ed fiskeldi<\/span><\/h5>\n\n<\/div><\/div><\/div>\n<\/div>\n<\/div><\/div>\n\n<div class=\"gb-container gb-container-abac1353\"><div class=\"gb-inside-container\">\n<div class=\"gb-grid-wrapper gb-grid-wrapper-0faad5fc\">\n<div class=\"gb-grid-column gb-grid-column-bc38feb6\"><div class=\"gb-container gb-container-bc38feb6\"><div class=\"gb-inside-container\">\n<div class=\"gb-container gb-container-6b0486ae shadow-container\"><div class=\"gb-inside-container\"><\/div><\/div>\n\n<div class=\"gb-container gb-container-f383f983\"><div class=\"gb-inside-container\">\n\n<h2 class=\"gb-headline gb-headline-2ef8f706 gb-headline-text shadow-headline\">FDA AS<\/h2>\n\n\n\n<p class=\"gb-headline gb-headline-2f8f1599\"><span class=\"gb-icon\"><svg viewbox=\"0 0 36.7 3\" xmlns=\"http:\/\/www.w3.org\/2000\/svg\"><path d=\"M0 0h36.7v3H0z\"><\/path><\/svg><\/span><span class=\"gb-headline-text\">FDA SEM siglingaverktaki. Vi\u00f0 erum yfir 60 f\u00e6rir og \u00fej\u00f3nustulunda\u00f0ir sj\u00f3menn og b\u00e1tastj\u00f3rar sem leggja \u00e1herslu \u00e1 g\u00e6\u00f0i, \u00f6ryggi og umhverfi. \u00c1 skipum okkar er fastr\u00e1\u00f0in \u00e1h\u00f6fn sem hefur v\u00ed\u00f0t\u00e6ka reynslu og v\u00ed\u00f0t\u00e6ka s\u00e9rfr\u00e6\u00f0i\u00feekkingu \u00e1 okkar s\u00e9rsvi\u00f0i. Vi\u00f0 h\u00f6fum \u00fatb\u00fai\u00f0 \u00f6ryggisstj\u00f3rnunarkerfi \u00ed EQS. <\/span><\/p>\n\n<\/div><\/div>\n<\/div><\/div><\/div>\n\n<div class=\"gb-grid-column gb-grid-column-7e766009\"><div class=\"gb-container gb-container-7e766009\"><div class=\"gb-inside-container\">\n<div class=\"gb-container gb-container-47e81c01\"><div class=\"gb-inside-container\">\n<div class=\"gb-grid-wrapper gb-grid-wrapper-402aea7c\">\n<div class=\"gb-grid-column gb-grid-column-7a1081a4\"><div class=\"gb-container gb-container-7a1081a4\"><div class=\"gb-inside-container\">\n\n<p class=\"gb-headline gb-headline-f74a00bb gb-headline-text shadow-headline\">01<\/p>\n\n<\/div><\/div><\/div>\n\n<div class=\"gb-grid-column gb-grid-column-0d44d920\"><div class=\"gb-container gb-container-0d44d920\"><div class=\"gb-inside-container\">\n\n<h3 class=\"gb-headline gb-headline-7db579df gb-headline-text\">\u00dej\u00f3nustub\u00e1tar<\/h3>\n\n\n\n<p>FDA MIMMI og NIKLAS eru tilb\u00fain \u00ed st\u00f3r og sm\u00e1 verkefni. Ef \u00fe\u00f6rf er \u00e1 skipum \u00ed annan vinnurekstur h\u00f6fum vi\u00f0 einnig \u00f6nnur tilt\u00e6k. FDA NIKLAS, FDA ASTRI, FDA FINN og FDA HANS eru \u00e1 langt\u00edmasamningi.<\/p>\n\n<\/div><\/div><\/div>\n<\/div>\n\n<div class=\"gb-grid-wrapper gb-grid-wrapper-344a22b5\">\n<div class=\"gb-grid-column gb-grid-column-132ae83f\"><div class=\"gb-container gb-container-132ae83f\"><div class=\"gb-inside-container\">\n\n<p class=\"gb-headline gb-headline-0e71fd77 gb-headline-text shadow-headline\">02<\/p>\n\n<\/div><\/div><\/div>\n\n<div class=\"gb-grid-column gb-grid-column-ee729656\"><div class=\"gb-container gb-container-ee729656\"><div class=\"gb-inside-container\">\n\n<h3 class=\"gb-headline gb-headline-14eea665 gb-headline-text\">\u00c1h\u00f6fn<\/h3>\n\n\n\n<p>Starfsmenn okkar hafa nau\u00f0synlega menntun og vottor\u00f0 fyrir \u00fe\u00e1 \u00fej\u00f3nustu sem vi\u00f0 bj\u00f3\u00f0um upp \u00e1.<\/p>\n\n<\/div><\/div><\/div>\n<\/div>\n\n<div class=\"gb-grid-wrapper gb-grid-wrapper-f82f0cc0\">\n<div class=\"gb-grid-column gb-grid-column-d9039a24\"><div class=\"gb-container gb-container-d9039a24\"><div class=\"gb-inside-container\">\n\n<p class=\"gb-headline gb-headline-884dee24 gb-headline-text shadow-headline\">03<\/p>\n\n<\/div><\/div><\/div>\n\n<div class=\"gb-grid-column gb-grid-column-fb5b7f08\"><div class=\"gb-container gb-container-fb5b7f08\"><div class=\"gb-inside-container\">\n\n<h3 class=\"gb-headline gb-headline-0f522f0a gb-headline-text\">Stj\u00f3rns\u00fdsla<\/h3>\n\n\n\n<p>Skrifstofa okkar \u00e1 Finnsnesi er me\u00f0 heims\u00f3knarheimili\u00f0 Strandveien 112. H\u00e9r erum vi\u00f0 einnig me\u00f0 lager og m\u00f3tt\u00f6ku fyrir t\u00e6ki \u00ed gegnum b\u00edl og yfir hafnarbakkann.<\/p>\n\n\n\n<p>Heimilisfang reiknings:<em>&nbsp;<\/em><\/p>\n\n\n\n<p><em>EHF eller .pdf til<\/em>: <a href=\"mailto:klient230@faktura.poweroffice.net\" target=\"_blank\" rel=\"noreferrer noopener\">klient230 @ faktura.poweroffice.net<\/a><\/p>\n\n<\/div><\/div><\/div>\n<\/div>\n<\/div><\/div>\n<\/div><\/div><\/div>\n<\/div>\n<\/div><div class=\"gb-shapes\"><div class=\"gb-shape gb-shape-1\"><svg xmlns=\"http:\/\/www.w3.org\/2000\/svg\" viewbox=\"0 0 1200 350\" preserveaspectratio=\"none\"><path d=\"M1200 336.7V350H0V0s22.4 276.4 1200 336.7z\"\/><\/svg><\/div><\/div><\/div>\n\n<div class=\"gb-container gb-container-967054f3\"><div class=\"gb-inside-container\">\n\n<h2 class=\"gb-headline gb-headline-75cb917e gb-headline-text shadow-headline\">SAGA FDA<\/h2>\n\n\n\n<p class=\"gb-headline gb-headline-5ad74b5e\"><span class=\"gb-icon\"><svg viewbox=\"0 0 36.7 3\" xmlns=\"http:\/\/www.w3.org\/2000\/svg\"><path d=\"M0 0h36.7v3H0z\"><\/path><\/svg><\/span><span class=\"gb-headline-text\">Finnsnes Dykk &amp; Anleggservice AS var stofna\u00f0 \u00e1ri\u00f0 2002 af Keneth Larsen. \u00cd upphafi var \u00fea\u00f0 a\u00f0allega k\u00f6funar\u00fej\u00f3nusta sem veitt var. \u00c1ri\u00f0 2008 var f\u00e9lagi\u00f0 skipulagt sem AS. Fr\u00e1 \u00e1rinu 2012 til \u00feessa hefur veri\u00f0 fj\u00e1rfest \u00ed nokkrum \u00fej\u00f3nustuskipum. FDA AS er 100% \u00ed eigu Keneth Larsen Holding AS.<\/span><\/p>\n\n<\/div><\/div>\n\n\n<p><\/p>","protected":false},"excerpt":{"rendered":"<p>Finnsnes Dykk &amp; Anleggservice AS FDA AS sin HISTORIE Finnsnes Dykk &amp; Anleggservice AS ble etablert i 2002 av Keneth Larsen. I starten var det i hovedsak dykkertjenester som ble levert. I 2008 ble firmaet organisert som et AS. Fra 2012 og fram til n\u00e5 er det investert i flere servicefart\u00f8y. FDA AS er 100% &#8230; <a title=\"OM FINNSNES DYKK &#038; ANLEGGSERVICE AS\" class=\"read-more\" href=\"https:\/\/fda.no\/is\/omoss\/\" aria-label=\"Read more about OM FINNSNES DYKK &#038; ANLEGGSERVICE AS\">Read more<\/a><\/p>","protected":false},"author":1,"featured_media":0,"parent":0,"menu_order":0,"comment_status":"closed","ping_status":"closed","template":"","meta":{"inline_featured_image":false,"_monsterinsights_skip_tracking":false,"_monsterinsights_sitenote_active":false,"_monsterinsights_sitenote_note":"","_monsterinsights_sitenote_category":0,"footnotes":""},"class_list":["post-25","page","type-page","status-publish"],"aioseo_notices":[],"_links":{"self":[{"href":"https:\/\/fda.no\/is\/wp-json\/wp\/v2\/pages\/25","targetHints":{"allow":["GET"]}}],"collection":[{"href":"https:\/\/fda.no\/is\/wp-json\/wp\/v2\/pages"}],"about":[{"href":"https:\/\/fda.no\/is\/wp-json\/wp\/v2\/types\/page"}],"author":[{"embeddable":true,"href":"https:\/\/fda.no\/is\/wp-json\/wp\/v2\/users\/1"}],"replies":[{"embeddable":true,"href":"https:\/\/fda.no\/is\/wp-json\/wp\/v2\/comments?post=25"}],"version-history":[{"count":55,"href":"https:\/\/fda.no\/is\/wp-json\/wp\/v2\/pages\/25\/revisions"}],"predecessor-version":[{"id":5151,"href":"https:\/\/fda.no\/is\/wp-json\/wp\/v2\/pages\/25\/revisions\/5151"}],"wp:attachment":[{"href":"https:\/\/fda.no\/is\/wp-json\/wp\/v2\/media?parent=25"}],"curies":[{"name":"wp","href":"https:\/\/api.w.org\/{rel}","templated":true}]}}