{"id":4174,"date":"2022-11-29T12:23:24","date_gmt":"2022-11-29T12:23:24","guid":{"rendered":"http:\/\/fda.no\/?page_id=4174"},"modified":"2025-06-19T08:33:06","modified_gmt":"2025-06-19T08:33:06","slug":"leverandorer","status":"publish","type":"page","link":"https:\/\/fda.no\/en\/leverandorer\/","title":{"rendered":"Leverand\u00f8rer"},"content":{"rendered":"<p>Som et ledd i at \u00c5penhetsloven tr\u00e5dte i kraft i juni 2022, ber vi v\u00e5re leverand\u00f8rer om \u00e5 besvare sp\u00f8rsm\u00e5l knyttet til deres arbeid med menneskerettigheter, arbeidsforhold internt samt risikovurdering av verdikjeden. P\u00e5 forh\u00e5nd takk.\u00a0<\/p><p>Mvh Finnsnes Dykk &amp; Anleggservice AS<\/p><p>\u00a0<\/p><div class=\"frm_forms  with_frm_style frm_style_formidable-style\" id=\"frm_form_4_container\" data-token=\"1c348a7ffffb7ec764887b409717d0c3\">\n<form enctype=\"multipart\/form-data\" method=\"post\" class=\"frm-show-form  frm_pro_form \" id=\"form_sporring-apenhetsloven\" data-token=\"1c348a7ffffb7ec764887b409717d0c3\">\n<div class=\"frm_form_fields  frm_page_num_1\">\n<fieldset>\n<legend class=\"frm_screen_reader\">Sp\u00f8rring - h\u00e5ndtering av menneskerettigheter og arbeidsforhold internt<\/legend>\r\n\r\n<div class=\"frm_fields_container\">\n<div class=\"frm_rootline_group\" role=\"group\" tabindex=\"0\" aria-label=\"Page 1 of 7\" ><ul class=\"frm_page_bar frm_rootline_7 frm_progress frm_progress_line  frm_show_lines \"><li class=\"frm_rootline_single frm_current_page\"><input type=\"button\" value=\"1\" data-page=\"\" class=\" frm_page_1\" aria-disabled=\"true\" data-field=\"0\" aria-label=\"Page 1\"  \/><\/li><li class=\"frm_rootline_single\"><input type=\"button\" value=\"2\" data-page=\"19\" class=\"frm_page_skip frm_page_2\" data-field=\"64\" aria-label=\"Neste\"  \/><\/li><li class=\"frm_rootline_single\"><input type=\"button\" value=\"3\" data-page=\"34\" class=\"frm_page_skip frm_page_3\" data-field=\"88\" aria-label=\"Neste\"  \/><\/li><li class=\"frm_rootline_single\"><input type=\"button\" value=\"4\" data-page=\"49\" class=\"frm_page_skip frm_page_4\" data-field=\"91\" aria-label=\"Neste\"  \/><\/li><li class=\"frm_rootline_single\"><input type=\"button\" value=\"5\" data-page=\"76\" class=\"frm_page_skip frm_page_5\" data-field=\"116\" aria-label=\"Neste\"  \/><\/li><li class=\"frm_rootline_single\"><input type=\"button\" value=\"6\" data-page=\"101\" class=\"frm_page_skip frm_page_6\" data-field=\"117\" aria-label=\"Neste\"  \/><\/li><li class=\"frm_rootline_single\"><input type=\"button\" value=\"7\" data-page=\"131\" class=\"frm_page_skip frm_page_7\" data-field=\"255\" aria-label=\"Page 7\"  \/><\/li><\/ul><div class=\"frm_percent_complete\">0% Complete<\/div><div class=\"frm_pages_complete\">1 of 7<\/div><div class=\"frm_clearfix\"><\/div><\/div><input type=\"hidden\" name=\"frm_action\" value=\"create\" \/>\n<input type=\"hidden\" name=\"form_id\" value=\"4\" \/>\n<input type=\"hidden\" name=\"frm_hide_fields_4\" id=\"frm_hide_fields_4\" value=\"\" \/>\n<input type=\"hidden\" name=\"form_key\" value=\"sporring-apenhetsloven\" \/>\n<input type=\"hidden\" name=\"item_meta[0]\" value=\"\" \/>\n<input type=\"hidden\" id=\"frm_submit_entry_4\" name=\"frm_submit_entry_4\" value=\"f2edd48e95\" \/><input type=\"hidden\" name=\"_wp_http_referer\" value=\"\/en\/wp-json\/wp\/v2\/pages\/4174\" \/><div id=\"frm_field_53_container\" class=\"frm_form_field  frm12 frm_first frm_html_container form-field\">\n<p><a href=\"https:\/\/lovdata.no\/dokument\/NL\/lov\/2003-05-09-31\/KAPITTEL_4#KAPITTEL_4\" target=\"_blank\" rel=\"noopener\">Milj\u00f8informasjonsloven<\/a><\/p>\n<\/div>\n<div id=\"frm_field_54_container\" class=\"frm_form_field frm_section_heading form-field \">\r\n<h3 class=\"frm_pos_hidden frm_section_spacing\">Generelt<\/h3>\r\n\r\n\r\n<div id=\"frm_field_58_container\" class=\"frm_form_field form-field  frm_required_field frm_inline_container frm12 horizontal_radio\">\r\n    <div  id=\"field_sporsmal1gen_label\" class=\"frm_primary_label\">Har dere en Code of Conduct eller tilsvarende for ansatte?\r\n        <span class=\"frm_required\" aria-hidden=\"true\">*<\/span>\r\n    <\/div>\r\n    <div class=\"frm_opt_container\" aria-labelledby=\"field_sporsmal1gen_label\" role=\"radiogroup\" aria-required=\"true\">\t\t<div class=\"frm_radio\" id=\"frm_radio_58-54-0\">\t\t\t<label  for=\"field_sporsmal1gen-0\">\n\t\t\t\t\t<input type=\"radio\" name=\"item_meta[58]\" id=\"field_sporsmal1gen-0\" value=\"Ja\"\n\t\t data-sectionid=\"54\"  data-reqmsg=\"Har dere en Code of Conduct eller tilsvarende for ansatte? cannot be blank.\" data-invmsg=\"Har dere en Code of Conduct eller tilsvarende for ansatte? is invalid\"   \/> Ja<\/label><\/div>\n\t\t<div class=\"frm_radio\" id=\"frm_radio_58-54-1\">\t\t\t<label  for=\"field_sporsmal1gen-1\">\n\t\t\t\t\t<input type=\"radio\" name=\"item_meta[58]\" id=\"field_sporsmal1gen-1\" value=\"Nei\"\n\t\t data-sectionid=\"54\"  data-reqmsg=\"Har dere en Code of Conduct eller tilsvarende for ansatte? cannot be blank.\" data-invmsg=\"Har dere en Code of Conduct eller tilsvarende for ansatte? is invalid\"   \/> Nei<\/label><\/div>\n\t\t<div class=\"frm_radio\" id=\"frm_radio_58-54-2\">\t\t\t<label  for=\"field_sporsmal1gen-2\">\n\t\t\t\t\t<input type=\"radio\" name=\"item_meta[58]\" id=\"field_sporsmal1gen-2\" value=\"Vet ikke\"\n\t\t data-sectionid=\"54\"  data-reqmsg=\"Har dere en Code of Conduct eller tilsvarende for ansatte? cannot be blank.\" data-invmsg=\"Har dere en Code of Conduct eller tilsvarende for ansatte? is invalid\"   \/> Vet ikke<\/label><\/div>\n<\/div>\r\n    \r\n    \r\n<\/div>\n<div id=\"frm_field_136_container\" class=\"frm_form_field form-field  frm_required_field frm_top_container frm12\">\r\n    <label for=\"field_sporsmal2gen\" id=\"field_sporsmal2gen_label\" class=\"frm_primary_label\">Hvordan forsikrer dere at den ansatte har gjennomg\u00e5tt Code of Conduct eller tilsvarende for ansatte?\r\n        <span class=\"frm_required\" aria-hidden=\"true\">*<\/span>\r\n    <\/label>\r\n    <input  type=\"text\" id=\"field_sporsmal2gen\" name=\"item_meta[136]\" value=\"\"  data-sectionid=\"54\"  data-reqmsg=\"Dette feltet kan ikke v\u00e6re blankt.\" aria-required=\"true\" data-invmsg=\"Tekst is invalid\" aria-invalid=\"false\"   \/>\r\n    \r\n    \r\n<\/div>\n<div id=\"frm_field_90_container\" class=\"frm_form_field form-field  frm_required_field frm_top_container frm12 vertical_radio\">\r\n    <div  id=\"field_sporsmal3gen_label\" class=\"frm_primary_label\">Hva slags arbeidsforhold (HMS) er det i selskapet, respekteres organisasjonsfrihet og arbeidstakerrettigheter, praktiseres null-toleranse for diskriminering?\r\n        <span class=\"frm_required\" aria-hidden=\"true\">*<\/span>\r\n    <\/div>\r\n    <div class=\"frm_opt_container\" aria-labelledby=\"field_sporsmal3gen_label\" role=\"radiogroup\" aria-required=\"true\">\t\t<div class=\"frm_radio\" id=\"frm_radio_90-54-0\">\t\t\t<label  for=\"field_sporsmal3gen-0\">\n\t\t\t\t\t<input type=\"radio\" name=\"item_meta[90]\" id=\"field_sporsmal3gen-0\" value=\"Ja\"\n\t\t data-sectionid=\"54\"  data-reqmsg=\"Hva slags arbeidsforhold (HMS) er det i selskapet, respekteres organisasjonsfrihet og arbeidstakerrettigheter, praktiseres null-toleranse for diskriminering? cannot be blank.\" data-invmsg=\"Hva slags arbeidsforhold (HMS) er det i selskapet, respekteres organisasjonsfrihet og arbeidstakerrettigheter, praktiseres null-toleranse for diskriminering? is invalid\"   \/> Ja<\/label><\/div>\n\t\t<div class=\"frm_radio\" id=\"frm_radio_90-54-1\">\t\t\t<label  for=\"field_sporsmal3gen-1\">\n\t\t\t\t\t<input type=\"radio\" name=\"item_meta[90]\" id=\"field_sporsmal3gen-1\" value=\"Nei\"\n\t\t data-sectionid=\"54\"  data-reqmsg=\"Hva slags arbeidsforhold (HMS) er det i selskapet, respekteres organisasjonsfrihet og arbeidstakerrettigheter, praktiseres null-toleranse for diskriminering? cannot be blank.\" data-invmsg=\"Hva slags arbeidsforhold (HMS) er det i selskapet, respekteres organisasjonsfrihet og arbeidstakerrettigheter, praktiseres null-toleranse for diskriminering? is invalid\"   \/> Nei<\/label><\/div>\n\t\t<div class=\"frm_radio\" id=\"frm_radio_90-54-2\">\t\t\t<label  for=\"field_sporsmal3gen-2\">\n\t\t\t\t\t<input type=\"radio\" name=\"item_meta[90]\" id=\"field_sporsmal3gen-2\" value=\"Vet ikke\"\n\t\t data-sectionid=\"54\"  data-reqmsg=\"Hva slags arbeidsforhold (HMS) er det i selskapet, respekteres organisasjonsfrihet og arbeidstakerrettigheter, praktiseres null-toleranse for diskriminering? cannot be blank.\" data-invmsg=\"Hva slags arbeidsforhold (HMS) er det i selskapet, respekteres organisasjonsfrihet og arbeidstakerrettigheter, praktiseres null-toleranse for diskriminering? is invalid\"   \/> Vet ikke<\/label><\/div>\n<\/div>\r\n    \r\n    \r\n<\/div>\n<div id=\"frm_field_60_container\" class=\"frm_form_field form-field  frm_required_field frm_inline_container frm12 horizontal_radio\">\r\n    <div  id=\"field_sporsmol4gen_label\" class=\"frm_primary_label\">Har dere en menneskerettspolicy?\r\n        <span class=\"frm_required\" aria-hidden=\"true\">*<\/span>\r\n    <\/div>\r\n    <div class=\"frm_opt_container\" aria-labelledby=\"field_sporsmol4gen_label\" role=\"radiogroup\" aria-required=\"true\">\t\t<div class=\"frm_radio\" id=\"frm_radio_60-54-0\">\t\t\t<label  for=\"field_sporsmol4gen-0\">\n\t\t\t\t\t<input type=\"radio\" name=\"item_meta[60]\" id=\"field_sporsmol4gen-0\" value=\"Ja\"\n\t\t data-sectionid=\"54\"  data-reqmsg=\"Har dere en menneskerettspolicy? cannot be blank.\" data-invmsg=\"Har dere en menneskerettspolicy? is invalid\"   \/> Ja<\/label><\/div>\n\t\t<div class=\"frm_radio\" id=\"frm_radio_60-54-1\">\t\t\t<label  for=\"field_sporsmol4gen-1\">\n\t\t\t\t\t<input type=\"radio\" name=\"item_meta[60]\" id=\"field_sporsmol4gen-1\" value=\"Nei\"\n\t\t data-sectionid=\"54\"  data-reqmsg=\"Har dere en menneskerettspolicy? cannot be blank.\" data-invmsg=\"Har dere en menneskerettspolicy? is invalid\"   \/> Nei<\/label><\/div>\n\t\t<div class=\"frm_radio\" id=\"frm_radio_60-54-2\">\t\t\t<label  for=\"field_sporsmol4gen-2\">\n\t\t\t\t\t<input type=\"radio\" name=\"item_meta[60]\" id=\"field_sporsmol4gen-2\" value=\"Vet ikke\"\n\t\t data-sectionid=\"54\"  data-reqmsg=\"Har dere en menneskerettspolicy? cannot be blank.\" data-invmsg=\"Har dere en menneskerettspolicy? is invalid\"   \/> Vet ikke<\/label><\/div>\n<\/div>\r\n    \r\n    \r\n<\/div>\n<div id=\"frm_field_61_container\" class=\"frm_form_field form-field  frm_required_field frm_inline_container frm12 frm_first horizontal_radio\">\r\n    <div  id=\"field_sporsmol5gen_label\" class=\"frm_primary_label\">Har de ansatte tilgang til en eller flere varslingskanaler?\r\n        <span class=\"frm_required\" aria-hidden=\"true\">*<\/span>\r\n    <\/div>\r\n    <div class=\"frm_opt_container\" aria-labelledby=\"field_sporsmol5gen_label\" role=\"radiogroup\" aria-required=\"true\">\t\t<div class=\"frm_radio\" id=\"frm_radio_61-54-0\">\t\t\t<label  for=\"field_sporsmol5gen-0\">\n\t\t\t\t\t<input type=\"radio\" name=\"item_meta[61]\" id=\"field_sporsmol5gen-0\" value=\"Ja\"\n\t\t data-sectionid=\"54\"  data-reqmsg=\"Har de ansatte tilgang til en eller flere varslingskanaler? cannot be blank.\" data-invmsg=\"Har de ansatte tilgang til en eller flere varslingskanaler? is invalid\"   \/> Ja<\/label><\/div>\n\t\t<div class=\"frm_radio\" id=\"frm_radio_61-54-1\">\t\t\t<label  for=\"field_sporsmol5gen-1\">\n\t\t\t\t\t<input type=\"radio\" name=\"item_meta[61]\" id=\"field_sporsmol5gen-1\" value=\"Nei\"\n\t\t data-sectionid=\"54\"  data-reqmsg=\"Har de ansatte tilgang til en eller flere varslingskanaler? cannot be blank.\" data-invmsg=\"Har de ansatte tilgang til en eller flere varslingskanaler? is invalid\"   \/> Nei<\/label><\/div>\n\t\t<div class=\"frm_radio\" id=\"frm_radio_61-54-2\">\t\t\t<label  for=\"field_sporsmol5gen-2\">\n\t\t\t\t\t<input type=\"radio\" name=\"item_meta[61]\" id=\"field_sporsmol5gen-2\" value=\"Vet ikke\"\n\t\t data-sectionid=\"54\"  data-reqmsg=\"Har de ansatte tilgang til en eller flere varslingskanaler? cannot be blank.\" data-invmsg=\"Har de ansatte tilgang til en eller flere varslingskanaler? is invalid\"   \/> Vet ikke<\/label><\/div>\n<\/div>\r\n    \r\n    \r\n<\/div>\n<div id=\"frm_field_100_container\" class=\"frm_form_field form-field  frm_top_container frm12 frm_first\">\r\n    <label for=\"field_sporsmal6gen\" id=\"field_sporsmal6gen_label\" class=\"frm_primary_label\">Eventuelle kommentarer til sp\u00f8rsm\u00e5l over\r\n        <span class=\"frm_required\" aria-hidden=\"true\"><\/span>\r\n    <\/label>\r\n    <input  type=\"text\" id=\"field_sporsmal6gen\" name=\"item_meta[100]\" value=\"\"  data-sectionid=\"54\"  data-invmsg=\"Tekst is invalid\" aria-invalid=\"false\"   \/>\r\n    \r\n    \r\n<\/div>\n<\/div>\n<input type=\"hidden\" name=\"frm_page_order_4\" id=\"frm_page_order_4\" value=\"19\" \/><input type=\"hidden\" name=\"item_meta[71]\" id=\"field_9ekyi\" value=\"\"     \/>\n<input type=\"hidden\" name=\"item_meta[62]\" id=\"field_sporsmal1dis-0\" value=\"\"  data-sectionid=\"71\"     \/>\n<input type=\"hidden\" name=\"item_meta[72]\" id=\"field_sporsmal2dis\" value=\"\"  data-sectionid=\"71\"     \/>\n<input type=\"hidden\" name=\"item_meta[73]\" id=\"field_sporsmal3dis-0\" value=\"\"  data-sectionid=\"71\"     \/>\n<input type=\"hidden\" name=\"item_meta[66]\" id=\"field_sporsmal4dis\" value=\"\"  data-sectionid=\"71\"     \/>\n<input type=\"hidden\" name=\"item_meta[101]\" id=\"field_sporsmal5dis\" value=\"\"  data-sectionid=\"71\"     \/>\n<input type=\"hidden\" name=\"item_meta[76]\" id=\"field_wjwnm\" value=\"\"     \/>\n<input type=\"hidden\" name=\"item_meta[88]\" id=\"field_g2k1v\" value=\"\"     \/>\n<input type=\"hidden\" name=\"item_meta[67]\" id=\"field_n6svp\" value=\"\"     \/>\n<input type=\"hidden\" name=\"item_meta[84]\" id=\"field_sporsmal1barn-0\" value=\"\"  data-sectionid=\"67\"     \/>\n<input type=\"hidden\" name=\"item_meta[79]\" id=\"field_sporsmal2barn\" value=\"\"  data-sectionid=\"67\"     \/>\n<input type=\"hidden\" name=\"item_meta[77]\" id=\"field_sporsmal3barn\" value=\"\"  data-sectionid=\"67\"     \/>\n<input type=\"hidden\" name=\"item_meta[78]\" id=\"field_sporsmal4barn\" value=\"\"  data-sectionid=\"67\"     \/>\n<input type=\"hidden\" name=\"item_meta[89]\" id=\"field_sporsmal5barn\" value=\"\"  data-sectionid=\"67\"     \/>\n<input type=\"hidden\" name=\"item_meta[68]\" id=\"field_m6bev\" value=\"\"     \/>\n<input type=\"hidden\" name=\"item_meta[91]\" id=\"field_tr7a5\" value=\"\"     \/>\n<input type=\"hidden\" name=\"item_meta[80]\" id=\"field_e3q9q\" value=\"\"     \/>\n<input type=\"hidden\" name=\"item_meta[85]\" id=\"field_sporsmal1arbforhold-0\" value=\"\"  data-sectionid=\"80\"     \/>\n<input type=\"hidden\" name=\"item_meta[95]\" id=\"field_sporsmal2arbforhold-0\" value=\"\"  data-sectionid=\"80\"     \/>\n<input type=\"hidden\" name=\"item_meta[96]\" id=\"field_sporsmal3arbforhold-0\" value=\"\"  data-sectionid=\"80\"     \/>\n<input type=\"hidden\" name=\"item_meta[98]\" id=\"field_sporsmal4arbforhold-0\" value=\"\"  data-sectionid=\"80\"     \/>\n<input type=\"hidden\" name=\"item_meta[92]\" id=\"field_sporsmal5arbforhold\" value=\"\"  data-sectionid=\"80\"     \/>\n<input type=\"hidden\" name=\"item_meta[83]\" id=\"field_sporsmal6arbforhold\" value=\"\"  data-sectionid=\"80\"     \/>\n<input type=\"hidden\" name=\"item_meta[86]\" id=\"field_sporsmal7arbforhold-0\" value=\"\"  data-sectionid=\"80\"     \/>\n<input type=\"hidden\" name=\"item_meta[97]\" id=\"field_sporsmal8arbforhold-0\" value=\"\"  data-sectionid=\"80\"     \/>\n<input type=\"hidden\" name=\"item_meta[99]\" id=\"field_sporsmal9arbforhold-0\" value=\"\"  data-sectionid=\"80\"     \/>\n<input type=\"hidden\" name=\"item_meta[94]\" id=\"field_sporsmal10arbforhold\" value=\"\"  data-sectionid=\"80\"     \/>\n<input type=\"hidden\" name=\"item_meta[102]\" id=\"field_sporsmal11arbforhold\" value=\"\"  data-sectionid=\"80\"     \/>\n<input type=\"hidden\" name=\"item_meta[87]\" id=\"field_qmw7u\" value=\"\"     \/>\n<input type=\"hidden\" name=\"item_meta[116]\" id=\"field_g4abt\" value=\"\"     \/>\n<input type=\"hidden\" name=\"item_meta[103]\" id=\"field_zuc3z\" value=\"\"     \/>\n<input type=\"hidden\" name=\"item_meta[105]\" id=\"field_sporsmal1hms-0\" value=\"\"  data-sectionid=\"103\"     \/>\n<input type=\"hidden\" name=\"item_meta[106]\" id=\"field_sporsmal2hms-0\" value=\"\"  data-sectionid=\"103\"     \/>\n<input type=\"hidden\" name=\"item_meta[107]\" id=\"field_sporsmal3hms-0\" value=\"\"  data-sectionid=\"103\"     \/>\n<input type=\"hidden\" name=\"item_meta[110]\" id=\"field_sporsmal4hms-0\" value=\"\"  data-sectionid=\"103\"     \/>\n<input type=\"hidden\" name=\"item_meta[111]\" id=\"field_sporsmal5hms-0\" value=\"\"  data-sectionid=\"103\"     \/>\n<input type=\"hidden\" name=\"item_meta[108]\" id=\"field_sporsmal6hms\" value=\"\"  data-sectionid=\"103\"     \/>\n<input type=\"hidden\" name=\"item_meta[109]\" id=\"field_sporsmal7hms\" value=\"\"  data-sectionid=\"103\"     \/>\n<input type=\"hidden\" name=\"item_meta[113]\" id=\"field_sporsmal8hms\" value=\"\"  data-sectionid=\"103\"     \/>\n<input type=\"hidden\" name=\"item_meta[112]\" id=\"field_sporsmal9hms-0\" value=\"\"  data-sectionid=\"103\"     \/>\n<input type=\"hidden\" name=\"item_meta[114]\" id=\"field_sporsmal10hms\" value=\"\"  data-sectionid=\"103\"     \/>\n<input type=\"hidden\" name=\"item_meta[115]\" id=\"field_we3od\" value=\"\"     \/>\n<input type=\"hidden\" name=\"item_meta[117]\" id=\"field_im9iw\" value=\"\"     \/>\n<input type=\"hidden\" name=\"item_meta[118]\" id=\"field_ffne1\" value=\"\"     \/>\n<input type=\"hidden\" name=\"item_meta[120]\" id=\"field_sporsmal1samansvar\" value=\"\"  data-sectionid=\"118\"     \/>\n<input type=\"hidden\" name=\"item_meta[121]\" id=\"field_sporsmal2samansvar\" value=\"\"  data-sectionid=\"118\"     \/>\n<input type=\"hidden\" name=\"item_meta[122]\" id=\"field_sporsmal3samansvar\" value=\"\"  data-sectionid=\"118\"     \/>\n<input type=\"hidden\" name=\"item_meta[119]\" id=\"field_ta4o\" value=\"\"     \/>\n<input type=\"hidden\" name=\"item_meta[123]\" id=\"field_vqqjx\" value=\"\"     \/>\n<input type=\"hidden\" name=\"item_meta[131]\" id=\"field_sporsmal1underlev-0\" value=\"\"  data-sectionid=\"123\"     \/>\n<input type=\"hidden\" name=\"item_meta[133]\" id=\"field_sporsmal2underlev-0\" value=\"\"  data-sectionid=\"123\"     \/>\n<input type=\"hidden\" name=\"item_meta[135]\" id=\"field_sporsmal3underlev\" value=\"\"  data-sectionid=\"123\"     \/>\n<input type=\"hidden\" name=\"item_meta[128]\" id=\"field_sporsmal4underlev2-0\" value=\"\"  data-sectionid=\"123\"     \/>\n<input type=\"hidden\" name=\"item_meta[129]\" id=\"field_sporsmal5underlev-0\" value=\"\"  data-sectionid=\"123\"     \/>\n<input type=\"hidden\" name=\"item_meta[126]\" id=\"field_sporsmal6underlev2\" value=\"\"  data-sectionid=\"123\"     \/>\n<input type=\"hidden\" name=\"item_meta[132]\" id=\"field_sporsmal7underlev2\" value=\"\"  data-sectionid=\"123\"     \/>\n<input type=\"hidden\" name=\"item_meta[130]\" id=\"field_sporsmal8underlev\" value=\"\"  data-sectionid=\"123\"     \/>\n<input type=\"hidden\" name=\"item_meta[127]\" id=\"field_lzlac\" value=\"\"     \/>\n<input type=\"hidden\" name=\"item_meta[255]\" id=\"field_8t885\" value=\"\"     \/>\n<input type=\"hidden\" name=\"item_meta[233]\" id=\"field_zengz\" value=\"\"     \/>\n<input type=\"hidden\" name=\"item_meta[235]\" id=\"field_2t5k\" value=\"For \u00e5 oppfylle krav i v\u00e5r Milj\u00f8fyrt\u00e5rnsertifisering plikter vi \u00e5 f\u00f8re dokumentasjon for milj\u00f8vennlig drift hos v\u00e5re leverand\u00f8rer.  FDA AS forbeholder seg retten til \u00e5 verifisere den informasjon som er gitt.\"  data-sectionid=\"233\"  data-frmval=\"For \u00e5 oppfylle krav i v\u00e5r Milj\u00f8fyrt\u00e5rnsertifisering plikter vi \u00e5 f\u00f8re dokumentasjon for milj\u00f8vennlig drift hos v\u00e5re leverand\u00f8rer.  FDA AS forbeholder seg retten til \u00e5 verifisere den informasjon som er gitt.\"   \/>\n<input type=\"hidden\" name=\"item_meta[236]\" id=\"field_gkhfo-0\" value=\"\"  data-sectionid=\"233\"     \/>\n<input type=\"hidden\" name=\"item_meta[237]\" id=\"field_vjqb\" value=\"\"  data-sectionid=\"233\"     \/>\n<input type=\"hidden\" name=\"item_meta[238]\" id=\"field_uerdo-0\" value=\"\"  data-sectionid=\"233\"     \/>\n<input type=\"hidden\" name=\"item_meta[239]\" id=\"field_odqnv\" value=\"\"  data-sectionid=\"233\"     \/>\n<input type=\"hidden\" name=\"item_meta[240]\" id=\"field_ot38u-0\" value=\"\"  data-sectionid=\"233\"     \/>\n<input type=\"hidden\" name=\"item_meta[241]\" id=\"field_abjzu\" value=\"\"  data-sectionid=\"233\"     \/>\n<input type=\"hidden\" name=\"item_meta[242]\" id=\"field_r7bbt-0\" value=\"\"  data-sectionid=\"233\"     \/>\n<input type=\"hidden\" name=\"item_meta[243]\" id=\"field_4o0j2\" value=\"\"  data-sectionid=\"233\"     \/>\n<input type=\"hidden\" name=\"item_meta[244]\" id=\"field_txdi-0\" value=\"\"  data-sectionid=\"233\"     \/>\n<input type=\"hidden\" name=\"item_meta[245]\" id=\"field_pa5pt\" value=\"\"  data-sectionid=\"233\"     \/>\n<input type=\"hidden\" name=\"item_meta[246]\" id=\"field_3ghcm-0\" value=\"\"  data-sectionid=\"233\"     \/>\n<input type=\"hidden\" name=\"item_meta[247]\" id=\"field_q6k2w\" value=\"\"  data-sectionid=\"233\"     \/>\n<input type=\"hidden\" name=\"item_meta[249]\" id=\"field_uh56q-0\" value=\"\"  data-sectionid=\"233\"     \/>\n<input type=\"hidden\" name=\"item_meta[250]\" id=\"field_kc0k9\" value=\"\"  data-sectionid=\"233\"     \/>\n<input type=\"hidden\" name=\"item_meta[251]\" id=\"field_kh426-0\" value=\"\"  data-sectionid=\"233\"     \/>\n<input type=\"hidden\" name=\"item_meta[252]\" id=\"field_gektg\" value=\"\"  data-sectionid=\"233\"     \/>\n<input type=\"hidden\" name=\"item_meta[253]\" id=\"field_k64hf-0\" value=\"\"  data-sectionid=\"233\"     \/>\n<input type=\"hidden\" name=\"item_meta[254]\" id=\"field_l41va\" value=\"\"  data-sectionid=\"233\"     \/>\n<input type=\"hidden\" name=\"item_meta[234]\" id=\"field_28mtu\" value=\"\"     \/>\n<input type=\"hidden\" name=\"item_meta[137]\" id=\"field_8i6ux\" value=\"\"     \/>\n<input type=\"hidden\" name=\"item_meta[143]\" id=\"field_v8f6n\" value=\"\"     \/>\n<input type=\"hidden\" name=\"item_meta[152]\" id=\"field_nr8e2\" value=\"\"     \/>\n<input type=\"hidden\" name=\"item_meta[139]\" id=\"field_g2m82\" value=\"\"     \/>\n<input type=\"hidden\" name=\"item_meta[142]\" id=\"field_kv7c7\" value=\"\"     \/>\n<input type=\"hidden\" name=\"item_meta[144]\" id=\"field_l9n2n-0\" value=\"\"     \/>\n<input type=\"hidden\" name=\"item_meta[257]\" id=\"field_bw4eu\" value=\"\"     \/>\n\t<input type=\"hidden\" name=\"item_key\" value=\"\" \/>\n\t\t\t<div id=\"frm_field_263_container\">\n\t\t\t<label for=\"field_b281t\" >\n\t\t\t\tIf you are human, leave this field blank.\t\t\t<\/label>\n\t\t\t<input  id=\"field_b281t\" type=\"text\" class=\"frm_form_field form-field frm_verify\" name=\"item_meta[263]\" value=\"\"  \/>\n\t\t<\/div>\n\t\t<input name=\"frm_state\" type=\"hidden\" value=\"2yOUwgEHWUsmJvp3t5PPrz5RKZtNyV5LND8WwRjihH24+v10beURb2IlkTzdMb6Y\" \/><div class=\"frm_submit\">\r\n\r\n<button class=\"frm_button_submit\" type=\"submit\"  >Neste<\/button>\r\n\r\n\r\n<\/div><\/div>\n<\/fieldset>\n<\/div>\n\n<\/form>\n<\/div>\n<em>Sp\u00f8rreverkt\u00f8y levert av Frifugl AS\/www.frifugl.no<\/em>\n","protected":false},"excerpt":{"rendered":"","protected":false},"author":3,"featured_media":0,"parent":0,"menu_order":0,"comment_status":"closed","ping_status":"closed","template":"","meta":{"inline_featured_image":false,"_monsterinsights_skip_tracking":false,"_monsterinsights_sitenote_active":false,"_monsterinsights_sitenote_note":"","_monsterinsights_sitenote_category":0,"footnotes":""},"class_list":["post-4174","page","type-page","status-publish"],"aioseo_notices":[],"_links":{"self":[{"href":"https:\/\/fda.no\/en\/wp-json\/wp\/v2\/pages\/4174","targetHints":{"allow":["GET"]}}],"collection":[{"href":"https:\/\/fda.no\/en\/wp-json\/wp\/v2\/pages"}],"about":[{"href":"https:\/\/fda.no\/en\/wp-json\/wp\/v2\/types\/page"}],"author":[{"embeddable":true,"href":"https:\/\/fda.no\/en\/wp-json\/wp\/v2\/users\/3"}],"replies":[{"embeddable":true,"href":"https:\/\/fda.no\/en\/wp-json\/wp\/v2\/comments?post=4174"}],"version-history":[{"count":2,"href":"https:\/\/fda.no\/en\/wp-json\/wp\/v2\/pages\/4174\/revisions"}],"predecessor-version":[{"id":4176,"href":"https:\/\/fda.no\/en\/wp-json\/wp\/v2\/pages\/4174\/revisions\/4176"}],"wp:attachment":[{"href":"https:\/\/fda.no\/en\/wp-json\/wp\/v2\/media?parent=4174"}],"curies":[{"name":"wp","href":"https:\/\/api.w.org\/{rel}","templated":true}]}}