{"id":3233,"date":"2022-03-14T08:49:04","date_gmt":"2022-03-14T08:49:04","guid":{"rendered":"http:\/\/fda.no\/?page_id=3233"},"modified":"2026-04-08T07:44:24","modified_gmt":"2026-04-08T07:44:24","slug":"jobb-i-fda-as","status":"publish","type":"page","link":"https:\/\/fda.no\/en\/jobb-i-fda-as\/","title":{"rendered":"Jobs at FDA AS"},"content":{"rendered":"<h4 class=\"wp-block-heading\"><strong>Sailors and skippers<\/strong><\/h4>\n\n\n\n<p>We are constantly in need of new employees, and if you find it interesting to work with us - send an email to&nbsp;<a href=\"mailto:adm@fda.no\">adm @ fda.no<\/a>.<\/p>\n\n\n\n<h4 class=\"wp-block-heading\"><strong>Apprenticeship<\/strong><\/h4>\n\n\n\n<p class=\"translation-block\">Finnsnes Dykk &amp; Anleggservice AS is approved as a <a rel=\"noreferrer noopener\" href=\"https:\/\/maropp.no\/nord\/\" target=\"_blank\"> apprenticeship in the sailor profession <\/a>. If you want an apprenticeship with us - send an email to <a href=\"mailto:adm@fda.no\" target=\"_self\"> adm @ fda.no <\/a>.<\/p>\n\n\n\n<blockquote class=\"wp-block-quote is-layout-flow wp-block-quote-is-layout-flow\">\n<p><em>We must be a leader in quality, and offer modern and future-oriented products and services. It requires a high level of competence at all levels<\/em><strong>.<\/strong><\/p>\n<cite>Keneth Larsen, chairman of the board<\/cite><\/blockquote>\n\n\n\n<p>All of us who work in Finnsnes Dykk &amp; Anleggservice AS must focus on the customer's needs. The customer must be able to trust us, and experience that we are unique in quality and reliability, both before, during and after delivery.<\/p>\n\n\n\n<p>Being a leader in quality requires competence at all levels. All employees shall strive to develop their own skills, and the company shall facilitate the development of a learning culture and stimulate competence development.<\/p>\n\n\n\n<h4 class=\"wp-block-heading\"><strong>What do we expect from you?<\/strong><\/h4>\n\n\n\n<p>You should have a basic safety course and an approved medical certificate for seafarers before you apply for a job with us as a sailor or sailor apprentice. As a skipper, you must also have D6 \/ D5. If you are hired, we expect you to represent the company externally in a great way and keep our values \u200b\u200bhigh. These are in key word form:<\/p>\n\n\n\n<ul class=\"wp-block-list\">\n<li>Reliable<\/li>\n\n\n\n<li>Modern and looking forward<\/li>\n\n\n\n<li>Quality conscious<\/li>\n<\/ul>\n\n\n\n<p>We set strict quality requirements, and there is no room for deviating from these. We also have a culture of renewal, and expect everyone to contribute suggestions for change and improvement. You must also be prepared to complete the necessary courses for skills development.<\/p>\n\n\n\n<h4 class=\"wp-block-heading\"><strong>What can you expect from us?<\/strong><\/h4>\n\n\n\n<p>We are a leading, solid and offensive company in our area. We have long experience and high competence, and have well-equipped boats and good equipment. We can offer our employees:<\/p>\n\n\n\n<ul class=\"wp-block-list\">\n<li>Interesting and challenging work tasks<\/li>\n\n\n\n<li>Good working enviroment<\/li>\n\n\n\n<li>Neat and stable employment conditions<\/li>\n\n\n\n<li>Competitive wage conditions<\/li>\n\n\n\n<li>Competence development<\/li>\n\n\n\n<li>Shift work on the boats<\/li>\n\n\n\n<li>Coverage of travel to and from the workplace<\/li>\n<\/ul>","protected":false},"excerpt":{"rendered":"<p>Matroser og skipsf\u00f8rere Vi har stadig behov for nye ansatte, og hvis du synes det virker interessant \u00e5 jobbe hos oss \u2013 send en epost til&nbsp;adm @ fda.no. L\u00e6rlingeplass Finnsnes Dykk &amp; Anleggservice AS er godkjent som&nbsp;l\u00e6rlingebedrift i matrosfaget. \u00d8nsker du l\u00e6rlingeplass oss hos \u2013 send en epost til&nbsp;adm @ fda.no. Vi skal v\u00e6re ledende &#8230; <a title=\"Jobs at FDA AS\" class=\"read-more\" href=\"https:\/\/fda.no\/en\/jobb-i-fda-as\/\" aria-label=\"Read more about Jobb i FDA AS\">Read more<\/a><\/p>","protected":false},"author":1,"featured_media":0,"parent":0,"menu_order":0,"comment_status":"closed","ping_status":"closed","template":"","meta":{"inline_featured_image":false,"_monsterinsights_skip_tracking":false,"_monsterinsights_sitenote_active":false,"_monsterinsights_sitenote_note":"","_monsterinsights_sitenote_category":0,"footnotes":""},"class_list":["post-3233","page","type-page","status-publish"],"aioseo_notices":[],"_links":{"self":[{"href":"https:\/\/fda.no\/en\/wp-json\/wp\/v2\/pages\/3233","targetHints":{"allow":["GET"]}}],"collection":[{"href":"https:\/\/fda.no\/en\/wp-json\/wp\/v2\/pages"}],"about":[{"href":"https:\/\/fda.no\/en\/wp-json\/wp\/v2\/types\/page"}],"author":[{"embeddable":true,"href":"https:\/\/fda.no\/en\/wp-json\/wp\/v2\/users\/1"}],"replies":[{"embeddable":true,"href":"https:\/\/fda.no\/en\/wp-json\/wp\/v2\/comments?post=3233"}],"version-history":[{"count":11,"href":"https:\/\/fda.no\/en\/wp-json\/wp\/v2\/pages\/3233\/revisions"}],"predecessor-version":[{"id":5189,"href":"https:\/\/fda.no\/en\/wp-json\/wp\/v2\/pages\/3233\/revisions\/5189"}],"wp:attachment":[{"href":"https:\/\/fda.no\/en\/wp-json\/wp\/v2\/media?parent=3233"}],"curies":[{"name":"wp","href":"https:\/\/api.w.org\/{rel}","templated":true}]}}