{"id":3202,"date":"2022-03-10T15:44:45","date_gmt":"2022-03-10T15:44:45","guid":{"rendered":"http:\/\/fda.no\/?page_id=3202"},"modified":"2023-10-27T13:33:36","modified_gmt":"2023-10-27T13:33:36","slug":"laerling","status":"publish","type":"page","link":"https:\/\/fda.no\/en\/laerling\/","title":{"rendered":"Apprentice"},"content":{"rendered":"<p class=\"translation-block\">We are associated with the training office Maritime Training Nord, and the Training Office for Fisheries in Troms (OK-Fisk Troms). Maropp and OK-Fisk Troms are approved as training companies on behalf of FDA AS. We usually have an apprentice place available during the year. Feel free to <a href=\"http:\/\/fda.no\/en\/kontakt\/\" target=\"_self\">contact us<\/a>, <a rel=\"noreferrer noopener\" href=\"https:\/\/maropp.no \/nord\/\" target=\"_blank\">Maritim Training North<\/a>\u00a0or <a rel=\"noreferrer noopener\" href=\"https:\/\/www.okfiskstroms.no\/\" target=\"_blank\">OK-Fisk Troms <\/a> if you want an apprenticeship.<\/p>\n\n\n\n<p>The training offices arrange training in the shipping companies in accordance with training plans determined for the subject. This means that the office must coordinate and streamline the member companies' training activities, as well as contribute to professional quality over the training and map needs and opportunities for the training. OMF - Nord and OK-Fisk Troms has the professional responsibility for the apprentice during the training period.<\/p>\n\n\n\n<p><a href=\"https:\/\/maropp.no\/larling\/\" target=\"_blank\" rel=\"noreferrer noopener\">Read more about how to become an apprentice<\/a>.<\/p>\n\n\n\n<div class=\"wp-block-columns is-layout-flex wp-container-core-columns-is-layout-9d6595d7 wp-block-columns-is-layout-flex\">\n<div class=\"wp-block-column is-layout-flow wp-block-column-is-layout-flow\"><div class=\"wp-block-image\">\n<figure class=\"alignright size-large\"><a href=\"https:\/\/maropp.no\/nord\/\" target=\"_blank\" rel=\"noreferrer noopener\"><img decoding=\"async\" src=\"https:\/\/maropp.no\/wp-content\/themes\/maritim-opplaring\/assets\/images\/logo-blue.svg\" alt=\"\"\/><\/a><\/figure>\n<\/div><\/div>\n\n\n\n<div class=\"wp-block-column is-layout-flow wp-block-column-is-layout-flow\">\n<figure class=\"wp-block-image size-full\"><a href=\"https:\/\/www.okfisktroms.no\/\" target=\"_blank\" rel=\"noreferrer noopener\"><img decoding=\"async\" src=\"http:\/\/fda.no\/wp-content\/uploads\/2023\/10\/OK_Fisk_logo.png\" alt=\"\" class=\"wp-image-4477\"\/><\/a><\/figure>\n<\/div>\n<\/div>","protected":false},"excerpt":{"rendered":"<p>Vi er tilknyttet opppl\u00e6ringskontoret Maritim Oppl\u00e6ring Nord, og Oppl\u00e6ringskontoret for Fiskerifag i Troms (OK-Fisk Troms). Maropp og OK-Fisk Troms er godkjent som oppl\u00e6ringsbedrift p\u00e5 vegne av FDA AS. Vi har som regel ledig l\u00e6rlingeplass i l\u00f8pet av et \u00e5r. Ta gjerne&nbsp;kontakt med oss, &nbsp;Maritim Oppl\u00e6ring Nord&nbsp;eller OK-Fisk Troms om du \u00f8nsker l\u00e6rlingeplass. Oppl\u00e6ringskontorene tilrettelegger oppl\u00e6ring &#8230; <a title=\"Apprentice\" class=\"read-more\" href=\"https:\/\/fda.no\/en\/laerling\/\" aria-label=\"Read more about L\u00e6rling\">Read more<\/a><\/p>","protected":false},"author":1,"featured_media":0,"parent":0,"menu_order":0,"comment_status":"closed","ping_status":"closed","template":"","meta":{"inline_featured_image":false,"_monsterinsights_skip_tracking":false,"_monsterinsights_sitenote_active":false,"_monsterinsights_sitenote_note":"","_monsterinsights_sitenote_category":0,"footnotes":""},"class_list":["post-3202","page","type-page","status-publish"],"aioseo_notices":[],"_links":{"self":[{"href":"https:\/\/fda.no\/en\/wp-json\/wp\/v2\/pages\/3202","targetHints":{"allow":["GET"]}}],"collection":[{"href":"https:\/\/fda.no\/en\/wp-json\/wp\/v2\/pages"}],"about":[{"href":"https:\/\/fda.no\/en\/wp-json\/wp\/v2\/types\/page"}],"author":[{"embeddable":true,"href":"https:\/\/fda.no\/en\/wp-json\/wp\/v2\/users\/1"}],"replies":[{"embeddable":true,"href":"https:\/\/fda.no\/en\/wp-json\/wp\/v2\/comments?post=3202"}],"version-history":[{"count":14,"href":"https:\/\/fda.no\/en\/wp-json\/wp\/v2\/pages\/3202\/revisions"}],"predecessor-version":[{"id":4529,"href":"https:\/\/fda.no\/en\/wp-json\/wp\/v2\/pages\/3202\/revisions\/4529"}],"wp:attachment":[{"href":"https:\/\/fda.no\/en\/wp-json\/wp\/v2\/media?parent=3202"}],"curies":[{"name":"wp","href":"https:\/\/api.w.org\/{rel}","templated":true}]}}