{"id":27,"date":"2021-08-19T19:07:03","date_gmt":"2021-08-19T19:07:03","guid":{"rendered":"https:\/\/gpsites.co\/frame\/?page_id=27"},"modified":"2023-12-12T14:29:59","modified_gmt":"2023-12-12T14:29:59","slug":"prosjekter","status":"publish","type":"page","link":"https:\/\/fda.no\/en\/prosjekter\/","title":{"rendered":"PROSJEKTER UTF\u00d8RT AV FINNSNES DYKK &#038; ANLEGGSERVICE AS"},"content":{"rendered":"<div class=\"gb-container gb-container-4079aa22\"><div class=\"gb-inside-container\">\n\n<h1 class=\"gb-headline gb-headline-4ea93d1d gb-headline-text\">Projects carried out by Finnsnes Dykk &amp; Anleggservice AS<\/h1>\n\n\n\n<p class=\"has-text-align-center has-medium-font-size\">Finnsnes Dykk &amp; Anleggservice AS has carried out a number of projects along the entire coast of Northern Norway, including assignments with submarine pipelines, submarine cables.<\/p>\n\n\n<div class=\"gb-grid-wrapper gb-grid-wrapper-d8675c18\">\n<div class=\"gb-grid-column gb-grid-column-ca7cedbd\"><div class=\"gb-container gb-container-ca7cedbd shadow-container project\"><div class=\"gb-inside-container\">\n<div class=\"gb-container gb-container-b3bc1563 project-introduction\"><div class=\"gb-inside-container\">\n\n<h2 class=\"gb-headline gb-headline-838615de gb-headline-text\">Sea lines Troms\u00f8 Airport<\/h2>\n\n\n\n<p class=\"gb-headline gb-headline-6c02c850 gb-headline-text\">Start Dato: 2021\/11<\/p>\n\n\n\n<p class=\"gb-headline gb-headline-c96bca2f gb-headline-text\">Ferdigstilt: 2021\/11<\/p>\n\n\n\n<p class=\"gb-headline gb-headline-8233fd35 gb-headline-text\">Sted:  Troms\u00f8, Troms<\/p>\n\n\n\n<p class=\"gb-headline gb-headline-0eaf193e gb-headline-text\">Subcontractor sea pipelines in connection with the expansion of Troms\u00f8 Airport. Laying and lowering 318 m \u00d8500, and 313 m \u00d8710 in collaboration with Roald Madsen AS.<\/p>\n\n\n\n<p><\/p>\n\n\n\n<p class=\"gb-headline gb-headline-afd4fa35 gb-headline-text\"> <\/p>\n\n<\/div><\/div>\n<\/div><\/div><\/div>\n\n<div class=\"gb-grid-column gb-grid-column-1eff9391\"><div class=\"gb-container gb-container-1eff9391 shadow-container project\"><div class=\"gb-inside-container\">\n<div class=\"gb-container gb-container-cf1acaf8 project-introduction\"><div class=\"gb-inside-container\">\n\n<h2 class=\"gb-headline gb-headline-34d6270f gb-headline-text\">Installation of fish farm <\/h2>\n\n\n\n<p class=\"gb-headline gb-headline-9a79e003 gb-headline-text\">Start dato: 2021\/08<\/p>\n\n\n\n<p class=\"gb-headline gb-headline-7bc8e138 gb-headline-text\">Ferdigstilt dato: 2021\/09<\/p>\n\n\n\n<p class=\"gb-headline gb-headline-a3c385e1 gb-headline-text\">Sted:  S\u00f8r for Bod\u00f8, Nordland<\/p>\n\n\n\n<p class=\"gb-headline gb-headline-c16a24a5 gb-headline-text\">Installation of fish farm <\/p>\n\n<\/div><\/div>\n<\/div><\/div><\/div>\n\n<div class=\"gb-grid-column gb-grid-column-d695a080\"><div class=\"gb-container gb-container-d695a080 shadow-container project\"><div class=\"gb-inside-container\">\n<div class=\"gb-container gb-container-ef77e129 project-introduction\"><div class=\"gb-inside-container\">\n\n<h2 class=\"gb-headline gb-headline-a98a4b25 gb-headline-text\">And\u00f8ya Space<\/h2>\n\n\n\n<p class=\"gb-headline gb-headline-5b4cb558 gb-headline-text\">Start dato: 2021\/12<\/p>\n\n\n\n<p class=\"gb-headline gb-headline-c6b026b8 gb-headline-text\">Ferdigstilt: 2021\/12<\/p>\n\n\n\n<p class=\"gb-headline gb-headline-4a3ea1e5 gb-headline-text\">Sted: Dyr\u00f8y  <\/p>\n\n\n\n<p class=\"gb-headline gb-headline-541d8e18 gb-headline-text\">FDA ASTRI on salvage of precipitation from space - balloon and payload that had ended up in the sea in Dyr\u00f8ysundet. The satellite was found at a depth of 23 meters using sonar on an ROV<\/p>\n\n\n\n<p><\/p>\n\n<\/div><\/div>\n<\/div><\/div><\/div>\n\n<div class=\"gb-grid-column gb-grid-column-b3a5b18e\"><div class=\"gb-container gb-container-b3a5b18e shadow-container project\"><div class=\"gb-inside-container\">\n<div class=\"gb-container gb-container-907cefd7 project-introduction\"><div class=\"gb-inside-container\">\n\n<h2 class=\"gb-headline gb-headline-26811358 gb-headline-text\">Salvage of \"Lykken\"<\/h2>\n\n\n\n<p class=\"gb-headline gb-headline-1dda591f gb-headline-text\">Start dato: 2022\/2<\/p>\n\n\n\n<p class=\"gb-headline gb-headline-de1deffc gb-headline-text\">Ferdigstilt: 2022\/2<\/p>\n\n\n\n<p class=\"gb-headline gb-headline-ead19a18 gb-headline-text\">Sted:  Nordv\u00e5gen, Nordkapp<\/p>\n\n\n\n<p class=\"gb-headline gb-headline-5ec49850 gb-headline-text\">NIKLAS saves the schooner LYKKEN in Nordv\u00e5gen in the North Cape.<\/p>\n\n<\/div><\/div>\n<\/div><\/div><\/div>\n\n<div class=\"gb-grid-column gb-grid-column-d990b621\"><div class=\"gb-container gb-container-d990b621 shadow-container project\"><div class=\"gb-inside-container\">\n<div class=\"gb-container gb-container-e0598688 project-introduction\"><div class=\"gb-inside-container\">\n\n<h2 class=\"gb-headline gb-headline-73b3d0f7 gb-headline-text\">Water pipeline \u00d8rnes-Reip\u00e5 Harbor for Mel\u00f8y municipality<\/h2>\n\n\n\n<p class=\"gb-headline gb-headline-2b99743e gb-headline-text\">Startdato: 2021\/09<\/p>\n\n\n\n<p class=\"gb-headline gb-headline-3ca89e4e gb-headline-text\">Ferdigstilt: 2021\/09<\/p>\n\n\n\n<p class=\"gb-headline gb-headline-0f989fdb gb-headline-text\">Sted:  Mel\u00f8y, Nordland<\/p>\n\n\n\n<p class=\"gb-headline gb-headline-11f3f354 gb-headline-text\">Finnsnes Dykk &amp; Anleggservice AS had the main contract: 7 km of sea pipelines. Water pipeline \u00d8rnes - Reip\u00e5 Havn. \u00d8225 PE 100 SDR 11.<\/p>\n\n<\/div><\/div>\n<\/div><\/div><\/div>\n\n<div class=\"gb-grid-column gb-grid-column-a60f345e\"><div class=\"gb-container gb-container-a60f345e shadow-container project\"><div class=\"gb-inside-container\">\n<div class=\"gb-container gb-container-94fee272 project-introduction\"><div class=\"gb-inside-container\">\n\n<h2 class=\"gb-headline gb-headline-cac06a62 gb-headline-text\">Seawater pipelines for Harstad municipality, Harstad south contract E4 <\/h2>\n\n\n\n<p class=\"gb-headline gb-headline-892dc4f9 gb-headline-text\">Start dato: 2019\/12<\/p>\n\n\n\n<p class=\"gb-headline gb-headline-1cf8d423 gb-headline-text\">Ferdigstilt dato: 2021\/12<\/p>\n\n\n\n<p class=\"gb-headline gb-headline-836a2ef1 gb-headline-text\">Sted:  Harstad, Troms<\/p>\n\n\n\n<p class=\"gb-headline gb-headline-c0469a90 gb-headline-text\">Finnsnes Dykk &amp; Anleggservice AS was the main contractor for the project Harstad south enterprise E4 Sj\u00f8ledningen (approx. 7 km). The undertaking includes pumping lines in the sea from pumping stations in Ruggevik, Holtet and Medkila up to Stangnes Syd RA as well as discharge facilities from the treatment plant. Total lengths of pump lines; Ruggevika PS \u2013 Holtet PS DN 200 PE100 SDR 13.6 length = approx. 1750 m, Holtet PS \u2013 Stangnes Syd RA, DN 250 PE100 SDR 13.6, length = approx. 2500 m, and Medkila PS \u2013 Stangnes Syd RA, DN 250 PE 100 SDR 13.6, length = approx. 2200 m. Discharge line Stangnes Syd RA: 2 x DN280 PE100 SDR 17, total length approx. 1100 m (2\u00d7550 m). The undertaking also includes overflow lines to the sea from pumping stations and RA. Overflow line from Stangnes south RA; DN280 PE100 SDR 17, length approx. 200 m, and storm water line\/overflow internal pumping station Stangnes Syd RA, DN250 PE100 SDR 17, total length approx. 150. Medkila and Ruggevika PS; DN355 PE 100 SDR 17 120 m and 110 m. <\/p>\n\n<\/div><\/div>\n<\/div><\/div><\/div>\n\n<div class=\"gb-grid-column gb-grid-column-dbeb3fcd\"><div class=\"gb-container gb-container-dbeb3fcd shadow-container project\"><div class=\"gb-inside-container\">\n<div class=\"gb-container gb-container-5304ccdf project-introduction\"><div class=\"gb-inside-container\">\n\n<h2 class=\"gb-headline gb-headline-a51c6ce3 gb-headline-text\">NLEAS Industrial Area B\u00f8r\u00f8ya, Sortland<\/h2>\n\n\n\n<p class=\"gb-headline gb-headline-37431f55 gb-headline-text\">Start Dato: 2019\/10<\/p>\n\n\n\n<p class=\"gb-headline gb-headline-ee15bf59 gb-headline-text\">Ferdigstilt: 2019\/10<\/p>\n\n\n\n<p class=\"gb-headline gb-headline-f828c0d8 gb-headline-text\">Sted:  Sortland, Nordland<\/p>\n\n\n\n<p class=\"gb-headline gb-headline-a7baa342 gb-headline-text\">Subcontractor Seawater pipeline project 11020 NLEAS Industrial area B\u00f8r\u00f8ya. Company 04. Approx. 2000 m \u00d8280 \/ 315 PE 100 SDR 11 <\/p>\n\n<\/div><\/div>\n<\/div><\/div><\/div>\n\n<div class=\"gb-grid-column gb-grid-column-46849319\"><div class=\"gb-container gb-container-46849319 shadow-container project\"><div class=\"gb-inside-container\">\n<div class=\"gb-container gb-container-b1c6ab44 project-introduction\"><div class=\"gb-inside-container\">\n\n<h2 class=\"gb-headline gb-headline-2d1d72d0 gb-headline-text\">Seawater pipelines Salmar, Klubben<\/h2>\n\n\n\n<p class=\"gb-headline gb-headline-ef02b221 gb-headline-text\">Startdato: 2020\/6<\/p>\n\n\n\n<p class=\"gb-headline gb-headline-4c721e27 gb-headline-text\">Ferdigstilt: 2020\/9<\/p>\n\n\n\n<p class=\"gb-headline gb-headline-3aabc8ea gb-headline-text\">Sted:  Gisundet, Senja, Troms<\/p>\n\n\n\n<p class=\"gb-headline gb-headline-e4ad510d gb-headline-text\">Subcontractor seawater pipelines Salmar, Klubben. Laying of 6.5 km \u00d8355 mm discharge line, and laying of 4.5 km \u00d8710 intake line. In addition, a 6.5 km \u00d8160 discharge line was laid.<\/p>\n\n<\/div><\/div>\n<\/div><\/div><\/div>\n\n<div class=\"gb-grid-column gb-grid-column-7ecebfa1\"><div class=\"gb-container gb-container-7ecebfa1 shadow-container project\"><div class=\"gb-inside-container\">\n<div class=\"gb-container gb-container-68f3658b project-introduction\"><div class=\"gb-inside-container\">\n\n<h2 class=\"gb-headline gb-headline-a699a00c gb-headline-text\">Troms broodstock station, Salmar<\/h2>\n\n\n\n<p class=\"gb-headline gb-headline-909c0d93 gb-headline-text\">First project: 2016<\/p>\n\n\n\n<p class=\"gb-headline gb-headline-8f45f588 gb-headline-text\">Second project: 2018<\/p>\n\n\n\n<p class=\"gb-headline gb-headline-26a2a80c gb-headline-text\">Sted:  Stonglandseidet, Senja<\/p>\n\n\n\n<p class=\"gb-headline gb-headline-44eeeb0a gb-headline-text\">Laying of 500 m \u00d8710 PE 100 SDR17 seawater intake, and 2 x 250 m \u00d8400 PE100 discharge lines in 2016. Troms Broodstock Station, SalMar: Delivery and installation of 75 meters \u00d8400 SDR 17 discharge line in 2018. <\/p>\n\n<\/div><\/div>\n<\/div><\/div><\/div>\n\n<div class=\"gb-grid-column gb-grid-column-31b06280\"><div class=\"gb-container gb-container-31b06280 shadow-container project\"><div class=\"gb-inside-container\">\n<div class=\"gb-container gb-container-69905a3b project-introduction\"><div class=\"gb-inside-container\">\n\n<h2 class=\"gb-headline gb-headline-8363100b gb-headline-text\">Sea pipelines for Senja municipality, water supply, Klubben<\/h2>\n\n\n\n<p class=\"gb-headline gb-headline-26af3b76 gb-headline-text\">Startdato: 2020\/12<\/p>\n\n\n\n<p class=\"gb-headline gb-headline-d98bc345 gb-headline-text\">Ferdigstilt: 2021\/12<\/p>\n\n\n\n<p class=\"gb-headline gb-headline-02d9c709 gb-headline-text\">Sted:  Gisundet, Senja, Troms<\/p>\n\n\n\n<p class=\"gb-headline gb-headline-19d26549 gb-headline-text\">Main contractor contract E3 Sj\u00f8ledninger vannforsyning Klubben. The contract covers approx. 7 km of sea pipelines \u00d8355 PE 100 SDR 9 for water supply on three sections across Gisundet, 160 m \u00d8255 PE 100 SDR 26 discharge pipeline and 240 m \u00d8 355 PE 100 SDR 26 flushing pipelines.<\/p>\n\n<\/div><\/div>\n<\/div><\/div><\/div>\n\n<div class=\"gb-grid-column gb-grid-column-0f985d33\"><div class=\"gb-container gb-container-0f985d33 shadow-container project\"><div class=\"gb-inside-container\">\n<div class=\"gb-container gb-container-42a3fe82 project-introduction\"><div class=\"gb-inside-container\">\n\n<h2 class=\"gb-headline gb-headline-96bcc9b5 gb-headline-text\">Sea cables for Salmar, Ytre Bringenes<\/h2>\n\n\n\n<p class=\"gb-headline gb-headline-432911bb gb-headline-text\">Start Dato: 2021\/11<\/p>\n\n\n\n<p class=\"gb-headline gb-headline-ee16c302 gb-headline-text\">Ferdigstilt: 2021\/11<\/p>\n\n\n\n<p class=\"gb-headline gb-headline-d46e8b2f gb-headline-text\">Sted:  Medfjorden, Senja, Troms<\/p>\n\n\n\n<p class=\"gb-headline gb-headline-286d5a77 gb-headline-text\"> 2 x 11-1200 meters - in collaboration with J M Hansen. <\/p>\n\n<\/div><\/div>\n<\/div><\/div><\/div>\n\n<div class=\"gb-grid-column gb-grid-column-6e1ac8d4\"><div class=\"gb-container gb-container-6e1ac8d4 shadow-container project\"><div class=\"gb-inside-container\">\n<div class=\"gb-container gb-container-65aa767f project-introduction\"><div class=\"gb-inside-container\">\n\n<h2 class=\"gb-headline gb-headline-2dae4b02 gb-headline-text\">Sea cables for Salmar, Larstangen <\/h2>\n\n\n\n<p class=\"gb-headline gb-headline-7d50054f gb-headline-text\">Start dato: 2019\/01<\/p>\n\n\n\n<p class=\"gb-headline gb-headline-efe9ddb1 gb-headline-text\">Ferdigstilt dato: 2019\/01<\/p>\n\n\n\n<p class=\"gb-headline gb-headline-2c7e6b40 gb-headline-text\">Sted:  Larstangen, Vann\u00f8ya, Troms<\/p>\n\n\n\n<p class=\"gb-headline gb-headline-3b4070af gb-headline-text\">1355 meters of submarine cable with fiber - in collaboration with J M Hansen. <\/p>\n\n<\/div><\/div>\n<\/div><\/div><\/div>\n<\/div>\n<\/div><\/div>","protected":false},"excerpt":{"rendered":"<p>Prosjekter utf\u00f8rt av Finnsnes Dykk &amp; Anleggservice AS Finnsnes Dykk &amp; Anleggservice AS har utf\u00f8rt en rekke prosjekter langs hele kysten av Nord-Norge, herunder oppdrag med sj\u00f8ledninger, sj\u00f8kabler.<\/p>","protected":false},"author":1,"featured_media":0,"parent":0,"menu_order":0,"comment_status":"closed","ping_status":"closed","template":"","meta":{"inline_featured_image":false,"_monsterinsights_skip_tracking":false,"_monsterinsights_sitenote_active":false,"_monsterinsights_sitenote_note":"","_monsterinsights_sitenote_category":0,"footnotes":""},"class_list":["post-27","page","type-page","status-publish"],"aioseo_notices":[],"_links":{"self":[{"href":"https:\/\/fda.no\/en\/wp-json\/wp\/v2\/pages\/27","targetHints":{"allow":["GET"]}}],"collection":[{"href":"https:\/\/fda.no\/en\/wp-json\/wp\/v2\/pages"}],"about":[{"href":"https:\/\/fda.no\/en\/wp-json\/wp\/v2\/types\/page"}],"author":[{"embeddable":true,"href":"https:\/\/fda.no\/en\/wp-json\/wp\/v2\/users\/1"}],"replies":[{"embeddable":true,"href":"https:\/\/fda.no\/en\/wp-json\/wp\/v2\/comments?post=27"}],"version-history":[{"count":45,"href":"https:\/\/fda.no\/en\/wp-json\/wp\/v2\/pages\/27\/revisions"}],"predecessor-version":[{"id":4663,"href":"https:\/\/fda.no\/en\/wp-json\/wp\/v2\/pages\/27\/revisions\/4663"}],"wp:attachment":[{"href":"https:\/\/fda.no\/en\/wp-json\/wp\/v2\/media?parent=27"}],"curies":[{"name":"wp","href":"https:\/\/api.w.org\/{rel}","templated":true}]}}