{"id":23,"date":"2021-08-19T19:06:38","date_gmt":"2021-08-19T19:06:38","guid":{"rendered":"https:\/\/gpsites.co\/frame\/?page_id=23"},"modified":"2025-11-28T09:55:20","modified_gmt":"2025-11-28T09:55:20","slug":"tjenester","status":"publish","type":"page","link":"https:\/\/fda.no\/en\/tjenester\/","title":{"rendered":"TJENESTER FRA FINNSNES DYKK &#038; ANLEGGSERVICE AS"},"content":{"rendered":"<div class=\"gb-container gb-container-27228d17\"><div class=\"gb-inside-container\">\n\n<h1 class=\"gb-headline gb-headline-3cd6d1e9 gb-headline-text\">Finnsnes Dykk &amp; Anleggservice AS<\/h1>\n\n\n\n<h1 class=\"wp-block-heading has-text-align-center has-large-font-size\">&#8211; noen av v\u00e5re tjenester<\/h1>\n\n\n\n<p class=\"has-text-align-center has-medium-font-size\">Vi utf\u00f8rer tjenester som frakt og slep, bergingsoppdrag\/heving, inspeksjoner med ROV og montering og legging av sj\u00f8ledninger.<\/p>\n\n\n<div class=\"gb-container gb-container-7f130edc shadow-container\"><div class=\"gb-inside-container\">\n<div class=\"gb-grid-wrapper gb-grid-wrapper-5d4b0693\">\n<div class=\"gb-grid-column gb-grid-column-4698dc39\"><div class=\"gb-container gb-container-4698dc39\"><div class=\"gb-inside-container\">\n\n<h3 class=\"gb-headline gb-headline-4a594205\"><span class=\"gb-icon\"><svg aria-hidden=\"true\" role=\"img\" height=\"1em\" width=\"1em\" viewBox=\"0 0 192 512\" xmlns=\"http:\/\/www.w3.org\/2000\/svg\"><path fill=\"currentColor\" d=\"M96 184c39.8 0 72 32.2 72 72s-32.2 72-72 72-72-32.2-72-72 32.2-72 72-72zM24 80c0 39.8 32.2 72 72 72s72-32.2 72-72S135.8 8 96 8 24 40.2 24 80zm0 352c0 39.8 32.2 72 72 72s72-32.2 72-72-32.2-72-72-72-72 32.2-72 72z\"><\/path><\/svg><\/span><span class=\"gb-headline-text\">KARTLEGGING AV<br>HAVBUNN<\/span><\/h3>\n\n\n\n<p class=\"gb-headline gb-headline-bc59703e gb-headline-text\">FDA Mimmi har multistr\u00e5leekkolodd for \u00e5 kunne utf\u00f8re avansert, tids- og kostnadseffektiv kartlegging\/mapping av havbunn ned til 600m ved hjelp av multistr\u00e5leekkoloddet Kongsberg EM2040-07. Multistr\u00e5leloddet produserer h\u00f8yoppl\u00f8selig data av h\u00f8yeste kvalitet og n\u00f8yaktighet, ihht IHO-S44 og LINZ-spesifikasjon, og gj\u00f8r fart\u00f8yet godt egnet til utf\u00f8relse av en rekke surveyunders\u00f8kelser og operasjoner, herunder:<\/p>\n\n\n\n<ul class=\"wp-block-list\">\n<li>Tras\u00e9unders\u00f8kelser, kombinert med bunnkartlegging og ROV inspeksjon, prosjektering, installasjon og dokumentasjon av r\u00f8r, ledninger og kabler<\/li>\n\n\n\n<li>Kartlegging og klassifisering av havbunnforhold\n<ul class=\"wp-block-list\">\n<li>Effektiviserer identifisering av bunnhardhet og valg av anker<\/li>\n<\/ul>\n<\/li>\n\n\n\n<li>Effektiv og n\u00f8yaktig kartlegging i planleggingsfase, til eksempelvis kaianlegg, havneoppm\u00e5ling, mudring og fyllinger, magasinkartlegging for volumberegninger<\/li>\n\n\n\n<li>Detektering av objekter i vanns\u00f8yle, eksempelvis kjetting, kabler<\/li>\n\n\n\n<li>Detektering av objekter p\u00e5 havbunn, eksempelvis bilvrak, b\u00e5tvrak, kjetting, kabler<\/li>\n\n\n\n<li>Batymetrisk kartlegging \/dybdekartlegging<\/li>\n\n\n\n<li>Dokumentasjon av erosjon\/masseforflytninger<\/li>\n\n\n\n<li>S\u00f8k, redning og identifisering av objekter p\u00e5 havbunn, eksempelvis bilvrak, b\u00e5tvrak<\/li>\n\n\n\n<li>Utstyret tilfredsstiller tekniske kravspesifikasjoner for sj\u00f8m\u00e5ling, og vil under visse forutsetninger kunne utf\u00f8res (avklares n\u00e6rmere p\u00e5 foresp\u00f8rsel).<\/li>\n\n\n\n<li>N\u00f8yaktig dybdekartlegging med centimeters n\u00f8yaktighet, referanseniv\u00e5 ihht Kartverket Normalnull\/NN2000\n<ul class=\"wp-block-list\">\n<li>Multistr\u00e5lesystemet p\u00e5 FDA Mimmi er optimalisert for \u00e5 sikre presisjon ved \u00e5 gj\u00f8re profilm\u00e5linger med SVP i vannet.<\/li>\n<\/ul>\n<\/li>\n<\/ul>\n\n\n\n<p><a href=\"http:\/\/fda.no\/fdamimmi\/\" target=\"_blank\" rel=\"noopener\" title=\"\">FDA MIMMI<\/a><\/p>\n\n<\/div><\/div><\/div>\n\n<div class=\"gb-grid-column gb-grid-column-de025579\"><div class=\"gb-container gb-container-de025579\"><div class=\"gb-inside-container\"><\/div><\/div><\/div>\n<\/div>\n<\/div><\/div>\n\n<div class=\"gb-container gb-container-c764a248 shadow-container\"><div class=\"gb-inside-container\">\n<div class=\"gb-grid-wrapper gb-grid-wrapper-bc5ecfde\">\n<div class=\"gb-grid-column gb-grid-column-c863df7f\"><div class=\"gb-container gb-container-c863df7f hide-on-mobile\"><div class=\"gb-inside-container\"><\/div><\/div><\/div>\n\n<div class=\"gb-grid-column gb-grid-column-10282104\"><div class=\"gb-container gb-container-10282104\"><div class=\"gb-inside-container\">\n\n<h3 class=\"gb-headline gb-headline-7b839244\"><span class=\"gb-icon\"><svg aria-hidden=\"true\" role=\"img\" height=\"1em\" width=\"1em\" viewBox=\"0 0 448 512\" xmlns=\"http:\/\/www.w3.org\/2000\/svg\"><path fill=\"currentColor\" d=\"M16 132h416c8.837 0 16-7.163 16-16V76c0-8.837-7.163-16-16-16H16C7.163 60 0 67.163 0 76v40c0 8.837 7.163 16 16 16zm0 160h416c8.837 0 16-7.163 16-16v-40c0-8.837-7.163-16-16-16H16c-8.837 0-16 7.163-16 16v40c0 8.837 7.163 16 16 16zm0 160h416c8.837 0 16-7.163 16-16v-40c0-8.837-7.163-16-16-16H16c-8.837 0-16 7.163-16 16v40c0 8.837 7.163 16 16 16z\"><\/path><\/svg><\/span><span class=\"gb-headline-text\">FRAKT\/SLEP\/ REDNING\/ HEVING<br><\/span><\/h3>\n\n\n\n<p class=\"gb-headline gb-headline-431ac1e4 gb-headline-text\">Vi utf\u00f8rer redningsoppdrag ved \u00e5 slepe fart\u00f8y eller ved \u00e5 heve fart\u00f8y i tillegg til frakt- og slepeoppdrag for\u00f8vrig.<\/p>\n\n<\/div><\/div><\/div>\n\n<div class=\"gb-grid-column gb-grid-column-bff19b67\"><div class=\"gb-container gb-container-bff19b67\"><div class=\"gb-inside-container\"><\/div><\/div><\/div>\n<\/div>\n<\/div><\/div>\n\n<div class=\"gb-container gb-container-40474dc2 shadow-container\"><div class=\"gb-inside-container\">\n<div class=\"gb-grid-wrapper gb-grid-wrapper-52a93db0\">\n<div class=\"gb-grid-column gb-grid-column-0d8e4b0e\"><div class=\"gb-container gb-container-0d8e4b0e\"><div class=\"gb-inside-container\">\n\n<h3 class=\"gb-headline gb-headline-af4a05a2\"><span class=\"gb-icon\"><svg aria-hidden=\"true\" role=\"img\" height=\"1em\" width=\"1em\" viewBox=\"0 0 192 512\" xmlns=\"http:\/\/www.w3.org\/2000\/svg\"><path fill=\"currentColor\" d=\"M96 184c39.8 0 72 32.2 72 72s-32.2 72-72 72-72-32.2-72-72 32.2-72 72-72zM24 80c0 39.8 32.2 72 72 72s72-32.2 72-72S135.8 8 96 8 24 40.2 24 80zm0 352c0 39.8 32.2 72 72 72s72-32.2 72-72-32.2-72-72-72-72 32.2-72 72z\"><\/path><\/svg><\/span><span class=\"gb-headline-text\">MARITIM<br>ENTREPREN\u00d8R<\/span><\/h3>\n\n\n\n<p class=\"gb-headline gb-headline-614be74b gb-headline-text\">Vi leverer og monterer sj\u00f8ledninger og lodd. Vi tar ogs\u00e5 andre oppdrag innen for bygg og anlegg, eks.:<\/p>\n\n\n\n<ul class=\"wp-block-list\">\n<li>Boring og sprengning<\/li>\n\n\n\n<li>Forskaling og st\u00f8ping<\/li>\n\n\n\n<li>Sveisearbeid<\/li>\n\n\n\n<li>Inspeksjoner\/kontroller.<\/li>\n<\/ul>\n\n\n\n<p class=\"gb-headline gb-headline-4f2d32b2 gb-headline-text\">I tillegg legger vi ogs\u00e5 sj\u00f8kabler for elektrifisering av anlegg.<\/p>\n\n<\/div><\/div><\/div>\n\n<div class=\"gb-grid-column gb-grid-column-da6ab695\"><div class=\"gb-container gb-container-da6ab695\"><div class=\"gb-inside-container\"><\/div><\/div><\/div>\n<\/div>\n<\/div><\/div>\n\n<div class=\"gb-container gb-container-2a3891e0 shadow-container\"><div class=\"gb-inside-container\">\n<div class=\"gb-grid-wrapper gb-grid-wrapper-2ee3c3c3\">\n<div class=\"gb-grid-column gb-grid-column-2233f3f3\"><div class=\"gb-container gb-container-2233f3f3 hide-on-mobile\"><div class=\"gb-inside-container\"><\/div><\/div><\/div>\n\n<div class=\"gb-grid-column gb-grid-column-ba43e786\"><div class=\"gb-container gb-container-ba43e786\"><div class=\"gb-inside-container\">\n\n<h3 class=\"gb-headline gb-headline-f3c50338\"><span class=\"gb-icon\"><svg aria-hidden=\"true\" role=\"img\" height=\"1em\" width=\"1em\" viewBox=\"0 0 496 512\" xmlns=\"http:\/\/www.w3.org\/2000\/svg\"><path fill=\"currentColor\" d=\"M248 8C111 8 0 119 0 256s111 248 248 248 248-111 248-248S385 8 248 8zm0 96c48.6 0 88 39.4 88 88s-39.4 88-88 88-88-39.4-88-88 39.4-88 88-88zm0 344c-58.7 0-111.3-26.6-146.5-68.2 18.8-35.4 55.6-59.8 98.5-59.8 2.4 0 4.8.4 7.1 1.1 13 4.2 26.6 6.9 40.9 6.9 14.3 0 28-2.7 40.9-6.9 2.3-.7 4.7-1.1 7.1-1.1 42.9 0 79.7 24.4 98.5 59.8C359.3 421.4 306.7 448 248 448z\"><\/path><\/svg><\/span><span class=\"gb-headline-text\">UNDERVANNS-<br>TJENESTER<\/span><\/h3>\n\n\n\n<p class=\"gb-headline gb-headline-c60412d2 gb-headline-text\">Kontakt oss vedr\u00f8rende undervannstjenester. <\/p>\n\n\n\n<p><\/p>\n\n<\/div><\/div><\/div>\n\n<div class=\"gb-grid-column gb-grid-column-928b9ad5\"><div class=\"gb-container gb-container-928b9ad5\"><div class=\"gb-inside-container\"><\/div><\/div><\/div>\n<\/div>\n<\/div><\/div>\n\n<div class=\"gb-container gb-container-c9aa1d81 shadow-container\"><div class=\"gb-inside-container\">\n<div class=\"gb-grid-wrapper gb-grid-wrapper-8123414b\">\n<div class=\"gb-grid-column gb-grid-column-f34ac1fd\"><div class=\"gb-container gb-container-f34ac1fd\"><div class=\"gb-inside-container\">\n\n<h3 class=\"gb-headline gb-headline-26fed3de\"><span class=\"gb-icon\"><svg aria-hidden=\"true\" role=\"img\" height=\"1em\" width=\"1em\" viewBox=\"0 0 384 512\" xmlns=\"http:\/\/www.w3.org\/2000\/svg\"><path fill=\"currentColor\" d=\"M172.268 501.67C26.97 291.031 0 269.413 0 192 0 85.961 85.961 0 192 0s192 85.961 192 192c0 77.413-26.97 99.031-172.268 309.67-9.535 13.774-29.93 13.773-39.464 0zM192 272c44.183 0 80-35.817 80-80s-35.817-80-80-80-80 35.817-80 80 35.817 80 80 80z\"><\/path><\/svg><\/span><span class=\"gb-headline-text\">INSPEKSJONER MED ROV<\/span><\/h3>\n\n\n\n<p class=\"gb-headline gb-headline-1ce275ee gb-headline-text\">Ved behov for inspeksjoner under vann kan vi bruke ROV fra en av v\u00e5re servicefart\u00f8y. <\/p>\n\n\n\n<p>Vi gjennomf\u00f8rer fort\u00f8yningsinspeksjoner med rapport iht. kravene i&nbsp;<a href=\"https:\/\/lovdata.no\/forskrift\/2011-08-16-849\" rel=\"noreferrer noopener\" target=\"_blank\">Forskrift om krav til teknisk standard for flytende akvakulturanlegg [NYTEK\u2013 forskriften]<\/a>.<\/p>\n\n<\/div><\/div><\/div>\n\n<div class=\"gb-grid-column gb-grid-column-eaf03b81\"><div class=\"gb-container gb-container-eaf03b81\"><div class=\"gb-inside-container\"><\/div><\/div><\/div>\n<\/div>\n<\/div><\/div>\n\n<div class=\"gb-container gb-container-9ed7bc93 shadow-container\"><div class=\"gb-inside-container\">\n<div class=\"gb-grid-wrapper gb-grid-wrapper-c717e125\">\n<div class=\"gb-grid-column gb-grid-column-7c3f0d3a\"><div class=\"gb-container gb-container-7c3f0d3a hide-on-mobile\"><div class=\"gb-inside-container\"><\/div><\/div><\/div>\n\n<div class=\"gb-grid-column gb-grid-column-288586b4\"><div class=\"gb-container gb-container-288586b4\"><div class=\"gb-inside-container\">\n\n<h3 class=\"gb-headline gb-headline-c9397ebd\"><span class=\"gb-icon\"><svg aria-hidden=\"true\" role=\"img\" height=\"1em\" width=\"1em\" viewBox=\"0 0 512 512\" xmlns=\"http:\/\/www.w3.org\/2000\/svg\"><path fill=\"currentColor\" d=\"M328 256c0 39.8-32.2 72-72 72s-72-32.2-72-72 32.2-72 72-72 72 32.2 72 72zm104-72c-39.8 0-72 32.2-72 72s32.2 72 72 72 72-32.2 72-72-32.2-72-72-72zm-352 0c-39.8 0-72 32.2-72 72s32.2 72 72 72 72-32.2 72-72-32.2-72-72-72z\"><\/path><\/svg><\/span><span class=\"gb-headline-text\">LEGGING OG SENKNING AV SJ\u00d8LEDNINGER <br>OG SJ\u00d8KABLER<\/span><\/h3>\n\n\n\n<p class=\"gb-headline gb-headline-b5ff4b55 gb-headline-text\">FDA AS har levert, montert og senket sj\u00f8ledninger i ulike dimensjoner og lengder. Ingen oppdrag er for sm\u00e5 eller for store. Vi oppn\u00e5r lokal godkjenning UTF 3.<\/p>\n\n\n\n<p class=\"gb-headline gb-headline-e5abab83 gb-headline-text\">I tillegg legger vi ogs\u00e5 sj\u00f8kabler for elektrifisering av anlegg.<\/p>\n\n<\/div><\/div><\/div>\n\n<div class=\"gb-grid-column gb-grid-column-53b9bfef\"><div class=\"gb-container gb-container-53b9bfef\"><div class=\"gb-inside-container\"><\/div><\/div><\/div>\n<\/div>\n<\/div><\/div>\n\n<div class=\"gb-container gb-container-d96813f7 shadow-container\"><div class=\"gb-inside-container\">\n<div class=\"gb-grid-wrapper gb-grid-wrapper-be9c8ad2\">\n<div class=\"gb-grid-column gb-grid-column-c05f7346\"><div class=\"gb-container gb-container-c05f7346\"><div class=\"gb-inside-container\">\n\n<h3 class=\"gb-headline gb-headline-9f6707ed\"><span class=\"gb-icon\"><svg aria-hidden=\"true\" role=\"img\" height=\"1em\" width=\"1em\" viewBox=\"0 0 512 512\" xmlns=\"http:\/\/www.w3.org\/2000\/svg\"><path fill=\"currentColor\" d=\"M256 8C119.033 8 8 119.033 8 256s111.033 248 248 248 248-111.033 248-248S392.967 8 256 8zm0 48c110.532 0 200 89.451 200 200 0 110.532-89.451 200-200 200-110.532 0-200-89.451-200-200 0-110.532 89.451-200 200-200m140.204 130.267l-22.536-22.718c-4.667-4.705-12.265-4.736-16.97-.068L215.346 303.697l-59.792-60.277c-4.667-4.705-12.265-4.736-16.97-.069l-22.719 22.536c-4.705 4.667-4.736 12.265-.068 16.971l90.781 91.516c4.667 4.705 12.265 4.736 16.97.068l172.589-171.204c4.704-4.668 4.734-12.266.067-16.971z\"><\/path><\/svg><\/span><span class=\"gb-headline-text\">SERVICETJENESTER HAVBRUK<\/span><\/h3>\n\n\n\n<p class=\"gb-headline gb-headline-2811c0de gb-headline-text\">For havbruksn\u00e6ringen utf\u00f8rer vi f\u00f8lgende tjenester:<\/p>\n\n\n\n<ul class=\"wp-block-list\">\n<li>Utsett av fort\u00f8yninger, anlegg og fl\u00e5te<\/li>\n\n\n\n<li>Fort\u00f8yningsinspeksjoner etter utsett av anlegg, og periodiske inspeksjoner<\/li>\n\n\n\n<li>Notinspeksjoner<\/li>\n\n\n\n<li>ROV-filming generelt<\/li>\n\n\n\n<li>Vask av merder og n\u00f8ter<\/li>\n\n\n\n<li>Avlusing<\/li>\n<\/ul>\n\n\n\n<p>Vi utf\u00f8rer spyling og vask av merdringer og notposer med bruk av spyleutstyr\/ h\u00f8ytrykksspyleraggregat \/notvasker.<\/p>\n\n<\/div><\/div><\/div>\n\n<div class=\"gb-grid-column gb-grid-column-c4605cd4\"><div class=\"gb-container gb-container-c4605cd4\"><div class=\"gb-inside-container\"><\/div><\/div><\/div>\n<\/div>\n<\/div><\/div>\n\n<div class=\"gb-container gb-container-b31b141a shadow-container\"><div class=\"gb-inside-container\">\n<div class=\"gb-grid-wrapper gb-grid-wrapper-0b9837f1\">\n<div class=\"gb-grid-column gb-grid-column-aa0bbc57\"><div class=\"gb-container gb-container-aa0bbc57 hide-on-mobile\"><div class=\"gb-inside-container\"><\/div><\/div><\/div>\n\n<div class=\"gb-grid-column gb-grid-column-e5068ecd\"><div class=\"gb-container gb-container-e5068ecd\"><div class=\"gb-inside-container\">\n\n<h3 class=\"gb-headline gb-headline-575a95ba\"><span class=\"gb-icon\"><svg aria-hidden=\"true\" role=\"img\" height=\"1em\" width=\"1em\" viewBox=\"0 0 512 512\" xmlns=\"http:\/\/www.w3.org\/2000\/svg\"><path fill=\"currentColor\" d=\"M504 256c0 136.967-111.033 248-248 248S8 392.967 8 256 119.033 8 256 8s248 111.033 248 248zM227.314 387.314l184-184c6.248-6.248 6.248-16.379 0-22.627l-22.627-22.627c-6.248-6.249-16.379-6.249-22.628 0L216 308.118l-70.059-70.059c-6.248-6.248-16.379-6.248-22.628 0l-22.627 22.627c-6.248 6.248-6.248 16.379 0 22.627l104 104c6.249 6.249 16.379 6.249 22.628.001z\"><\/path><\/svg><\/span><span class=\"gb-headline-text\">VASK<\/span><\/h3>\n\n\n\n<p>Vi utf\u00f8rer spyling og vask av merdringer.<\/p>\n\n\n\n<p>Ved sykdomsutbrudd kan vi bist\u00e5 med vask og desinfisering av hele anlegget.<\/p>\n\n<\/div><\/div><\/div>\n\n<div class=\"gb-grid-column gb-grid-column-704ffdd9\"><div class=\"gb-container gb-container-704ffdd9\"><div class=\"gb-inside-container\"><\/div><\/div><\/div>\n<\/div>\n<\/div><\/div>\n\n<div class=\"gb-container gb-container-63733186 shadow-container\"><div class=\"gb-inside-container\">\n<div class=\"gb-grid-wrapper gb-grid-wrapper-0b704345\">\n<div class=\"gb-grid-column gb-grid-column-d6f22973\"><div class=\"gb-container gb-container-d6f22973\"><div class=\"gb-inside-container\">\n\n<h3 class=\"gb-headline gb-headline-d5143771\"><span class=\"gb-icon\"><svg aria-hidden=\"true\" role=\"img\" height=\"1em\" width=\"1em\" viewBox=\"0 0 512 512\" xmlns=\"http:\/\/www.w3.org\/2000\/svg\"><path fill=\"currentColor\" d=\"M256 56c110.532 0 200 89.451 200 200 0 110.532-89.451 200-200 200-110.532 0-200-89.451-200-200 0-110.532 89.451-200 200-200m0-48C119.033 8 8 119.033 8 256s111.033 248 248 248 248-111.033 248-248S392.967 8 256 8zm0 168c-44.183 0-80 35.817-80 80s35.817 80 80 80 80-35.817 80-80-35.817-80-80-80z\"><\/path><\/svg><\/span><span class=\"gb-headline-text\">UTSETT AV FORT\u00d8YNINGER. MONTERING AV ANLEGG<\/span><\/h3>\n\n\n\n<p class=\"gb-headline gb-headline-6e13e917 gb-headline-text\">FDA AS har langt erfaring med utsett av fort\u00f8yninger og montering av anlegg og fl\u00e5te. Vi legger ut fort\u00f8yninger til oppdrettsanlegg i henhold til fort\u00f8yningsanalyser, brukerh\u00e5ndb\u00f8ker, komponentbeskrivelse og kravene i&nbsp;<a href=\"https:\/\/lovdata.no\/forskrift\/2011-08-16-849\" target=\"_blank\" rel=\"noreferrer noopener\">Forskrift om krav til teknisk standard for flytende akvakulturanlegg [NYTEK-forskriften]<\/a>. <a href=\"http:\/\/fda.no\/kontakt\/\" target=\"_blank\" rel=\"noopener\" title=\"\">Kontakt <\/a>administrasjonen eller&nbsp;<a href=\"mailto:adm@fda.no\" target=\"_blank\" rel=\"noopener\" title=\"\">adm @ fda.no<\/a>&nbsp;for tilbud. <\/p>\n\n<\/div><\/div><\/div>\n\n<div class=\"gb-grid-column gb-grid-column-db0b1721\"><div class=\"gb-container gb-container-db0b1721\"><div class=\"gb-inside-container\"><\/div><\/div><\/div>\n<\/div>\n<\/div><\/div>\n<\/div><\/div>\n\n\n<p><\/p>\n","protected":false},"excerpt":{"rendered":"<p>Finnsnes Dykk &amp; Anleggservice AS &#8211; noen av v\u00e5re tjenester Vi utf\u00f8rer tjenester som frakt og slep, bergingsoppdrag\/heving, inspeksjoner med ROV og montering og legging av sj\u00f8ledninger.<\/p>","protected":false},"author":1,"featured_media":0,"parent":0,"menu_order":0,"comment_status":"closed","ping_status":"closed","template":"","meta":{"inline_featured_image":false,"_monsterinsights_skip_tracking":false,"_monsterinsights_sitenote_active":false,"_monsterinsights_sitenote_note":"","_monsterinsights_sitenote_category":0,"footnotes":""},"class_list":["post-23","page","type-page","status-publish"],"aioseo_notices":[],"_links":{"self":[{"href":"https:\/\/fda.no\/en\/wp-json\/wp\/v2\/pages\/23","targetHints":{"allow":["GET"]}}],"collection":[{"href":"https:\/\/fda.no\/en\/wp-json\/wp\/v2\/pages"}],"about":[{"href":"https:\/\/fda.no\/en\/wp-json\/wp\/v2\/types\/page"}],"author":[{"embeddable":true,"href":"https:\/\/fda.no\/en\/wp-json\/wp\/v2\/users\/1"}],"replies":[{"embeddable":true,"href":"https:\/\/fda.no\/en\/wp-json\/wp\/v2\/comments?post=23"}],"version-history":[{"count":65,"href":"https:\/\/fda.no\/en\/wp-json\/wp\/v2\/pages\/23\/revisions"}],"predecessor-version":[{"id":5144,"href":"https:\/\/fda.no\/en\/wp-json\/wp\/v2\/pages\/23\/revisions\/5144"}],"wp:attachment":[{"href":"https:\/\/fda.no\/en\/wp-json\/wp\/v2\/media?parent=23"}],"curies":[{"name":"wp","href":"https:\/\/api.w.org\/{rel}","templated":true}]}}