{"id":21,"date":"2021-08-19T19:06:23","date_gmt":"2021-08-19T19:06:23","guid":{"rendered":"https:\/\/gpsites.co\/frame\/?page_id=21"},"modified":"2026-03-20T07:10:59","modified_gmt":"2026-03-20T07:10:59","slug":"hjem","status":"publish","type":"page","link":"https:\/\/fda.no\/en\/","title":{"rendered":"FINNSNES DYKK &#038; ANLEGGSERVICE AS"},"content":{"rendered":"<div class=\"gb-container gb-container-da3648a8\"><div class=\"gb-inside-container\">\n\n<h1 class=\"gb-headline gb-headline-855247d1 gb-headline-text\">Finnsnes Dykk &amp; Anleggservice AS<\/h1>\n\n\n\n<h2 class=\"gb-headline gb-headline-d9dc44bb gb-headline-text shadow-headline translation-block\">GOOD on the <mark class=\"gb-highlight\"> surface <\/mark><\/h2>\n\n\n\n<h2 class=\"gb-headline gb-headline-d76e25ec gb-headline-text shadow-headline\">best <mark class=\"gb-highlight\">under<\/mark> water<\/h2>\n\n\n<div class=\"gb-button-wrapper gb-button-wrapper-b6bef05b\">\n\n<a class=\"gb-button gb-button-e0180dd7 gb-button-text\" href=\"\/en\/fartoy\/\">VESSELS<\/a>\n\n\n\n<a class=\"gb-button gb-button-1eee7294 gb-button-text\" href=\"\/en\/kontakt\/\">CONTACT<\/a>\n\n<\/div>\n<\/div><div class=\"gb-shapes\"><div class=\"gb-shape gb-shape-1\"><svg xmlns=\"http:\/\/www.w3.org\/2000\/svg\" viewbox=\"0 0 1200 360\" preserveaspectratio=\"none\"><path d=\"M1200 360H0V0l1200 348z\"\/><\/svg><\/div><\/div><\/div>\n\n<div class=\"gb-container gb-container-dc6fbd29\"><div class=\"gb-inside-container\">\n<div class=\"gb-grid-wrapper gb-grid-wrapper-b18fb2cf\">\n<div class=\"gb-grid-column gb-grid-column-f93433d3\"><div class=\"gb-container gb-container-f93433d3\"><div class=\"gb-inside-container\">\n\n<h3 class=\"gb-headline gb-headline-fc987624 gb-headline-text\">                    <\/h3>\n\n<\/div><\/div><\/div>\n\n<div class=\"gb-grid-column gb-grid-column-7b2fa5c6\"><div class=\"gb-container gb-container-7b2fa5c6\"><div class=\"gb-inside-container\">\n\n<div id=\"fb-root\"><\/div>\n<script async defer crossorigin=\"anonymous\" src=\"https:\/\/connect.facebook.net\/nb_NO\/sdk.js#xfbml=1&#038;version=v21.0&#038;appId=540392676519043\"><\/script>\n<div class=\"fb-page\" data-href=\"https:\/\/www.facebook.com\/Finnsnes.Dykk\" data-tabs=\"timeline\" data-width=\"520\" data-height=\"\" data-small-header=\"false\" data-adapt-container-width=\"true\" data-hide-cover=\"false\" data-show-facepile=\"true\"><blockquote cite=\"https:\/\/www.facebook.com\/Finnsnes.Dykk\" class=\"fb-xfbml-parse-ignore\"><a href=\"https:\/\/www.facebook.com\/Finnsnes.Dykk\">Finnsnes Dykk &amp; Anleggservice<\/a><\/blockquote><\/div>\n\n<\/div><\/div><\/div>\n\n<div class=\"gb-grid-column gb-grid-column-4781d5e6\"><div class=\"gb-container gb-container-4781d5e6\"><div class=\"gb-inside-container\">\n\n<h3 class=\"gb-headline gb-headline-acf6db67 gb-headline-text\">NEWS<\/h3>\n\n\n\n<p class=\"gb-headline gb-headline-7bde1e10\"><span class=\"gb-icon\"><svg viewbox=\"0 0 36.7 3\" xmlns=\"http:\/\/www.w3.org\/2000\/svg\"><path d=\"M0 0h36.7v3H0z\"><\/path><\/svg><\/span><span class=\"gb-headline-text\"> <\/span><\/p>\n\n\n\n<div class=\"gb-grid-wrapper gb-grid-wrapper-c27f5d45 gb-query-loop-wrapper\">\n<div class=\"gb-grid-column gb-grid-column-950e8456 gb-query-loop-item post-5162 post type-post status-publish format-standard has-post-thumbnail hentry category-fartoy category-fda-astri category-fda-finn category-fda-hans category-fda-mimmi category-fda-niklas category-niklas category-nyheter category-oppdrettsanlegg category-servicebat tag-globalg-a-p\"><div class=\"gb-container gb-container-950e8456\">\n<h2 class=\"gb-headline gb-headline-9c6b7af0 gb-headline-text\"><a href=\"https:\/\/fda.no\/en\/fda-as-har-i-dag-mottatt-letter-of-conformance-loc-for-globalg-a-p\/\">FDA AS har i dag mottatt Letter of Conformance (LoC) for GLOBALG.A.P<\/a><\/h2>\n<\/div><\/div>\n\n<div class=\"gb-grid-column gb-grid-column-950e8456 gb-query-loop-item post-4913 post type-post status-publish format-standard has-post-thumbnail hentry category-fda-mimmi category-nyheter\"><div class=\"gb-container gb-container-950e8456\">\n<h2 class=\"gb-headline gb-headline-9c6b7af0 gb-headline-text\"><a href=\"https:\/\/fda.no\/en\/maskinsjef-til-fda-mimmi\/\">Maskinist til FDA MIMMI<\/a><\/h2>\n<\/div><\/div>\n\n<div class=\"gb-grid-column gb-grid-column-950e8456 gb-query-loop-item post-4619 post type-post status-publish format-standard has-post-thumbnail hentry category-fartoy category-fda-finn\"><div class=\"gb-container gb-container-950e8456\">\n<h2 class=\"gb-headline gb-headline-9c6b7af0 gb-headline-text\"><a href=\"https:\/\/fda.no\/en\/vi-soker-etter-skipsforer-til-var-servicebat-pa-island\/\">Vi s\u00f8ker etter skipsf\u00f8rer til v\u00e5r serviceb\u00e5t p\u00e5 Island<\/a><\/h2>\n<\/div><\/div>\n<\/div>\n\n<\/div><\/div><\/div>\n\n<div class=\"gb-grid-column gb-grid-column-4542d55f\"><div class=\"gb-container gb-container-4542d55f\"><div class=\"gb-inside-container\">\n\n<h3 class=\"gb-headline gb-headline-0586b3d2 gb-headline-text\">VESSELS<\/h3>\n\n\n\n<p class=\"gb-headline gb-headline-f64ab8e1 translation-block\"><span class=\"gb-icon\"><\/span><span class=\"gb-headline-text\">FDA Finn (CoastCat25W) and FDA HANS (CoastCat18W) are supplied by Salthammer B\u00e5tbygger. FDA FINN is rigged to be able to take on larger and heavier assignments in deeper and more open waters. With the WASSP F3X-L, FDA FINN can carry out bottom mapping down to a depth of around 1000 metres. <br><br>NIKLAS, FDA MIMMI, FDA NIKLAS and FDA EMILIE are supplied by Fitjar Mekaniske Verksted AS. Designed for NIKLAS is the HFMV M26 Isdahl class. The design of the FDA MIMMI is the FMV W34M Senja class. The design for FDA NIKLAS and FDA EMILIE is the FMV M27W Bjark\u00f8y class. These vessels have a battery-hybrid engine configuration. They are equipped with state-of-the-art facilities and are equipped with deck machinery designed to cope with heavy and challenging tasks. YNGVE is our smallest hybrid vessel - delivered in 2025. NIKLAS, YNGVE and FDA MIMMI are available for missions along the coast of Northern Norway.  <a href=\"\/en\/fartoy\/\" target=\"_self\">Read more about our vessels<\/a>.<\/span><\/p>\n\n<\/div><\/div><\/div>\n\n<div class=\"gb-grid-column gb-grid-column-3412c562\"><div class=\"gb-container gb-container-3412c562 shadow-container\"><div class=\"gb-inside-container\"><\/div><\/div><\/div>\n\n<div class=\"gb-grid-column gb-grid-column-835d11c5\"><div class=\"gb-container gb-container-835d11c5 shadow-container\"><div class=\"gb-inside-container\"><\/div><\/div><\/div>\n\n<div class=\"gb-grid-column gb-grid-column-7da37ec8\"><div class=\"gb-container gb-container-7da37ec8\"><div class=\"gb-inside-container\">\n\n<h3 class=\"gb-headline gb-headline-e3e59ef7 gb-headline-text\">Subsea work<\/h3>\n\n\n\n<p class=\"gb-headline gb-headline-f4326d42\"><span class=\"gb-icon\"><svg viewbox=\"0 0 36.7 3\" xmlns=\"http:\/\/www.w3.org\/2000\/svg\"><path d=\"M0 0h36.7v3H0z\"><\/path><\/svg><\/span><span class=\"gb-headline-text\">Our employees have the necessary certificates, knowledge and experience in\/from both construction, the aquaculture industry and the fishing industry. We can film underwater with an ROV to document the work carried out, carry out inspections (to show which measures, repairs or improvements should be made). With ROV we can drill on the seabed. We also have equipment to carry out bottom mapping as a basis for underwater engineering. Owner Keneth Larsen has worked with professional diving within construction since 1989 <\/span><\/p>\n\n\n\n<p><\/p>\n\n<\/div><\/div><\/div>\n<\/div>\n<\/div><\/div>\n\n<div class=\"gb-container gb-container-cbaa5733\"><div class=\"gb-inside-container\">\n\n<h2 class=\"gb-headline gb-headline-efbb0c89 gb-headline-text\">ABOUT<\/h2>\n\n\n\n<h2 class=\"gb-headline gb-headline-1854215d gb-headline-text\">US<\/h2>\n\n\n\n<p class=\"gb-headline gb-headline-3c16f71f\"><span class=\"gb-icon\"><svg xmlns=\"http:\/\/www.w3.org\/2000\/svg\" viewbox=\"0 0 36.7 3\"><path d=\"M0 0h36.7v3H0z\"><\/path><\/svg><\/span><span class=\"gb-headline-text\"><a href=\"\/en\/omoss\/\">Read more<\/a><\/span><\/p>\n\n\n<div class=\"gb-grid-wrapper gb-grid-wrapper-962eafd9\">\n<div class=\"gb-grid-column gb-grid-column-855d5b21\"><div class=\"gb-container gb-container-855d5b21\"><div class=\"gb-inside-container\">\n\n<h3 class=\"gb-headline gb-headline-91f38850 gb-headline-text\">60<\/h3>\n\n\n\n<h5 class=\"gb-headline gb-headline-5f0fe82e\"><span class=\"gb-icon\"><svg aria-hidden=\"true\" role=\"img\" height=\"1em\" width=\"1em\" viewbox=\"0 0 448 512\" xmlns=\"http:\/\/www.w3.org\/2000\/svg\"><path fill=\"currentColor\" d=\"M400 32H48C21.49 32 0 53.49 0 80v352c0 26.51 21.49 48 48 48h352c26.51 0 48-21.49 48-48V80c0-26.51-21.49-48-48-48zm0 400H48V80h352v352zm-35.864-241.724L191.547 361.48c-4.705 4.667-12.303 4.637-16.97-.068l-90.781-91.516c-4.667-4.705-4.637-12.303.069-16.971l22.719-22.536c4.705-4.667 12.303-4.637 16.97.069l59.792 60.277 141.352-140.216c4.705-4.667 12.303-4.637 16.97.068l22.536 22.718c4.667 4.706 4.637 12.304-.068 16.971z\"><\/path><\/svg><\/span><span class=\"gb-headline-text\">Sailors<\/span><\/h5>\n\n<\/div><\/div><\/div>\n\n<div class=\"gb-grid-column gb-grid-column-72d33bea\"><div class=\"gb-container gb-container-72d33bea\"><div class=\"gb-inside-container\">\n\n<h3 class=\"gb-headline gb-headline-45b91a94 gb-headline-text\">4<\/h3>\n\n\n\n<h5 class=\"gb-headline gb-headline-e57a2498\"><span class=\"gb-icon\"><svg aria-hidden=\"true\" role=\"img\" height=\"1em\" width=\"1em\" viewbox=\"0 0 448 512\" xmlns=\"http:\/\/www.w3.org\/2000\/svg\"><path fill=\"currentColor\" d=\"M400 32H48C21.49 32 0 53.49 0 80v352c0 26.51 21.49 48 48 48h352c26.51 0 48-21.49 48-48V80c0-26.51-21.49-48-48-48zm0 400H48V80h352v352zm-35.864-241.724L191.547 361.48c-4.705 4.667-12.303 4.637-16.97-.068l-90.781-91.516c-4.667-4.705-4.637-12.303.069-16.971l22.719-22.536c4.705-4.667 12.303-4.637 16.97.069l59.792 60.277 141.352-140.216c4.705-4.667 12.303-4.637 16.97.068l22.536 22.718c4.667 4.706 4.637 12.304-.068 16.971z\"><\/path><\/svg><\/span><span class=\"gb-headline-text\">Divers<\/span><\/h5>\n\n<\/div><\/div><\/div>\n\n<div class=\"gb-grid-column gb-grid-column-b8b1d207\"><div class=\"gb-container gb-container-b8b1d207\"><div class=\"gb-inside-container\">\n\n<h3 class=\"gb-headline gb-headline-e8d91b2e gb-headline-text\">7<\/h3>\n\n\n\n<h5 class=\"gb-headline gb-headline-b3e7480e\"><span class=\"gb-icon\"><svg aria-hidden=\"true\" role=\"img\" height=\"1em\" width=\"1em\" viewbox=\"0 0 448 512\" xmlns=\"http:\/\/www.w3.org\/2000\/svg\"><path fill=\"currentColor\" d=\"M400 32H48C21.49 32 0 53.49 0 80v352c0 26.51 21.49 48 48 48h352c26.51 0 48-21.49 48-48V80c0-26.51-21.49-48-48-48zm0 400H48V80h352v352zm-35.864-241.724L191.547 361.48c-4.705 4.667-12.303 4.637-16.97-.068l-90.781-91.516c-4.667-4.705-4.637-12.303.069-16.971l22.719-22.536c4.705-4.667 12.303-4.637 16.97.069l59.792 60.277 141.352-140.216c4.705-4.667 12.303-4.637 16.97.068l22.536 22.718c4.667 4.706 4.637 12.304-.068 16.971z\"><\/path><\/svg><\/span><span class=\"gb-headline-text\">Service boats<\/span><\/h5>\n\n<\/div><\/div><\/div>\n\n<div class=\"gb-grid-column gb-grid-column-c7156127\"><div class=\"gb-container gb-container-c7156127\"><div class=\"gb-inside-container\">\n\n<h3 class=\"gb-headline gb-headline-fb39e679 gb-headline-text\">4<\/h3>\n\n\n\n<h5 class=\"gb-headline gb-headline-84126e87\"><span class=\"gb-icon\"><svg aria-hidden=\"true\" role=\"img\" height=\"1em\" width=\"1em\" viewbox=\"0 0 448 512\" xmlns=\"http:\/\/www.w3.org\/2000\/svg\"><path fill=\"currentColor\" d=\"M400 32H48C21.49 32 0 53.49 0 80v352c0 26.51 21.49 48 48 48h352c26.51 0 48-21.49 48-48V80c0-26.51-21.49-48-48-48zm0 400H48V80h352v352zm-35.864-241.724L191.547 361.48c-4.705 4.667-12.303 4.637-16.97-.068l-90.781-91.516c-4.667-4.705-4.637-12.303.069-16.971l22.719-22.536c4.705-4.667 12.303-4.637 16.97.069l59.792 60.277 141.352-140.216c4.705-4.667 12.303-4.637 16.97.068l22.536 22.718c4.667 4.706 4.637 12.304-.068 16.971z\"><\/path><\/svg><\/span><span class=\"gb-headline-text\">Vessel in charter<\/span><\/h5>\n\n<\/div><\/div><\/div>\n<\/div>\n<\/div><\/div>\n\n<div class=\"gb-container gb-container-d3b2462b\"><div class=\"gb-inside-container\">\n<div class=\"gb-container gb-container-554bb4af\"><div class=\"gb-inside-container\">\n\n<h2 class=\"gb-headline gb-headline-f687e01b gb-headline-text shadow-headline\"><strong>Services<\/strong><\/h2>\n\n\n\n<p>For the aquaculture industry, we perform uptake and release of moorings, installation of facilities and fleet, towing, inspections, and washing of cages and nets. <\/p>\n\n\n\n<p>Finnsnes Dykk &amp; Anleggservice AS also undertakes assignments within construction and construction with e.g. assembly, laying and lowering of sea lines, drilling and blasting, formwork and casting, welding work, transport of material and equipment and underwater inspections. <a href=\"\/en\/tjenester\/\">Read more about our services<\/a>.<\/p>\n\n<\/div><\/div>\n\n<div class=\"gb-grid-wrapper gb-grid-wrapper-d01960ee\">\n<div class=\"gb-grid-column gb-grid-column-36ec7941\"><div class=\"gb-container gb-container-36ec7941\"><div class=\"gb-inside-container\">\n\n<h5 class=\"gb-headline gb-headline-d2102231\"><span class=\"gb-icon\"><svg aria-hidden=\"true\" role=\"img\" height=\"1em\" width=\"1em\" viewbox=\"0 0 448 512\" xmlns=\"http:\/\/www.w3.org\/2000\/svg\"><path fill=\"currentColor\" d=\"M16 132h416c8.837 0 16-7.163 16-16V76c0-8.837-7.163-16-16-16H16C7.163 60 0 67.163 0 76v40c0 8.837 7.163 16 16 16zm0 160h416c8.837 0 16-7.163 16-16v-40c0-8.837-7.163-16-16-16H16c-8.837 0-16 7.163-16 16v40c0 8.837 7.163 16 16 16zm0 160h416c8.837 0 16-7.163 16-16v-40c0-8.837-7.163-16-16-16H16c-8.837 0-16 7.163-16 16v40c0 8.837 7.163 16 16 16z\"><\/path><\/svg><\/span><span class=\"gb-headline-text\">SHIPPING \/ TRAILING \/ RESCUE \/ LIFTING<\/span><\/h5>\n\n<\/div><\/div><\/div>\n\n<div class=\"gb-grid-column gb-grid-column-dbe77f3f\"><div class=\"gb-container gb-container-dbe77f3f\"><div class=\"gb-inside-container\">\n\n<h5 class=\"gb-headline gb-headline-620f17f3\"><span class=\"gb-icon\"><svg aria-hidden=\"true\" role=\"img\" height=\"1em\" width=\"1em\" viewbox=\"0 0 192 512\" xmlns=\"http:\/\/www.w3.org\/2000\/svg\"><path fill=\"currentColor\" d=\"M96 184c39.8 0 72 32.2 72 72s-32.2 72-72 72-72-32.2-72-72 32.2-72 72-72zM24 80c0 39.8 32.2 72 72 72s72-32.2 72-72S135.8 8 96 8 24 40.2 24 80zm0 352c0 39.8 32.2 72 72 72s72-32.2 72-72-32.2-72-72-72-72 32.2-72 72z\"><\/path><\/svg><\/span><span class=\"gb-headline-text\">MARITIME CONTRACTOR<\/span><\/h5>\n\n<\/div><\/div><\/div>\n\n<div class=\"gb-grid-column gb-grid-column-51131c80\"><div class=\"gb-container gb-container-51131c80\"><div class=\"gb-inside-container\">\n\n<h5 class=\"gb-headline gb-headline-90813f91\"><span class=\"gb-icon\"><svg aria-hidden=\"true\" role=\"img\" height=\"1em\" width=\"1em\" viewbox=\"0 0 496 512\" xmlns=\"http:\/\/www.w3.org\/2000\/svg\"><path fill=\"currentColor\" d=\"M248 8C111 8 0 119 0 256s111 248 248 248 248-111 248-248S385 8 248 8zm0 96c48.6 0 88 39.4 88 88s-39.4 88-88 88-88-39.4-88-88 39.4-88 88-88zm0 344c-58.7 0-111.3-26.6-146.5-68.2 18.8-35.4 55.6-59.8 98.5-59.8 2.4 0 4.8.4 7.1 1.1 13 4.2 26.6 6.9 40.9 6.9 14.3 0 28-2.7 40.9-6.9 2.3-.7 4.7-1.1 7.1-1.1 42.9 0 79.7 24.4 98.5 59.8C359.3 421.4 306.7 448 248 448z\"><\/path><\/svg><\/span><span class=\"gb-headline-text\">SERVICES WITHIN BUILDING &amp; CONSTRUCTION<\/span><\/h5>\n\n<\/div><\/div><\/div>\n\n<div class=\"gb-grid-column gb-grid-column-567219f9\"><div class=\"gb-container gb-container-567219f9\"><div class=\"gb-inside-container\">\n\n<h5 class=\"gb-headline gb-headline-a0283583\"><span class=\"gb-icon\"><svg aria-hidden=\"true\" role=\"img\" height=\"1em\" width=\"1em\" viewbox=\"0 0 384 512\" xmlns=\"http:\/\/www.w3.org\/2000\/svg\"><path fill=\"currentColor\" d=\"M172.268 501.67C26.97 291.031 0 269.413 0 192 0 85.961 85.961 0 192 0s192 85.961 192 192c0 77.413-26.97 99.031-172.268 309.67-9.535 13.774-29.93 13.773-39.464 0zM192 272c44.183 0 80-35.817 80-80s-35.817-80-80-80-80 35.817-80 80 35.817 80 80 80z\"><\/path><\/svg><\/span><span class=\"gb-headline-text\">INSPECTIONS WITH ROV <\/span><\/h5>\n\n<\/div><\/div><\/div>\n<\/div>\n\n<div class=\"gb-grid-wrapper gb-grid-wrapper-8c8197d8\">\n<div class=\"gb-grid-column gb-grid-column-345d8dd1\"><div class=\"gb-container gb-container-345d8dd1\"><div class=\"gb-inside-container\">\n\n<h5 class=\"gb-headline gb-headline-9344033a\"><span class=\"gb-icon\"><svg aria-hidden=\"true\" role=\"img\" height=\"1em\" width=\"1em\" viewbox=\"0 0 512 512\" xmlns=\"http:\/\/www.w3.org\/2000\/svg\"><path fill=\"currentColor\" d=\"M328 256c0 39.8-32.2 72-72 72s-72-32.2-72-72 32.2-72 72-72 72 32.2 72 72zm104-72c-39.8 0-72 32.2-72 72s32.2 72 72 72 72-32.2 72-72-32.2-72-72-72zm-352 0c-39.8 0-72 32.2-72 72s32.2 72 72 72 72-32.2 72-72-32.2-72-72-72z\"><\/path><\/svg><\/span><span class=\"gb-headline-text\">LAYING AND LOWERING OF SEA PIPES AND SEA CABLES<\/span><\/h5>\n\n<\/div><\/div><\/div>\n\n<div class=\"gb-grid-column gb-grid-column-d8dd9a84\"><div class=\"gb-container gb-container-d8dd9a84\"><div class=\"gb-inside-container\">\n\n<h5 class=\"gb-headline gb-headline-22a8772d\"><span class=\"gb-icon\"><svg aria-hidden=\"true\" role=\"img\" height=\"1em\" width=\"1em\" viewbox=\"0 0 512 512\" xmlns=\"http:\/\/www.w3.org\/2000\/svg\"><path fill=\"currentColor\" d=\"M256 8C119.033 8 8 119.033 8 256s111.033 248 248 248 248-111.033 248-248S392.967 8 256 8zm0 48c110.532 0 200 89.451 200 200 0 110.532-89.451 200-200 200-110.532 0-200-89.451-200-200 0-110.532 89.451-200 200-200m140.204 130.267l-22.536-22.718c-4.667-4.705-12.265-4.736-16.97-.068L215.346 303.697l-59.792-60.277c-4.667-4.705-12.265-4.736-16.97-.069l-22.719 22.536c-4.705 4.667-4.736 12.265-.068 16.971l90.781 91.516c4.667 4.705 12.265 4.736 16.97.068l172.589-171.204c4.704-4.668 4.734-12.266.067-16.971z\"><\/path><\/svg><\/span><span class=\"gb-headline-text\">SERVICES AQUACULTURE<\/span><\/h5>\n\n<\/div><\/div><\/div>\n\n<div class=\"gb-grid-column gb-grid-column-32460942\"><div class=\"gb-container gb-container-32460942\"><div class=\"gb-inside-container\">\n\n<h5 class=\"gb-headline gb-headline-876ab518\"><span class=\"gb-icon\"><svg aria-hidden=\"true\" role=\"img\" height=\"1em\" width=\"1em\" viewbox=\"0 0 512 512\" xmlns=\"http:\/\/www.w3.org\/2000\/svg\"><path fill=\"currentColor\" d=\"M504 256c0 136.967-111.033 248-248 248S8 392.967 8 256 119.033 8 256 8s248 111.033 248 248zM227.314 387.314l184-184c6.248-6.248 6.248-16.379 0-22.627l-22.627-22.627c-6.248-6.249-16.379-6.249-22.628 0L216 308.118l-70.059-70.059c-6.248-6.248-16.379-6.248-22.628 0l-22.627 22.627c-6.248 6.248-6.248 16.379 0 22.627l104 104c6.249 6.249 16.379 6.249 22.628.001z\"><\/path><\/svg><\/span><span class=\"gb-headline-text\">WASH<\/span><\/h5>\n\n<\/div><\/div><\/div>\n\n<div class=\"gb-grid-column gb-grid-column-ba6fe7e5\"><div class=\"gb-container gb-container-ba6fe7e5\"><div class=\"gb-inside-container\">\n\n<h5 class=\"gb-headline gb-headline-f8a4b477\"><span class=\"gb-icon\"><svg aria-hidden=\"true\" role=\"img\" height=\"1em\" width=\"1em\" viewbox=\"0 0 496 512\" xmlns=\"http:\/\/www.w3.org\/2000\/svg\"><path fill=\"currentColor\" d=\"M248 8C111.03 8 0 119.03 0 256s111.03 248 248 248 248-111.03 248-248S384.97 8 248 8zm0 432c-101.69 0-184-82.29-184-184 0-101.69 82.29-184 184-184 101.69 0 184 82.29 184 184 0 101.69-82.29 184-184 184zm0-312c-70.69 0-128 57.31-128 128s57.31 128 128 128 128-57.31 128-128-57.31-128-128-128zm0 192c-35.29 0-64-28.71-64-64s28.71-64 64-64 64 28.71 64 64-28.71 64-64 64z\"><\/path><\/svg><\/span><span class=\"gb-headline-text\">ANCHORING. INSTALLATION OF FACILITIES<\/span><\/h5>\n\n<\/div><\/div><\/div>\n<\/div>\n<\/div><\/div>\n\n<div class=\"gb-container gb-container-295592f2\"><div class=\"gb-inside-container\">\n<div class=\"gb-container gb-container-d61bfeec\"><div class=\"gb-inside-container\">\n\n<h2 class=\"gb-headline gb-headline-00266849 gb-headline-text shadow-headline\"><strong>PROJECTS<\/strong><\/h2>\n\n\n\n<p class=\"gb-headline gb-headline-e4547f56\"><span class=\"gb-icon\"><svg xmlns=\"http:\/\/www.w3.org\/2000\/svg\" viewbox=\"0 0 36.7 3\"><path d=\"M0 0h36.7v3H0z\"><\/path><\/svg><\/span><span class=\"gb-headline-text\">We constantly have new projects in the works - both above and below water. Follow us on <a href=\"https:\/\/www.facebook.com\/Finnsnes.Dykk\/\" target=\"_blank\" rel=\"noreferrer noopener\">facebook<\/a> to follow us. <a href=\"\/en\/prosjekter\/\">Read more about our previous deliveries<\/a>.<\/span><\/p>\n\n<\/div><\/div>\n\n<div class=\"gb-grid-wrapper gb-grid-wrapper-9cc6a8a2\">\n<div class=\"gb-grid-column gb-grid-column-0bf86cc2\"><div class=\"gb-container gb-container-0bf86cc2\"><div class=\"gb-inside-container\"><\/div><\/div><\/div>\n\n<div class=\"gb-grid-column gb-grid-column-36469a8e\"><div class=\"gb-container gb-container-36469a8e\"><div class=\"gb-inside-container\"><\/div><\/div><\/div>\n\n<div class=\"gb-grid-column gb-grid-column-b620daec\"><div class=\"gb-container gb-container-b620daec\"><div class=\"gb-inside-container\"><\/div><\/div><\/div>\n\n<div class=\"gb-grid-column gb-grid-column-01f370d2\"><div class=\"gb-container gb-container-01f370d2\"><div class=\"gb-inside-container\"><\/div><\/div><\/div>\n<\/div>\n<\/div><\/div>\n\n<div class=\"gb-container gb-container-e5c8e9ed\"><div class=\"gb-inside-container\">\n\n<h2 class=\"gb-headline gb-headline-527f8d37 gb-headline-text shadow-headline\"><strong>CUSTOMER AND PARTNERS <\/strong><\/h2>\n\n\n\n<p class=\"gb-headline gb-headline-d06d4ee9\"><span class=\"gb-icon\"><svg viewbox=\"0 0 36.7 3\" xmlns=\"http:\/\/www.w3.org\/2000\/svg\"><path d=\"M0 0h36.7v3H0z\"><\/path><\/svg><\/span><span class=\"gb-headline-text\">We have many regular customers, and several boats on long-term contracts. <a href=\"https:\/\/omf-nord.no\/\" target=\"_blank\" rel=\"noreferrer noopener\">Oppl\u00e6ringskontoret for Maritime fag &#8211; Nord<\/a> og <a href=\"https:\/\/www.okfisktroms.no\/\" target=\"_blank\" rel=\"noreferrer noopener\">The training office for Fisheries in Troms<\/a> are our partners for facilitating training for our apprentices.<\/span><\/p>\n\n\n<div class=\"gb-grid-wrapper gb-grid-wrapper-3fda1184\">\n<div class=\"gb-grid-column gb-grid-column-f22b58a4\"><div class=\"gb-container gb-container-f22b58a4\"><div class=\"gb-inside-container\"><\/div><\/div><\/div>\n\n<div class=\"gb-grid-column gb-grid-column-fb26d3a7\"><div class=\"gb-container gb-container-fb26d3a7\"><div class=\"gb-inside-container\"><\/div><\/div><\/div>\n\n<div class=\"gb-grid-column gb-grid-column-bf7a98fd\"><div class=\"gb-container gb-container-bf7a98fd\"><div class=\"gb-inside-container\"><\/div><\/div><\/div>\n\n<div class=\"gb-grid-column gb-grid-column-64700c3f\"><div class=\"gb-container gb-container-64700c3f\"><div class=\"gb-inside-container\"><\/div><\/div><\/div>\n\n<div class=\"gb-grid-column gb-grid-column-273def65\"><div class=\"gb-container gb-container-273def65\"><div class=\"gb-inside-container\"><\/div><\/div><\/div>\n\n<div class=\"gb-grid-column gb-grid-column-7190d4d0\"><div class=\"gb-container gb-container-7190d4d0\">\n<div class=\"gb-container gb-container-a9b8300d\">\n<div class=\"gb-container gb-container-b2e88df5\">\n\n<figure class=\"wp-block-image size-full\"><img decoding=\"async\" width=\"100\" height=\"100\" src=\"http:\/\/fda.no\/wp-content\/uploads\/2023\/10\/Maritim-Opplaering-1.jpg\" alt=\"\" class=\"wp-image-4470\" srcset=\"https:\/\/fda.no\/wp-content\/uploads\/2023\/10\/Maritim-Opplaering-1.jpg 100w, https:\/\/fda.no\/wp-content\/uploads\/2023\/10\/Maritim-Opplaering-1-12x12.jpg 12w\" sizes=\"(max-width: 100px) 100vw, 100px\" \/><\/figure>\n\n<\/div>\n<\/div>\n<\/div><\/div>\n<\/div>\n<\/div><\/div>\n\n\n<p><\/p>","protected":false},"excerpt":{"rendered":"<p>Finnsnes Dykk &amp; Anleggservice AS GOD p\u00e5 overflaten best under vann OM osS Les mer Tjenester For havbruksn\u00e6ringen utf\u00f8rer vi opptak og utsett av fort\u00f8yninger, montering av anlegg og fl\u00e5te, slep, inspeksjoner,og vask av merder og not. Finnsnes Dykk &amp; Anleggservice AS tar ogs\u00e5 oppdrag innenfor bygg og anlegg med eks. montering, legging og senkning &#8230; <a title=\"FINNSNES DYKK &#038; ANLEGGSERVICE AS\" class=\"read-more\" href=\"https:\/\/fda.no\/en\/\" aria-label=\"Read more about FINNSNES DYKK &#038; ANLEGGSERVICE AS\">Read more<\/a><\/p>","protected":false},"author":1,"featured_media":0,"parent":0,"menu_order":0,"comment_status":"closed","ping_status":"closed","template":"","meta":{"inline_featured_image":false,"_monsterinsights_skip_tracking":false,"_monsterinsights_sitenote_active":false,"_monsterinsights_sitenote_note":"","_monsterinsights_sitenote_category":0,"footnotes":""},"class_list":["post-21","page","type-page","status-publish"],"aioseo_notices":[],"_links":{"self":[{"href":"https:\/\/fda.no\/en\/wp-json\/wp\/v2\/pages\/21","targetHints":{"allow":["GET"]}}],"collection":[{"href":"https:\/\/fda.no\/en\/wp-json\/wp\/v2\/pages"}],"about":[{"href":"https:\/\/fda.no\/en\/wp-json\/wp\/v2\/types\/page"}],"author":[{"embeddable":true,"href":"https:\/\/fda.no\/en\/wp-json\/wp\/v2\/users\/1"}],"replies":[{"embeddable":true,"href":"https:\/\/fda.no\/en\/wp-json\/wp\/v2\/comments?post=21"}],"version-history":[{"count":145,"href":"https:\/\/fda.no\/en\/wp-json\/wp\/v2\/pages\/21\/revisions"}],"predecessor-version":[{"id":5186,"href":"https:\/\/fda.no\/en\/wp-json\/wp\/v2\/pages\/21\/revisions\/5186"}],"wp:attachment":[{"href":"https:\/\/fda.no\/en\/wp-json\/wp\/v2\/media?parent=21"}],"curies":[{"name":"wp","href":"https:\/\/api.w.org\/{rel}","templated":true}]}}